{"id":5475,"date":"2025-05-16T06:09:51","date_gmt":"2025-05-16T06:09:51","guid":{"rendered":"https:\/\/sunshinehospitals.co.mz\/?page_id=5475"},"modified":"2025-05-19T05:04:10","modified_gmt":"2025-05-19T05:04:10","slug":"pemba-branch","status":"publish","type":"page","link":"https:\/\/sunshinehospitals.co.mz\/pt\/pemba-branch\/","title":{"rendered":"Filial de Pemba"},"content":{"rendered":"<div data-elementor-type=\"wp-page\" data-elementor-id=\"5475\" data-post-id=\"5475\" data-obj-id=\"5475\" class=\"elementor elementor-5475 dce-elementor-post-5475\">\n\t\t\t\t<div class=\"elementor-element elementor-element-7963a31 e-flex e-con-boxed e-con e-parent\" data-id=\"7963a31\" data-element_type=\"container\" data-settings=\"{&quot;background_background&quot;:&quot;classic&quot;}\">\n\t\t\t\t\t<div class=\"e-con-inner\">\n\t\t\t\t<div class=\"elementor-element elementor-element-92b76e4 elementor-widget elementor-widget-dyncontel-title\" data-id=\"92b76e4\" data-element_type=\"widget\" data-widget_type=\"dyncontel-title.default\">\n\t\t\t\t<div class=\"elementor-widget-container\">\n\t\t\t<h2 class=\"dynamic-content-for-elementor-title\"><span class=\"dce-title\">Filial de Pemba<\/span><\/h2>\t\t<\/div>\n\t\t\t\t<\/div>\n\t\t\t\t<div class=\"elementor-element elementor-element-3358a7b elementor-widget elementor-widget-text-editor\" data-id=\"3358a7b\" data-element_type=\"widget\" data-widget_type=\"text-editor.default\">\n\t\t\t\t<div class=\"elementor-widget-container\">\n\t\t\t\t\t\t\t<p><strong>Sunshine Hospitals<\/strong> abriu uma filial na cidade de <strong>Pemba, Cabo Delgado em Dezembro de 2024<\/strong>. Na prossecu\u00e7\u00e3o da nossa miss\u00e3o e vis\u00e3o de fornecer cuidados de boa qualidade a pre\u00e7os acess\u00edveis em Mo\u00e7ambique, a administra\u00e7\u00e3o decidiu expandir os servi\u00e7os para a Prov\u00edncia de Cabo Delgado.<\/p>\t\t\t\t\t\t<\/div>\n\t\t\t\t<\/div>\n\t\t\t\t\t<\/div>\n\t\t\t\t<\/div>\n\t\t<div class=\"elementor-element elementor-element-0c27c71 e-flex e-con-boxed e-con e-parent\" data-id=\"0c27c71\" data-element_type=\"container\">\n\t\t\t\t\t<div class=\"e-con-inner\">\n\t\t\t\t<div class=\"elementor-element elementor-element-4e8bf59 elementor-widget elementor-widget-heading\" data-id=\"4e8bf59\" data-element_type=\"widget\" data-widget_type=\"heading.default\">\n\t\t\t\t<div class=\"elementor-widget-container\">\n\t\t\t<h2 class=\"elementor-heading-title elementor-size-default\">Consulta<\/h2>\t\t<\/div>\n\t\t\t\t<\/div>\n\t\t<div class=\"elementor-element elementor-element-bb35e5f e-flex e-con-boxed e-con e-child\" data-id=\"bb35e5f\" data-element_type=\"container\">\n\t\t\t\t\t<div class=\"e-con-inner\">\n\t\t<div class=\"elementor-element elementor-element-d854b65 e-flex e-con-boxed e-con e-child\" data-id=\"d854b65\" data-element_type=\"container\">\n\t\t\t\t\t<div class=\"e-con-inner\">\n\t\t\t\t<div class=\"elementor-element elementor-element-a3ff558 elementor-icon-list--layout-traditional elementor-list-item-link-full_width elementor-widget elementor-widget-icon-list\" data-id=\"a3ff558\" data-element_type=\"widget\" data-widget_type=\"icon-list.default\">\n\t\t\t\t<div class=\"elementor-widget-container\">\n\t\t\t\t\t<ul class=\"elementor-icon-list-items\">\n\t\t\t\t\t\t\t<li class=\"elementor-icon-list-item\">\n\t\t\t\t\t\t\t\t\t\t\t<span class=\"elementor-icon-list-icon\">\n\t\t\t\t\t\t\t<i aria-hidden=\"true\" class=\"mdi mdi-check-decagram\"><\/i>\t\t\t\t\t\t<\/span>\n\t\t\t\t\t\t\t\t\t\t<span class=\"elementor-icon-list-text\">Medicina Interna<\/span>\n\t\t\t\t\t\t\t\t\t<\/li>\n\t\t\t\t\t\t\t\t<li class=\"elementor-icon-list-item\">\n\t\t\t\t\t\t\t\t\t\t\t<span class=\"elementor-icon-list-icon\">\n\t\t\t\t\t\t\t<i aria-hidden=\"true\" class=\"mdi mdi-check-decagram\"><\/i>\t\t\t\t\t\t<\/span>\n\t\t\t\t\t\t\t\t\t\t<span class=\"elementor-icon-list-text\">Dermatologia<\/span>\n\t\t\t\t\t\t\t\t\t<\/li>\n\t\t\t\t\t\t\t\t<li class=\"elementor-icon-list-item\">\n\t\t\t\t\t\t\t\t\t\t\t<span class=\"elementor-icon-list-icon\">\n\t\t\t\t\t\t\t<i aria-hidden=\"true\" class=\"mdi mdi-check-decagram\"><\/i>\t\t\t\t\t\t<\/span>\n\t\t\t\t\t\t\t\t\t\t<span class=\"elementor-icon-list-text\">Medicina Dent\u00e1ria<\/span>\n\t\t\t\t\t\t\t\t\t<\/li>\n\t\t\t\t\t\t\t\t<li class=\"elementor-icon-list-item\">\n\t\t\t\t\t\t\t\t\t\t\t<span class=\"elementor-icon-list-icon\">\n\t\t\t\t\t\t\t<i aria-hidden=\"true\" class=\"mdi mdi-check-decagram\"><\/i>\t\t\t\t\t\t<\/span>\n\t\t\t\t\t\t\t\t\t\t<span class=\"elementor-icon-list-text\">Oftalmologia<\/span>\n\t\t\t\t\t\t\t\t\t<\/li>\n\t\t\t\t\t\t\t\t<li class=\"elementor-icon-list-item\">\n\t\t\t\t\t\t\t\t\t\t\t<span class=\"elementor-icon-list-icon\">\n\t\t\t\t\t\t\t<i aria-hidden=\"true\" class=\"mdi mdi-check-decagram\"><\/i>\t\t\t\t\t\t<\/span>\n\t\t\t\t\t\t\t\t\t\t<span class=\"elementor-icon-list-text\">Cardiologia<\/span>\n\t\t\t\t\t\t\t\t\t<\/li>\n\t\t\t\t\t\t\t\t<li class=\"elementor-icon-list-item\">\n\t\t\t\t\t\t\t\t\t\t\t<span class=\"elementor-icon-list-icon\">\n\t\t\t\t\t\t\t<i aria-hidden=\"true\" class=\"mdi mdi-check-decagram\"><\/i>\t\t\t\t\t\t<\/span>\n\t\t\t\t\t\t\t\t\t\t<span class=\"elementor-icon-list-text\">Ortopedia<\/span>\n\t\t\t\t\t\t\t\t\t<\/li>\n\t\t\t\t\t\t\t\t<li class=\"elementor-icon-list-item\">\n\t\t\t\t\t\t\t\t\t\t\t<span class=\"elementor-icon-list-icon\">\n\t\t\t\t\t\t\t<i aria-hidden=\"true\" class=\"mdi mdi-check-decagram\"><\/i>\t\t\t\t\t\t<\/span>\n\t\t\t\t\t\t\t\t\t\t<span class=\"elementor-icon-list-text\">Psicologia<\/span>\n\t\t\t\t\t\t\t\t\t<\/li>\n\t\t\t\t\t\t<\/ul>\n\t\t\t\t<\/div>\n\t\t\t\t<\/div>\n\t\t\t\t\t<\/div>\n\t\t\t\t<\/div>\n\t\t<div class=\"elementor-element elementor-element-7e09560 e-flex e-con-boxed e-con e-child\" data-id=\"7e09560\" data-element_type=\"container\">\n\t\t\t\t\t<div class=\"e-con-inner\">\n\t\t\t\t<div class=\"elementor-element elementor-element-1276639 elementor-icon-list--layout-traditional elementor-list-item-link-full_width elementor-widget elementor-widget-icon-list\" data-id=\"1276639\" data-element_type=\"widget\" data-widget_type=\"icon-list.default\">\n\t\t\t\t<div class=\"elementor-widget-container\">\n\t\t\t\t\t<ul class=\"elementor-icon-list-items\">\n\t\t\t\t\t\t\t<li class=\"elementor-icon-list-item\">\n\t\t\t\t\t\t\t\t\t\t\t<span class=\"elementor-icon-list-icon\">\n\t\t\t\t\t\t\t<i aria-hidden=\"true\" class=\"mdi mdi-check-decagram\"><\/i>\t\t\t\t\t\t<\/span>\n\t\t\t\t\t\t\t\t\t\t<span class=\"elementor-icon-list-text\">Pediatria<\/span>\n\t\t\t\t\t\t\t\t\t<\/li>\n\t\t\t\t\t\t\t\t<li class=\"elementor-icon-list-item\">\n\t\t\t\t\t\t\t\t\t\t\t<span class=\"elementor-icon-list-icon\">\n\t\t\t\t\t\t\t<i aria-hidden=\"true\" class=\"mdi mdi-check-decagram\"><\/i>\t\t\t\t\t\t<\/span>\n\t\t\t\t\t\t\t\t\t\t<span class=\"elementor-icon-list-text\">Cirurgia (Geral e Coloproctologia)<\/span>\n\t\t\t\t\t\t\t\t\t<\/li>\n\t\t\t\t\t\t\t\t<li class=\"elementor-icon-list-item\">\n\t\t\t\t\t\t\t\t\t\t\t<span class=\"elementor-icon-list-icon\">\n\t\t\t\t\t\t\t<i aria-hidden=\"true\" class=\"mdi mdi-check-decagram\"><\/i>\t\t\t\t\t\t<\/span>\n\t\t\t\t\t\t\t\t\t\t<span class=\"elementor-icon-list-text\">Genicologia<\/span>\n\t\t\t\t\t\t\t\t\t<\/li>\n\t\t\t\t\t\t\t\t<li class=\"elementor-icon-list-item\">\n\t\t\t\t\t\t\t\t\t\t\t<span class=\"elementor-icon-list-icon\">\n\t\t\t\t\t\t\t<i aria-hidden=\"true\" class=\"mdi mdi-check-decagram\"><\/i>\t\t\t\t\t\t<\/span>\n\t\t\t\t\t\t\t\t\t\t<span class=\"elementor-icon-list-text\">Obstetr\u00edcia<\/span>\n\t\t\t\t\t\t\t\t\t<\/li>\n\t\t\t\t\t\t\t\t<li class=\"elementor-icon-list-item\">\n\t\t\t\t\t\t\t\t\t\t\t<span class=\"elementor-icon-list-icon\">\n\t\t\t\t\t\t\t<i aria-hidden=\"true\" class=\"mdi mdi-check-decagram\"><\/i>\t\t\t\t\t\t<\/span>\n\t\t\t\t\t\t\t\t\t\t<span class=\"elementor-icon-list-text\">Urologia<\/span>\n\t\t\t\t\t\t\t\t\t<\/li>\n\t\t\t\t\t\t\t\t<li class=\"elementor-icon-list-item\">\n\t\t\t\t\t\t\t\t\t\t\t<span class=\"elementor-icon-list-icon\">\n\t\t\t\t\t\t\t<i aria-hidden=\"true\" class=\"mdi mdi-check-decagram\"><\/i>\t\t\t\t\t\t<\/span>\n\t\t\t\t\t\t\t\t\t\t<span class=\"elementor-icon-list-text\">Otorrinolaringologia<\/span>\n\t\t\t\t\t\t\t\t\t<\/li>\n\t\t\t\t\t\t<\/ul>\n\t\t\t\t<\/div>\n\t\t\t\t<\/div>\n\t\t\t\t\t<\/div>\n\t\t\t\t<\/div>\n\t\t\t\t\t<\/div>\n\t\t\t\t<\/div>\n\t\t\t\t\t<\/div>\n\t\t\t\t<\/div>\n\t\t<div class=\"elementor-element elementor-element-e2c3c32 e-flex e-con-boxed e-con e-parent\" data-id=\"e2c3c32\" data-element_type=\"container\">\n\t\t\t\t\t<div class=\"e-con-inner\">\n\t\t\t\t<div class=\"elementor-element elementor-element-fe113f7 elementor-widget elementor-widget-heading\" data-id=\"fe113f7\" data-element_type=\"widget\" data-widget_type=\"heading.default\">\n\t\t\t\t<div class=\"elementor-widget-container\">\n\t\t\t<h2 class=\"elementor-heading-title elementor-size-default\">Outros Servi\u00e7os<\/h2>\t\t<\/div>\n\t\t\t\t<\/div>\n\t\t<div class=\"elementor-element elementor-element-bd817e1 e-con-full e-flex e-con e-child\" data-id=\"bd817e1\" data-element_type=\"container\">\n\t\t<div class=\"elementor-element elementor-element-74da190 e-flex e-con-boxed e-con e-child\" data-id=\"74da190\" data-element_type=\"container\">\n\t\t\t\t\t<div class=\"e-con-inner\">\n\t\t\t\t<div class=\"elementor-element elementor-element-be0376d elementor-align-left elementor-icon-list--layout-traditional elementor-list-item-link-full_width elementor-widget elementor-widget-icon-list\" data-id=\"be0376d\" data-element_type=\"widget\" data-widget_type=\"icon-list.default\">\n\t\t\t\t<div class=\"elementor-widget-container\">\n\t\t\t\t\t<ul class=\"elementor-icon-list-items\">\n\t\t\t\t\t\t\t<li class=\"elementor-icon-list-item\">\n\t\t\t\t\t\t\t\t\t\t\t<span class=\"elementor-icon-list-icon\">\n\t\t\t\t\t\t\t<i aria-hidden=\"true\" class=\"mdi mdi-check-decagram\"><\/i>\t\t\t\t\t\t<\/span>\n\t\t\t\t\t\t\t\t\t\t<span class=\"elementor-icon-list-text\">Laborat\u00f3rio<\/span>\n\t\t\t\t\t\t\t\t\t<\/li>\n\t\t\t\t\t\t\t\t<li class=\"elementor-icon-list-item\">\n\t\t\t\t\t\t\t\t\t\t\t<span class=\"elementor-icon-list-icon\">\n\t\t\t\t\t\t\t<i aria-hidden=\"true\" class=\"mdi mdi-check-decagram\"><\/i>\t\t\t\t\t\t<\/span>\n\t\t\t\t\t\t\t\t\t\t<span class=\"elementor-icon-list-text\">Radiologia (Tecnologia Digital Moderna)<\/span>\n\t\t\t\t\t\t\t\t\t<\/li>\n\t\t\t\t\t\t\t\t<li class=\"elementor-icon-list-item\">\n\t\t\t\t\t\t\t\t\t\t\t<span class=\"elementor-icon-list-icon\">\n\t\t\t\t\t\t\t<i aria-hidden=\"true\" class=\"mdi mdi-check-decagram\"><\/i>\t\t\t\t\t\t<\/span>\n\t\t\t\t\t\t\t\t\t\t<span class=\"elementor-icon-list-text\">Ultrassom e CTG<\/span>\n\t\t\t\t\t\t\t\t\t<\/li>\n\t\t\t\t\t\t\t\t<li class=\"elementor-icon-list-item\">\n\t\t\t\t\t\t\t\t\t\t\t<span class=\"elementor-icon-list-icon\">\n\t\t\t\t\t\t\t<i aria-hidden=\"true\" class=\"mdi mdi-check-decagram\"><\/i>\t\t\t\t\t\t<\/span>\n\t\t\t\t\t\t\t\t\t\t<span class=\"elementor-icon-list-text\">Teste de stress<\/span>\n\t\t\t\t\t\t\t\t\t<\/li>\n\t\t\t\t\t\t\t\t<li class=\"elementor-icon-list-item\">\n\t\t\t\t\t\t\t\t\t\t\t<span class=\"elementor-icon-list-icon\">\n\t\t\t\t\t\t\t<i aria-hidden=\"true\" class=\"mdi mdi-check-decagram\"><\/i>\t\t\t\t\t\t<\/span>\n\t\t\t\t\t\t\t\t\t\t<span class=\"elementor-icon-list-text\">Eletrocardiograma<\/span>\n\t\t\t\t\t\t\t\t\t<\/li>\n\t\t\t\t\t\t\t\t<li class=\"elementor-icon-list-item\">\n\t\t\t\t\t\t\t\t\t\t\t<span class=\"elementor-icon-list-icon\">\n\t\t\t\t\t\t\t<i aria-hidden=\"true\" class=\"mdi mdi-check-decagram\"><\/i>\t\t\t\t\t\t<\/span>\n\t\t\t\t\t\t\t\t\t\t<span class=\"elementor-icon-list-text\">Audiometria<\/span>\n\t\t\t\t\t\t\t\t\t<\/li>\n\t\t\t\t\t\t\t\t<li class=\"elementor-icon-list-item\">\n\t\t\t\t\t\t\t\t\t\t\t<span class=\"elementor-icon-list-icon\">\n\t\t\t\t\t\t\t<i aria-hidden=\"true\" class=\"mdi mdi-check-decagram\"><\/i>\t\t\t\t\t\t<\/span>\n\t\t\t\t\t\t\t\t\t\t<span class=\"elementor-icon-list-text\">Servi\u00e7os de ambul\u00e2ncia<\/span>\n\t\t\t\t\t\t\t\t\t<\/li>\n\t\t\t\t\t\t<\/ul>\n\t\t\t\t<\/div>\n\t\t\t\t<\/div>\n\t\t\t\t\t<\/div>\n\t\t\t\t<\/div>\n\t\t<div class=\"elementor-element elementor-element-944ccfe e-flex e-con-boxed e-con e-child\" data-id=\"944ccfe\" data-element_type=\"container\">\n\t\t\t\t\t<div class=\"e-con-inner\">\n\t\t\t\t<div class=\"elementor-element elementor-element-e0e72cc elementor-icon-list--layout-traditional elementor-list-item-link-full_width elementor-widget elementor-widget-icon-list\" data-id=\"e0e72cc\" data-element_type=\"widget\" data-widget_type=\"icon-list.default\">\n\t\t\t\t<div class=\"elementor-widget-container\">\n\t\t\t\t\t<ul class=\"elementor-icon-list-items\">\n\t\t\t\t\t\t\t<li class=\"elementor-icon-list-item\">\n\t\t\t\t\t\t\t\t\t\t\t<span class=\"elementor-icon-list-icon\">\n\t\t\t\t\t\t\t<i aria-hidden=\"true\" class=\"mdi mdi-check-decagram\"><\/i>\t\t\t\t\t\t<\/span>\n\t\t\t\t\t\t\t\t\t\t<span class=\"elementor-icon-list-text\">Espirometria (teste de capacidade da fun\u00e7\u00e3o pulmonar)<\/span>\n\t\t\t\t\t\t\t\t\t<\/li>\n\t\t\t\t\t\t\t\t<li class=\"elementor-icon-list-item\">\n\t\t\t\t\t\t\t\t\t\t\t<span class=\"elementor-icon-list-icon\">\n\t\t\t\t\t\t\t<i aria-hidden=\"true\" class=\"mdi mdi-check-decagram\"><\/i>\t\t\t\t\t\t<\/span>\n\t\t\t\t\t\t\t\t\t\t<span class=\"elementor-icon-list-text\">Check-up de sa\u00fade ocupacional<\/span>\n\t\t\t\t\t\t\t\t\t<\/li>\n\t\t\t\t\t\t\t\t<li class=\"elementor-icon-list-item\">\n\t\t\t\t\t\t\t\t\t\t\t<span class=\"elementor-icon-list-icon\">\n\t\t\t\t\t\t\t<i aria-hidden=\"true\" class=\"mdi mdi-check-decagram\"><\/i>\t\t\t\t\t\t<\/span>\n\t\t\t\t\t\t\t\t\t\t<span class=\"elementor-icon-list-text\">Creche<\/span>\n\t\t\t\t\t\t\t\t\t<\/li>\n\t\t\t\t\t\t\t\t<li class=\"elementor-icon-list-item\">\n\t\t\t\t\t\t\t\t\t\t\t<span class=\"elementor-icon-list-icon\">\n\t\t\t\t\t\t\t<i aria-hidden=\"true\" class=\"mdi mdi-check-decagram\"><\/i>\t\t\t\t\t\t<\/span>\n\t\t\t\t\t\t\t\t\t\t<span class=\"elementor-icon-list-text\">Sala de Procedimentos<\/span>\n\t\t\t\t\t\t\t\t\t<\/li>\n\t\t\t\t\t\t\t\t<li class=\"elementor-icon-list-item\">\n\t\t\t\t\t\t\t\t\t\t\t<span class=\"elementor-icon-list-icon\">\n\t\t\t\t\t\t\t<i aria-hidden=\"true\" class=\"mdi mdi-check-decagram\"><\/i>\t\t\t\t\t\t<\/span>\n\t\t\t\t\t\t\t\t\t\t<span class=\"elementor-icon-list-text\">Servi\u00e7o de Oxigenoterapia por Nebuliza\u00e7\u00e3o<\/span>\n\t\t\t\t\t\t\t\t\t<\/li>\n\t\t\t\t\t\t\t\t<li class=\"elementor-icon-list-item\">\n\t\t\t\t\t\t\t\t\t\t\t<span class=\"elementor-icon-list-icon\">\n\t\t\t\t\t\t\t<i aria-hidden=\"true\" class=\"mdi mdi-check-decagram\"><\/i>\t\t\t\t\t\t<\/span>\n\t\t\t\t\t\t\t\t\t\t<span class=\"elementor-icon-list-text\">Servi\u00e7os de endoscopia (em breve)<\/span>\n\t\t\t\t\t\t\t\t\t<\/li>\n\t\t\t\t\t\t<\/ul>\n\t\t\t\t<\/div>\n\t\t\t\t<\/div>\n\t\t\t\t\t<\/div>\n\t\t\t\t<\/div>\n\t\t\t\t<\/div>\n\t\t\t\t\t<\/div>\n\t\t\t\t<\/div>\n\t\t<div class=\"elementor-element elementor-element-1b63b8b8 e-flex e-con-boxed e-con e-parent\" data-id=\"1b63b8b8\" data-element_type=\"container\" data-settings=\"{&quot;background_background&quot;:&quot;classic&quot;}\">\n\t\t\t\t\t<div class=\"e-con-inner\">\n\t\t\t\t<div class=\"elementor-element elementor-element-107d9b31 elementor-widget elementor-widget-heading\" data-id=\"107d9b31\" data-element_type=\"widget\" data-widget_type=\"heading.default\">\n\t\t\t\t<div class=\"elementor-widget-container\">\n\t\t\t<h2 class=\"elementor-heading-title elementor-size-large\">Contacte-nos<\/h2>\t\t<\/div>\n\t\t\t\t<\/div>\n\t\t<div class=\"elementor-element elementor-element-1512096a e-flex e-con-boxed e-con e-child\" data-id=\"1512096a\" data-element_type=\"container\">\n\t\t\t\t\t<div class=\"e-con-inner\">\n\t\t<div class=\"elementor-element elementor-element-fb0a088 e-flex e-con-boxed e-con e-child\" data-id=\"fb0a088\" data-element_type=\"container\">\n\t\t\t\t\t<div class=\"e-con-inner\">\n\t\t\t\t<div class=\"elementor-element elementor-element-3692d931 elementor-align-center elementor-widget elementor-widget-button\" data-id=\"3692d931\" data-element_type=\"widget\" data-widget_type=\"button.default\">\n\t\t\t\t<div class=\"elementor-widget-container\">\n\t\t\t\t\t\t\t<div class=\"elementor-button-wrapper\">\n\t\t\t\t\t<a class=\"elementor-button elementor-button-link elementor-size-sm\" href=\"https:\/\/sunshinehospitals.co.mz\/book-an-appointment\/\">\n\t\t\t\t\t\t<span class=\"elementor-button-content-wrapper\">\n\t\t\t\t\t\t\t\t\t<span class=\"elementor-button-text\">Marque uma consulta<\/span>\n\t\t\t\t\t<\/span>\n\t\t\t\t\t<\/a>\n\t\t\t\t<\/div>\n\t\t\t\t\t\t<\/div>\n\t\t\t\t<\/div>\n\t\t\t\t\t<\/div>\n\t\t\t\t<\/div>\n\t\t<div class=\"elementor-element elementor-element-4ebe6f70 e-flex e-con-boxed e-con e-child\" data-id=\"4ebe6f70\" data-element_type=\"container\">\n\t\t\t\t\t<div class=\"e-con-inner\">\n\t\t\t\t<div class=\"elementor-element elementor-element-78536ca3 elementor-align-center elementor-widget elementor-widget-button\" data-id=\"78536ca3\" data-element_type=\"widget\" data-widget_type=\"button.default\">\n\t\t\t\t<div class=\"elementor-widget-container\">\n\t\t\t\t\t\t\t<div class=\"elementor-button-wrapper\">\n\t\t\t\t\t<a class=\"elementor-button elementor-button-link elementor-size-sm\" href=\"https:\/\/sunshinehospitals.co.mz\/contact-us\/\">\n\t\t\t\t\t\t<span class=\"elementor-button-content-wrapper\">\n\t\t\t\t\t\t\t\t\t<span class=\"elementor-button-text\">Fa\u00e7a um pedido<\/span>\n\t\t\t\t\t<\/span>\n\t\t\t\t\t<\/a>\n\t\t\t\t<\/div>\n\t\t\t\t\t\t<\/div>\n\t\t\t\t<\/div>\n\t\t\t\t\t<\/div>\n\t\t\t\t<\/div>\n\t\t\t\t\t<\/div>\n\t\t\t\t<\/div>\n\t\t\t\t\t<\/div>\n\t\t\t\t<\/div>\n\t\t\t\t<\/div>","protected":false},"excerpt":{"rendered":"<p>Filial de Pemba O Sunshine Hospitals abriu uma filial na cidade de Pemba, Cabo Delgado, em dezembro de 2024. Seguindo nossa miss\u00e3o e vis\u00e3o de fornecer cuidados de alta qualidade a pre\u00e7os acess\u00edveis em Mo\u00e7ambique, a administra\u00e7\u00e3o decidiu expandir os servi\u00e7os para a prov\u00edncia de Cabo Delgado. Consultas Cl\u00ednicas Dermatologia Oftalmologia Cardiologia Ortopedia [\u2026]<\/p>","protected":false},"author":1,"featured_media":0,"parent":0,"menu_order":0,"comment_status":"closed","ping_status":"closed","template":"","meta":{"footnotes":""},"class_list":["post-5475","page","type-page","status-publish","hentry"],"yoast_head":"<!-- This site is optimized with the Yoast SEO plugin v26.3 - https:\/\/yoast.com\/wordpress\/plugins\/seo\/ -->\n<title>Pemba Branch - Sunshine Hospitals<\/title>\n<meta name=\"robots\" content=\"index, follow, max-snippet:-1, max-image-preview:large, max-video-preview:-1\" \/>\n<link rel=\"canonical\" href=\"https:\/\/sunshinehospitals.co.mz\/pt\/pemba-branch\/\" \/>\n<meta property=\"og:locale\" content=\"pt_PT\" \/>\n<meta property=\"og:type\" content=\"article\" \/>\n<meta property=\"og:title\" content=\"Pemba Branch - Sunshine Hospitals\" \/>\n<meta property=\"og:description\" content=\"Pemba Branch Sunshine Hospitals opened a branch in the City of Pemba, Cabo Delgado in December 2024. In pursuing our mission and vision of providing good quality care at affordable price in Mozambique, management has decided to expand the services to the Province of Cabo Delgado. Consultation Internal Medicine Dermatology Dental Medicine Ophthalmology Cardiology Orthopedics [&hellip;]\" \/>\n<meta property=\"og:url\" content=\"https:\/\/sunshinehospitals.co.mz\/pt\/pemba-branch\/\" \/>\n<meta property=\"og:site_name\" content=\"Sunshine Hospitals\" \/>\n<meta property=\"article:publisher\" content=\"https:\/\/www.facebook.com\/893375397373189?ref=embed_page\" \/>\n<meta property=\"article:modified_time\" content=\"2025-05-19T05:04:10+00:00\" \/>\n<meta property=\"og:image\" content=\"https:\/\/sunshinehospitals.co.mz\/wp-content\/uploads\/2024\/03\/SUNSHINE-HOSPITALS-FRONT.jpg\" \/>\n\t<meta property=\"og:image:width\" content=\"2360\" \/>\n\t<meta property=\"og:image:height\" content=\"1580\" \/>\n\t<meta property=\"og:image:type\" content=\"image\/jpeg\" \/>\n<meta name=\"twitter:card\" content=\"summary_large_image\" \/>\n<meta name=\"twitter:label1\" content=\"Tempo estimado de leitura\" \/>\n\t<meta name=\"twitter:data1\" content=\"1 minuto\" \/>\n<script type=\"application\/ld+json\" class=\"yoast-schema-graph\">{\"@context\":\"https:\/\/schema.org\",\"@graph\":[{\"@type\":\"WebPage\",\"@id\":\"https:\/\/sunshinehospitals.co.mz\/pemba-branch\/\",\"url\":\"https:\/\/sunshinehospitals.co.mz\/pemba-branch\/\",\"name\":\"Pemba Branch - Sunshine Hospitals\",\"isPartOf\":{\"@id\":\"https:\/\/sunshinehospitals.co.mz\/#website\"},\"datePublished\":\"2025-05-16T06:09:51+00:00\",\"dateModified\":\"2025-05-19T05:04:10+00:00\",\"breadcrumb\":{\"@id\":\"https:\/\/sunshinehospitals.co.mz\/pemba-branch\/#breadcrumb\"},\"inLanguage\":\"pt-PT\",\"potentialAction\":[{\"@type\":\"ReadAction\",\"target\":[\"https:\/\/sunshinehospitals.co.mz\/pemba-branch\/\"]}]},{\"@type\":\"BreadcrumbList\",\"@id\":\"https:\/\/sunshinehospitals.co.mz\/pemba-branch\/#breadcrumb\",\"itemListElement\":[{\"@type\":\"ListItem\",\"position\":1,\"name\":\"Home\",\"item\":\"https:\/\/sunshinehospitals.co.mz\/\"},{\"@type\":\"ListItem\",\"position\":2,\"name\":\"Pemba Branch\"}]},{\"@type\":\"WebSite\",\"@id\":\"https:\/\/sunshinehospitals.co.mz\/#website\",\"url\":\"https:\/\/sunshinehospitals.co.mz\/\",\"name\":\"Sunshine Hospitals\",\"description\":\"Best HealthCare Hospital Services in Matola, Mozambique - Sunshine Hospitals | Maputo Central Hospital | Multi-Specialty Hospital in Matola, Mozambique\",\"publisher\":{\"@id\":\"https:\/\/sunshinehospitals.co.mz\/#organization\"},\"potentialAction\":[{\"@type\":\"SearchAction\",\"target\":{\"@type\":\"EntryPoint\",\"urlTemplate\":\"https:\/\/sunshinehospitals.co.mz\/?s={search_term_string}\"},\"query-input\":{\"@type\":\"PropertyValueSpecification\",\"valueRequired\":true,\"valueName\":\"search_term_string\"}}],\"inLanguage\":\"pt-PT\"},{\"@type\":\"Organization\",\"@id\":\"https:\/\/sunshinehospitals.co.mz\/#organization\",\"name\":\"Sunshine Hospitals\",\"url\":\"https:\/\/sunshinehospitals.co.mz\/\",\"logo\":{\"@type\":\"ImageObject\",\"inLanguage\":\"pt-PT\",\"@id\":\"https:\/\/sunshinehospitals.co.mz\/#\/schema\/logo\/image\/\",\"url\":\"https:\/\/sunshinehospitals.co.mz\/wp-content\/uploads\/2024\/01\/SUNSHINE-HOSPITALS-LOGO-e1708194969685.png\",\"contentUrl\":\"https:\/\/sunshinehospitals.co.mz\/wp-content\/uploads\/2024\/01\/SUNSHINE-HOSPITALS-LOGO-e1708194969685.png\",\"width\":500,\"height\":58,\"caption\":\"Sunshine Hospitals\"},\"image\":{\"@id\":\"https:\/\/sunshinehospitals.co.mz\/#\/schema\/logo\/image\/\"},\"sameAs\":[\"https:\/\/www.facebook.com\/893375397373189?ref=embed_page\",\"https:\/\/www.instagram.com\/sunshine_hospitals\/\"]}]}<\/script>\n<!-- \/ Yoast SEO plugin. -->","yoast_head_json":{"title":"Filial de Pemba - Hospitais Sunshine","robots":{"index":"index","follow":"follow","max-snippet":"max-snippet:-1","max-image-preview":"max-image-preview:large","max-video-preview":"max-video-preview:-1"},"canonical":"https:\/\/sunshinehospitals.co.mz\/pt\/pemba-branch\/","og_locale":"pt_PT","og_type":"article","og_title":"Pemba Branch - Sunshine Hospitals","og_description":"Pemba Branch Sunshine Hospitals opened a branch in the City of Pemba, Cabo Delgado in December 2024. In pursuing our mission and vision of providing good quality care at affordable price in Mozambique, management has decided to expand the services to the Province of Cabo Delgado. Consultation Internal Medicine Dermatology Dental Medicine Ophthalmology Cardiology Orthopedics [&hellip;]","og_url":"https:\/\/sunshinehospitals.co.mz\/pt\/pemba-branch\/","og_site_name":"Sunshine Hospitals","article_publisher":"https:\/\/www.facebook.com\/893375397373189?ref=embed_page","article_modified_time":"2025-05-19T05:04:10+00:00","og_image":[{"width":2360,"height":1580,"url":"https:\/\/sunshinehospitals.co.mz\/wp-content\/uploads\/2024\/03\/SUNSHINE-HOSPITALS-FRONT.jpg","type":"image\/jpeg"}],"twitter_card":"summary_large_image","twitter_misc":{"Tempo estimado de leitura":"1 minuto"},"schema":{"@context":"https:\/\/schema.org","@graph":[{"@type":"WebPage","@id":"https:\/\/sunshinehospitals.co.mz\/pemba-branch\/","url":"https:\/\/sunshinehospitals.co.mz\/pemba-branch\/","name":"Filial de Pemba - Hospitais Sunshine","isPartOf":{"@id":"https:\/\/sunshinehospitals.co.mz\/#website"},"datePublished":"2025-05-16T06:09:51+00:00","dateModified":"2025-05-19T05:04:10+00:00","breadcrumb":{"@id":"https:\/\/sunshinehospitals.co.mz\/pemba-branch\/#breadcrumb"},"inLanguage":"pt-PT","potentialAction":[{"@type":"ReadAction","target":["https:\/\/sunshinehospitals.co.mz\/pemba-branch\/"]}]},{"@type":"BreadcrumbList","@id":"https:\/\/sunshinehospitals.co.mz\/pemba-branch\/#breadcrumb","itemListElement":[{"@type":"ListItem","position":1,"name":"Home","item":"https:\/\/sunshinehospitals.co.mz\/"},{"@type":"ListItem","position":2,"name":"Pemba Branch"}]},{"@type":"WebSite","@id":"https:\/\/sunshinehospitals.co.mz\/#website","url":"https:\/\/sunshinehospitals.co.mz\/","name":"Sunshine Hospitals","description":"Melhores Servi\u00e7os Hospitalares de Sa\u00fade em Matola, Mo\u00e7ambique - Sunshine Hospitals | Hospital Central de Maputo | Hospital Multi-Especialidades em Matola, Mo\u00e7ambique","publisher":{"@id":"https:\/\/sunshinehospitals.co.mz\/#organization"},"potentialAction":[{"@type":"SearchAction","target":{"@type":"EntryPoint","urlTemplate":"https:\/\/sunshinehospitals.co.mz\/?s={search_term_string}"},"query-input":{"@type":"PropertyValueSpecification","valueRequired":true,"valueName":"search_term_string"}}],"inLanguage":"pt-PT"},{"@type":"Organization","@id":"https:\/\/sunshinehospitals.co.mz\/#organization","name":"Sunshine Hospitals","url":"https:\/\/sunshinehospitals.co.mz\/","logo":{"@type":"ImageObject","inLanguage":"pt-PT","@id":"https:\/\/sunshinehospitals.co.mz\/#\/schema\/logo\/image\/","url":"https:\/\/sunshinehospitals.co.mz\/wp-content\/uploads\/2024\/01\/SUNSHINE-HOSPITALS-LOGO-e1708194969685.png","contentUrl":"https:\/\/sunshinehospitals.co.mz\/wp-content\/uploads\/2024\/01\/SUNSHINE-HOSPITALS-LOGO-e1708194969685.png","width":500,"height":58,"caption":"Sunshine Hospitals"},"image":{"@id":"https:\/\/sunshinehospitals.co.mz\/#\/schema\/logo\/image\/"},"sameAs":["https:\/\/www.facebook.com\/893375397373189?ref=embed_page","https:\/\/www.instagram.com\/sunshine_hospitals\/"]}]}},"_links":{"self":[{"href":"https:\/\/sunshinehospitals.co.mz\/pt\/wp-json\/wp\/v2\/pages\/5475","targetHints":{"allow":["GET"]}}],"collection":[{"href":"https:\/\/sunshinehospitals.co.mz\/pt\/wp-json\/wp\/v2\/pages"}],"about":[{"href":"https:\/\/sunshinehospitals.co.mz\/pt\/wp-json\/wp\/v2\/types\/page"}],"author":[{"embeddable":true,"href":"https:\/\/sunshinehospitals.co.mz\/pt\/wp-json\/wp\/v2\/users\/1"}],"replies":[{"embeddable":true,"href":"https:\/\/sunshinehospitals.co.mz\/pt\/wp-json\/wp\/v2\/comments?post=5475"}],"version-history":[{"count":0,"href":"https:\/\/sunshinehospitals.co.mz\/pt\/wp-json\/wp\/v2\/pages\/5475\/revisions"}],"wp:attachment":[{"href":"https:\/\/sunshinehospitals.co.mz\/pt\/wp-json\/wp\/v2\/media?parent=5475"}],"curies":[{"name":"wp","href":"https:\/\/api.w.org\/{rel}","templated":true}]}}