{"id":4180,"date":"2024-03-13T14:49:42","date_gmt":"2024-03-13T14:49:42","guid":{"rendered":"https:\/\/sunshinehospitals.co.mz\/?page_id=4180"},"modified":"2024-05-23T11:20:25","modified_gmt":"2024-05-23T11:20:25","slug":"gastroenterologist","status":"publish","type":"page","link":"https:\/\/sunshinehospitals.co.mz\/pt\/specialities\/gastroenterologist\/","title":{"rendered":"Gastroenterologia"},"content":{"rendered":"<div data-elementor-type=\"wp-page\" data-elementor-id=\"4180\" data-post-id=\"4180\" data-obj-id=\"4180\" class=\"elementor elementor-4180 dce-elementor-post-4180\">\n\t\t\t\t<div class=\"elementor-element elementor-element-5fba60c e-flex e-con-boxed e-con e-parent\" data-id=\"5fba60c\" data-element_type=\"container\" data-settings=\"{&quot;background_background&quot;:&quot;classic&quot;}\">\n\t\t\t\t\t<div class=\"e-con-inner\">\n\t\t\t\t<div class=\"elementor-element elementor-element-14bc0b1 ee-breadcrumbs-align-left elementor-widget elementor-widget-ee-breadcrumbs\" data-id=\"14bc0b1\" data-element_type=\"widget\" data-widget_type=\"ee-breadcrumbs.default\">\n\t\t\t\t<div class=\"elementor-widget-container\">\n\t\t\t<ul class=\"ee-breadcrumbs\"><\/ul>\t\t<\/div>\n\t\t\t\t<\/div>\n\t\t\t\t\t<\/div>\n\t\t\t\t<\/div>\n\t\t<div class=\"elementor-element elementor-element-f0b96a9 e-flex e-con-boxed e-con e-parent\" data-id=\"f0b96a9\" data-element_type=\"container\" data-settings=\"{&quot;background_background&quot;:&quot;classic&quot;}\">\n\t\t\t\t\t<div class=\"e-con-inner\">\n\t\t\t\t<div class=\"elementor-element elementor-element-a0f3d37 elementor-widget elementor-widget-dyncontel-title\" data-id=\"a0f3d37\" data-element_type=\"widget\" data-widget_type=\"dyncontel-title.default\">\n\t\t\t\t<div class=\"elementor-widget-container\">\n\t\t\t<h2 class=\"dynamic-content-for-elementor-title\"><a href=\"https:\/\/sunshinehospitals.co.mz\/pt\/specialities\/gastroenterologist\/\"><span class=\"dce-title\">Gastroenterologia<\/span><\/a><\/h2>\t\t<\/div>\n\t\t\t\t<\/div>\n\t\t\t\t\t<\/div>\n\t\t\t\t<\/div>\n\t\t<div class=\"elementor-element elementor-element-a108dfc single-details-page-sec e-flex e-con-boxed e-con e-parent\" data-id=\"a108dfc\" data-element_type=\"container\">\n\t\t\t\t\t<div class=\"e-con-inner\">\n\t\t<div class=\"elementor-element elementor-element-87c9d52 e-flex e-con-boxed e-con e-child\" data-id=\"87c9d52\" data-element_type=\"container\" data-settings=\"{&quot;background_background&quot;:&quot;classic&quot;}\">\n\t\t\t\t\t<div class=\"e-con-inner\">\n\t\t\t\t<div class=\"elementor-element elementor-element-b5e90b2 eael-dual-header-content-align-center elementor-widget elementor-widget-eael-dual-color-header\" data-id=\"b5e90b2\" data-element_type=\"widget\" data-widget_type=\"eael-dual-color-header.default\">\n\t\t\t\t<div class=\"elementor-widget-container\">\n\t\t\t\t\t\t<div class=\"eael-dual-header\">\n\t\t\t\t<h3 class=\"title eael-dch-title\"><span class=\"eael-dch-title-text eael-dch-title-lead lead solid-color\">Sobre o <\/span> <span class=\"eael-dch-title-text\">Gastroenterologia<\/span><\/h3>\t\t\t<\/div>\n\n\t\t\t\t<\/div>\n\t\t\t\t<\/div>\n\t\t\t\t<div class=\"elementor-element elementor-element-79cca69 elementor-widget elementor-widget-text-editor\" data-id=\"79cca69\" data-element_type=\"widget\" data-widget_type=\"text-editor.default\">\n\t\t\t\t<div class=\"elementor-widget-container\">\n\t\t\t\t\t\t\t<p>O Sunshine Hospitals \u00e9 conhecido por seus servi\u00e7os abrangentes de gastroenterologia, oferecendo uma ampla gama de especialidades para tratar diversos dist\u00farbios do sistema digestivo. Nossa equipe de gastroenterologistas experientes, apoiada por instala\u00e7\u00f5es de \u00faltima gera\u00e7\u00e3o e tecnologias avan\u00e7adas, garante atendimento personalizado e eficaz aos pacientes.<\/p>\t\t\t\t\t\t<\/div>\n\t\t\t\t<\/div>\n\t\t\t\t\t<\/div>\n\t\t\t\t<\/div>\n\t\t<div class=\"elementor-element elementor-element-55f1834 e-flex e-con-boxed e-con e-child\" data-id=\"55f1834\" data-element_type=\"container\">\n\t\t\t\t\t<div class=\"e-con-inner\">\n\t\t<div class=\"elementor-element elementor-element-8a464f9 e-flex e-con-boxed e-con e-child\" data-id=\"8a464f9\" data-element_type=\"container\">\n\t\t\t\t\t<div class=\"e-con-inner\">\n\t\t\t\t<div class=\"elementor-element elementor-element-1968bf8 dce_masking-none elementor-widget elementor-widget-image\" data-id=\"1968bf8\" data-element_type=\"widget\" data-widget_type=\"image.default\">\n\t\t\t\t<div class=\"elementor-widget-container\">\n\t\t\t\t\t\t\t\t\t\t\t\t\t<img fetchpriority=\"high\" decoding=\"async\" width=\"800\" height=\"450\" src=\"https:\/\/sunshinehospitals.co.mz\/wp-content\/uploads\/2024\/03\/Gastroenterologist.jpg\" class=\"attachment-full size-full wp-image-3982\" alt=\"\" srcset=\"https:\/\/sunshinehospitals.co.mz\/wp-content\/uploads\/2024\/03\/Gastroenterologist.jpg 800w, https:\/\/sunshinehospitals.co.mz\/wp-content\/uploads\/2024\/03\/Gastroenterologist-300x169.jpg 300w, https:\/\/sunshinehospitals.co.mz\/wp-content\/uploads\/2024\/03\/Gastroenterologist-768x432.jpg 768w\" sizes=\"(max-width: 800px) 100vw, 800px\" \/>\t\t\t\t\t\t\t\t\t\t\t\t\t<\/div>\n\t\t\t\t<\/div>\n\t\t\t\t\t<\/div>\n\t\t\t\t<\/div>\n\t\t<div class=\"elementor-element elementor-element-73882bc e-flex e-con-boxed e-con e-child\" data-id=\"73882bc\" data-element_type=\"container\">\n\t\t\t\t\t<div class=\"e-con-inner\">\n\t\t\t\t<div class=\"elementor-element elementor-element-383122a elementor-widget elementor-widget-text-editor\" data-id=\"383122a\" data-element_type=\"widget\" data-widget_type=\"text-editor.default\">\n\t\t\t\t<div class=\"elementor-widget-container\">\n\t\t\t\t\t\t\t<ul><li><strong>Gastroenterologia Geral:<\/strong> Nosso departamento de gastroenterologia geral cobre um amplo espectro de dist\u00farbios digestivos, incluindo refluxo \u00e1cido, gastrite, s\u00edndrome do intestino irrit\u00e1vel (SII) e \u00falceras p\u00e9pticas. Enfatizamos o diagn\u00f3stico precoce, o manejo proativo e a educa\u00e7\u00e3o do paciente para promover a sa\u00fade digestiva.<\/li><li><strong>Hepatologia:<\/strong> Nossos especialistas em hepatologia concentram-se no diagn\u00f3stico e tratamento de doen\u00e7as hep\u00e1ticas, incluindo hepatite, cirrose, doen\u00e7a hep\u00e1tica gordurosa e c\u00e2ncer de f\u00edgado. Oferecemos t\u00e9cnicas avan\u00e7adas de imagem, testes de fun\u00e7\u00e3o hep\u00e1tica e procedimentos de bi\u00f3psia hep\u00e1tica para fornecer avalia\u00e7\u00f5es precisas e planos de tratamento personalizados.<\/li><\/ul>\t\t\t\t\t\t<\/div>\n\t\t\t\t<\/div>\n\t\t\t\t\t<\/div>\n\t\t\t\t<\/div>\n\t\t\t\t\t<\/div>\n\t\t\t\t<\/div>\n\t\t<div class=\"elementor-element elementor-element-84003a6 e-flex e-con-boxed e-con e-child\" data-id=\"84003a6\" data-element_type=\"container\">\n\t\t\t\t\t<div class=\"e-con-inner\">\n\t\t<div class=\"elementor-element elementor-element-a15dec1 e-flex e-con-boxed e-con e-child\" data-id=\"a15dec1\" data-element_type=\"container\">\n\t\t\t\t\t<div class=\"e-con-inner\">\n\t\t\t\t<div class=\"elementor-element elementor-element-5551728 dce_masking-none elementor-widget elementor-widget-image\" data-id=\"5551728\" data-element_type=\"widget\" data-widget_type=\"image.default\">\n\t\t\t\t<div class=\"elementor-widget-container\">\n\t\t\t\t\t\t\t\t\t\t\t\t\t<img decoding=\"async\" width=\"612\" height=\"454\" src=\"https:\/\/sunshinehospitals.co.mz\/wp-content\/uploads\/2024\/03\/Gastroenterologist-2.jpg\" class=\"attachment-large size-large wp-image-3983\" alt=\"\" srcset=\"https:\/\/sunshinehospitals.co.mz\/wp-content\/uploads\/2024\/03\/Gastroenterologist-2.jpg 612w, https:\/\/sunshinehospitals.co.mz\/wp-content\/uploads\/2024\/03\/Gastroenterologist-2-300x223.jpg 300w\" sizes=\"(max-width: 612px) 100vw, 612px\" \/>\t\t\t\t\t\t\t\t\t\t\t\t\t<\/div>\n\t\t\t\t<\/div>\n\t\t\t\t\t<\/div>\n\t\t\t\t<\/div>\n\t\t<div class=\"elementor-element elementor-element-b7eeb01 e-flex e-con-boxed e-con e-child\" data-id=\"b7eeb01\" data-element_type=\"container\">\n\t\t\t\t\t<div class=\"e-con-inner\">\n\t\t\t\t<div class=\"elementor-element elementor-element-d16baef elementor-widget elementor-widget-text-editor\" data-id=\"d16baef\" data-element_type=\"widget\" data-widget_type=\"text-editor.default\">\n\t\t\t\t<div class=\"elementor-widget-container\">\n\t\t\t\t\t\t\t<p><strong> Doen\u00e7a Inflamat\u00f3ria Intestinal (DII):<\/strong> O Sunshine Hospitals dedica especialistas no tratamento de doen\u00e7as inflamat\u00f3rias intestinais, como doen\u00e7a de Crohn e colite ulcerativa. Nossa abordagem multidisciplinar combina gerenciamento de medicamentos, aconselhamento diet\u00e9tico e interven\u00e7\u00f5es cir\u00fargicas quando necess\u00e1rio para melhorar a qualidade de vida dos pacientes.<\/p><p><strong>Dist\u00farbios pancre\u00e1ticos:<\/strong> Nossos gastroenterologistas s\u00e3o especializados no diagn\u00f3stico e tratamento de doen\u00e7as pancre\u00e1ticas, incluindo pancreatite, cistos pancre\u00e1ticos e c\u00e2ncer pancre\u00e1tico. Utilizamos modalidades de imagem avan\u00e7adas, como ultrassom endosc\u00f3pico (EUS), e oferecemos procedimentos minimamente invasivos para interven\u00e7\u00f5es precisas.<\/p><p><strong>Endoscopia Avan\u00e7ada:<\/strong> Nossa unidade de endoscopia avan\u00e7ada oferece procedimentos de ponta para fins diagn\u00f3sticos e terap\u00eauticos. Isso inclui colangiopancreatografia retr\u00f3grada endosc\u00f3pica (CPRE), ressec\u00e7\u00e3o endosc\u00f3pica da mucosa (EMR), dissec\u00e7\u00e3o endosc\u00f3pica da submucosa (ESD) e interven\u00e7\u00f5es endosc\u00f3picas guiadas por ultrassom.<\/p>\t\t\t\t\t\t<\/div>\n\t\t\t\t<\/div>\n\t\t\t\t\t<\/div>\n\t\t\t\t<\/div>\n\t\t\t\t\t<\/div>\n\t\t\t\t<\/div>\n\t\t\t\t<div class=\"elementor-element elementor-element-2ef8fe9 elementor-widget elementor-widget-text-editor\" data-id=\"2ef8fe9\" data-element_type=\"widget\" data-widget_type=\"text-editor.default\">\n\t\t\t\t<div class=\"elementor-widget-container\">\n\t\t\t\t\t\t\t<ul><li><strong>Dist\u00farbios de motilidade:<\/strong> Oferecemos atendimento especializado para pacientes com dist\u00farbios de motilidade, como acalasia, gastroparesia e dismotilidade esof\u00e1gica. Nossos especialistas utilizam estudos de manometria, monitoramento de pH e t\u00e9cnicas de biofeedback para avaliar e gerenciar essas condi\u00e7\u00f5es complexas.<br \/><br \/><\/li><li><strong>Gastroenterologia Intervencionista:<\/strong> O Sunshine Hospitals \u00e9 excelente em procedimentos de gastroenterologia intervencionista, incluindo coloca\u00e7\u00e3o de stent, bandagem de varizes, dilata\u00e7\u00e3o por bal\u00e3o e abla\u00e7\u00e3o endosc\u00f3pica da mucosa. Nosso foco \u00e9 fornecer tratamentos minimamente invasivos com resultados ideais e riscos m\u00ednimos.<br \/><br \/><\/li><li><strong>Suporte Nutricional:<\/strong> Nossos gastroenterologistas colaboram com nutricionistas e nutricionistas para fornecer suporte nutricional abrangente para pacientes com dist\u00farbios digestivos. Oferecemos recomenda\u00e7\u00f5es diet\u00e9ticas, suplementa\u00e7\u00e3o e aconselhamento nutricional para melhorar o bem-estar e a cura dos pacientes.<\/li><\/ul>\t\t\t\t\t\t<\/div>\n\t\t\t\t<\/div>\n\t\t\t\t\t<\/div>\n\t\t\t\t<\/div>\n\t\t<div class=\"elementor-element elementor-element-1f63e03a e-flex e-con-boxed e-con e-parent\" data-id=\"1f63e03a\" data-element_type=\"container\" data-settings=\"{&quot;background_background&quot;:&quot;classic&quot;}\">\n\t\t\t\t\t<div class=\"e-con-inner\">\n\t\t\t\t<div class=\"elementor-element elementor-element-3be06d55 elementor-widget elementor-widget-heading\" data-id=\"3be06d55\" data-element_type=\"widget\" data-widget_type=\"heading.default\">\n\t\t\t\t<div class=\"elementor-widget-container\">\n\t\t\t<h2 class=\"elementor-heading-title elementor-size-large\">Contacte-nos<\/h2>\t\t<\/div>\n\t\t\t\t<\/div>\n\t\t<div class=\"elementor-element elementor-element-f66b0b1 e-flex e-con-boxed e-con e-child\" data-id=\"f66b0b1\" data-element_type=\"container\">\n\t\t\t\t\t<div class=\"e-con-inner\">\n\t\t<div class=\"elementor-element elementor-element-133123c1 e-flex e-con-boxed e-con e-child\" data-id=\"133123c1\" data-element_type=\"container\">\n\t\t\t\t\t<div class=\"e-con-inner\">\n\t\t\t\t<div class=\"elementor-element elementor-element-3fca2dda elementor-align-center elementor-widget elementor-widget-button\" data-id=\"3fca2dda\" data-element_type=\"widget\" data-widget_type=\"button.default\">\n\t\t\t\t<div class=\"elementor-widget-container\">\n\t\t\t\t\t\t\t<div class=\"elementor-button-wrapper\">\n\t\t\t\t\t<a class=\"elementor-button elementor-button-link elementor-size-sm\" href=\"https:\/\/sunshinehospitals.co.mz\/book-an-appointment\/\">\n\t\t\t\t\t\t<span class=\"elementor-button-content-wrapper\">\n\t\t\t\t\t\t\t\t\t<span class=\"elementor-button-text\">Marque uma consulta<\/span>\n\t\t\t\t\t<\/span>\n\t\t\t\t\t<\/a>\n\t\t\t\t<\/div>\n\t\t\t\t\t\t<\/div>\n\t\t\t\t<\/div>\n\t\t\t\t\t<\/div>\n\t\t\t\t<\/div>\n\t\t<div class=\"elementor-element elementor-element-79505218 e-flex e-con-boxed e-con e-child\" data-id=\"79505218\" data-element_type=\"container\">\n\t\t\t\t\t<div class=\"e-con-inner\">\n\t\t\t\t<div class=\"elementor-element elementor-element-7fe52e25 elementor-align-center elementor-widget elementor-widget-button\" data-id=\"7fe52e25\" data-element_type=\"widget\" data-widget_type=\"button.default\">\n\t\t\t\t<div class=\"elementor-widget-container\">\n\t\t\t\t\t\t\t<div class=\"elementor-button-wrapper\">\n\t\t\t\t\t<a class=\"elementor-button elementor-button-link elementor-size-sm\" href=\"https:\/\/sunshinehospitals.co.mz\/contact-us\/\">\n\t\t\t\t\t\t<span class=\"elementor-button-content-wrapper\">\n\t\t\t\t\t\t\t\t\t<span class=\"elementor-button-text\">Fa\u00e7a um pedido<\/span>\n\t\t\t\t\t<\/span>\n\t\t\t\t\t<\/a>\n\t\t\t\t<\/div>\n\t\t\t\t\t\t<\/div>\n\t\t\t\t<\/div>\n\t\t\t\t\t<\/div>\n\t\t\t\t<\/div>\n\t\t\t\t\t<\/div>\n\t\t\t\t<\/div>\n\t\t\t\t\t<\/div>\n\t\t\t\t<\/div>\n\t\t\t\t<\/div>","protected":false},"excerpt":{"rendered":"<p>Gastroenterologista Sobre o gastroenterologista Sunshine Hospitals \u00e9 conhecido por seus servi\u00e7os abrangentes de gastroenterologia, oferecendo uma ampla gama de especialidades para tratar diversos dist\u00farbios do sistema digestivo. Nossa equipe de gastroenterologistas experientes, apoiada por instala\u00e7\u00f5es de \u00faltima gera\u00e7\u00e3o e tecnologias avan\u00e7adas, garante atendimento personalizado e eficaz aos pacientes. Gastroenterologia Geral: Nosso departamento de gastroenterologia geral cobre um amplo espectro de [...]<\/p>","protected":false},"author":1,"featured_media":3983,"parent":68,"menu_order":0,"comment_status":"closed","ping_status":"closed","template":"","meta":{"footnotes":""},"class_list":["post-4180","page","type-page","status-publish","has-post-thumbnail","hentry"],"yoast_head":"<!-- This site is optimized with the Yoast SEO plugin v26.3 - https:\/\/yoast.com\/wordpress\/plugins\/seo\/ -->\n<title>Gastroenterologist - Sunshine Hospitals<\/title>\n<meta name=\"robots\" content=\"index, follow, max-snippet:-1, max-image-preview:large, max-video-preview:-1\" \/>\n<link rel=\"canonical\" href=\"https:\/\/sunshinehospitals.co.mz\/pt\/specialities\/gastroenterologist\/\" \/>\n<meta property=\"og:locale\" content=\"pt_PT\" \/>\n<meta property=\"og:type\" content=\"article\" \/>\n<meta property=\"og:title\" content=\"Gastroenterologist - Sunshine Hospitals\" \/>\n<meta property=\"og:description\" content=\"Gastroenterologist About the Gastroenterologist Sunshine Hospitals is renowned for its comprehensive gastroenterology services, offering a wide range of specialties to address various digestive system disorders. Our team of experienced gastroenterologists, supported by state-of-the-art facilities and advanced technologies, ensures personalized and effective care for patients. General Gastroenterology: Our general gastroenterology department covers a broad spectrum of [&hellip;]\" \/>\n<meta property=\"og:url\" content=\"https:\/\/sunshinehospitals.co.mz\/pt\/specialities\/gastroenterologist\/\" \/>\n<meta property=\"og:site_name\" content=\"Sunshine Hospitals\" \/>\n<meta property=\"article:publisher\" content=\"https:\/\/www.facebook.com\/893375397373189?ref=embed_page\" \/>\n<meta property=\"article:modified_time\" content=\"2024-05-23T11:20:25+00:00\" \/>\n<meta property=\"og:image\" content=\"https:\/\/sunshinehospitals.co.mz\/wp-content\/uploads\/2024\/03\/Gastroenterologist-2.jpg\" \/>\n\t<meta property=\"og:image:width\" content=\"612\" \/>\n\t<meta property=\"og:image:height\" content=\"454\" \/>\n\t<meta property=\"og:image:type\" content=\"image\/jpeg\" \/>\n<meta name=\"twitter:card\" content=\"summary_large_image\" \/>\n<meta name=\"twitter:label1\" content=\"Tempo estimado de leitura\" \/>\n\t<meta name=\"twitter:data1\" content=\"3 minutos\" \/>\n<script type=\"application\/ld+json\" class=\"yoast-schema-graph\">{\"@context\":\"https:\/\/schema.org\",\"@graph\":[{\"@type\":\"WebPage\",\"@id\":\"https:\/\/sunshinehospitals.co.mz\/specialities\/gastroenterologist\/\",\"url\":\"https:\/\/sunshinehospitals.co.mz\/specialities\/gastroenterologist\/\",\"name\":\"Gastroenterologist - Sunshine Hospitals\",\"isPartOf\":{\"@id\":\"https:\/\/sunshinehospitals.co.mz\/#website\"},\"primaryImageOfPage\":{\"@id\":\"https:\/\/sunshinehospitals.co.mz\/specialities\/gastroenterologist\/#primaryimage\"},\"image\":{\"@id\":\"https:\/\/sunshinehospitals.co.mz\/specialities\/gastroenterologist\/#primaryimage\"},\"thumbnailUrl\":\"https:\/\/sunshinehospitals.co.mz\/wp-content\/uploads\/2024\/03\/Gastroenterologist-2.jpg\",\"datePublished\":\"2024-03-13T14:49:42+00:00\",\"dateModified\":\"2024-05-23T11:20:25+00:00\",\"breadcrumb\":{\"@id\":\"https:\/\/sunshinehospitals.co.mz\/specialities\/gastroenterologist\/#breadcrumb\"},\"inLanguage\":\"pt-PT\",\"potentialAction\":[{\"@type\":\"ReadAction\",\"target\":[\"https:\/\/sunshinehospitals.co.mz\/specialities\/gastroenterologist\/\"]}]},{\"@type\":\"ImageObject\",\"inLanguage\":\"pt-PT\",\"@id\":\"https:\/\/sunshinehospitals.co.mz\/specialities\/gastroenterologist\/#primaryimage\",\"url\":\"https:\/\/sunshinehospitals.co.mz\/wp-content\/uploads\/2024\/03\/Gastroenterologist-2.jpg\",\"contentUrl\":\"https:\/\/sunshinehospitals.co.mz\/wp-content\/uploads\/2024\/03\/Gastroenterologist-2.jpg\",\"width\":612,\"height\":454,\"caption\":\"Doctor holding andshowing a human stomach model\"},{\"@type\":\"BreadcrumbList\",\"@id\":\"https:\/\/sunshinehospitals.co.mz\/specialities\/gastroenterologist\/#breadcrumb\",\"itemListElement\":[{\"@type\":\"ListItem\",\"position\":1,\"name\":\"Home\",\"item\":\"https:\/\/sunshinehospitals.co.mz\/\"},{\"@type\":\"ListItem\",\"position\":2,\"name\":\"Specialities\",\"item\":\"https:\/\/sunshinehospitals.co.mz\/specialities\/\"},{\"@type\":\"ListItem\",\"position\":3,\"name\":\"Gastroenterologist\"}]},{\"@type\":\"WebSite\",\"@id\":\"https:\/\/sunshinehospitals.co.mz\/#website\",\"url\":\"https:\/\/sunshinehospitals.co.mz\/\",\"name\":\"Sunshine Hospitals\",\"description\":\"Best HealthCare Hospital Services in Matola, Mozambique - Sunshine Hospitals | Maputo Central Hospital | Multi-Specialty Hospital in Matola, Mozambique\",\"publisher\":{\"@id\":\"https:\/\/sunshinehospitals.co.mz\/#organization\"},\"potentialAction\":[{\"@type\":\"SearchAction\",\"target\":{\"@type\":\"EntryPoint\",\"urlTemplate\":\"https:\/\/sunshinehospitals.co.mz\/?s={search_term_string}\"},\"query-input\":{\"@type\":\"PropertyValueSpecification\",\"valueRequired\":true,\"valueName\":\"search_term_string\"}}],\"inLanguage\":\"pt-PT\"},{\"@type\":\"Organization\",\"@id\":\"https:\/\/sunshinehospitals.co.mz\/#organization\",\"name\":\"Sunshine Hospitals\",\"url\":\"https:\/\/sunshinehospitals.co.mz\/\",\"logo\":{\"@type\":\"ImageObject\",\"inLanguage\":\"pt-PT\",\"@id\":\"https:\/\/sunshinehospitals.co.mz\/#\/schema\/logo\/image\/\",\"url\":\"https:\/\/sunshinehospitals.co.mz\/wp-content\/uploads\/2024\/01\/SUNSHINE-HOSPITALS-LOGO-e1708194969685.png\",\"contentUrl\":\"https:\/\/sunshinehospitals.co.mz\/wp-content\/uploads\/2024\/01\/SUNSHINE-HOSPITALS-LOGO-e1708194969685.png\",\"width\":500,\"height\":58,\"caption\":\"Sunshine Hospitals\"},\"image\":{\"@id\":\"https:\/\/sunshinehospitals.co.mz\/#\/schema\/logo\/image\/\"},\"sameAs\":[\"https:\/\/www.facebook.com\/893375397373189?ref=embed_page\",\"https:\/\/www.instagram.com\/sunshine_hospitals\/\"]}]}<\/script>\n<!-- \/ Yoast SEO plugin. -->","yoast_head_json":{"title":"Gastroenterologista - Hospitais Sunshine","robots":{"index":"index","follow":"follow","max-snippet":"max-snippet:-1","max-image-preview":"max-image-preview:large","max-video-preview":"max-video-preview:-1"},"canonical":"https:\/\/sunshinehospitals.co.mz\/pt\/specialities\/gastroenterologist\/","og_locale":"pt_PT","og_type":"article","og_title":"Gastroenterologist - Sunshine Hospitals","og_description":"Gastroenterologist About the Gastroenterologist Sunshine Hospitals is renowned for its comprehensive gastroenterology services, offering a wide range of specialties to address various digestive system disorders. Our team of experienced gastroenterologists, supported by state-of-the-art facilities and advanced technologies, ensures personalized and effective care for patients. General Gastroenterology: Our general gastroenterology department covers a broad spectrum of [&hellip;]","og_url":"https:\/\/sunshinehospitals.co.mz\/pt\/specialities\/gastroenterologist\/","og_site_name":"Sunshine Hospitals","article_publisher":"https:\/\/www.facebook.com\/893375397373189?ref=embed_page","article_modified_time":"2024-05-23T11:20:25+00:00","og_image":[{"width":612,"height":454,"url":"https:\/\/sunshinehospitals.co.mz\/wp-content\/uploads\/2024\/03\/Gastroenterologist-2.jpg","type":"image\/jpeg"}],"twitter_card":"summary_large_image","twitter_misc":{"Tempo estimado de leitura":"3 minutos"},"schema":{"@context":"https:\/\/schema.org","@graph":[{"@type":"WebPage","@id":"https:\/\/sunshinehospitals.co.mz\/specialities\/gastroenterologist\/","url":"https:\/\/sunshinehospitals.co.mz\/specialities\/gastroenterologist\/","name":"Gastroenterologista - Hospitais Sunshine","isPartOf":{"@id":"https:\/\/sunshinehospitals.co.mz\/#website"},"primaryImageOfPage":{"@id":"https:\/\/sunshinehospitals.co.mz\/specialities\/gastroenterologist\/#primaryimage"},"image":{"@id":"https:\/\/sunshinehospitals.co.mz\/specialities\/gastroenterologist\/#primaryimage"},"thumbnailUrl":"https:\/\/sunshinehospitals.co.mz\/wp-content\/uploads\/2024\/03\/Gastroenterologist-2.jpg","datePublished":"2024-03-13T14:49:42+00:00","dateModified":"2024-05-23T11:20:25+00:00","breadcrumb":{"@id":"https:\/\/sunshinehospitals.co.mz\/specialities\/gastroenterologist\/#breadcrumb"},"inLanguage":"pt-PT","potentialAction":[{"@type":"ReadAction","target":["https:\/\/sunshinehospitals.co.mz\/specialities\/gastroenterologist\/"]}]},{"@type":"ImageObject","inLanguage":"pt-PT","@id":"https:\/\/sunshinehospitals.co.mz\/specialities\/gastroenterologist\/#primaryimage","url":"https:\/\/sunshinehospitals.co.mz\/wp-content\/uploads\/2024\/03\/Gastroenterologist-2.jpg","contentUrl":"https:\/\/sunshinehospitals.co.mz\/wp-content\/uploads\/2024\/03\/Gastroenterologist-2.jpg","width":612,"height":454,"caption":"Doctor holding andshowing a human stomach model"},{"@type":"BreadcrumbList","@id":"https:\/\/sunshinehospitals.co.mz\/specialities\/gastroenterologist\/#breadcrumb","itemListElement":[{"@type":"ListItem","position":1,"name":"Home","item":"https:\/\/sunshinehospitals.co.mz\/"},{"@type":"ListItem","position":2,"name":"Specialities","item":"https:\/\/sunshinehospitals.co.mz\/specialities\/"},{"@type":"ListItem","position":3,"name":"Gastroenterologist"}]},{"@type":"WebSite","@id":"https:\/\/sunshinehospitals.co.mz\/#website","url":"https:\/\/sunshinehospitals.co.mz\/","name":"Sunshine Hospitals","description":"Melhores Servi\u00e7os Hospitalares de Sa\u00fade em Matola, Mo\u00e7ambique - Sunshine Hospitals | Hospital Central de Maputo | Hospital Multi-Especialidades em Matola, Mo\u00e7ambique","publisher":{"@id":"https:\/\/sunshinehospitals.co.mz\/#organization"},"potentialAction":[{"@type":"SearchAction","target":{"@type":"EntryPoint","urlTemplate":"https:\/\/sunshinehospitals.co.mz\/?s={search_term_string}"},"query-input":{"@type":"PropertyValueSpecification","valueRequired":true,"valueName":"search_term_string"}}],"inLanguage":"pt-PT"},{"@type":"Organization","@id":"https:\/\/sunshinehospitals.co.mz\/#organization","name":"Sunshine Hospitals","url":"https:\/\/sunshinehospitals.co.mz\/","logo":{"@type":"ImageObject","inLanguage":"pt-PT","@id":"https:\/\/sunshinehospitals.co.mz\/#\/schema\/logo\/image\/","url":"https:\/\/sunshinehospitals.co.mz\/wp-content\/uploads\/2024\/01\/SUNSHINE-HOSPITALS-LOGO-e1708194969685.png","contentUrl":"https:\/\/sunshinehospitals.co.mz\/wp-content\/uploads\/2024\/01\/SUNSHINE-HOSPITALS-LOGO-e1708194969685.png","width":500,"height":58,"caption":"Sunshine Hospitals"},"image":{"@id":"https:\/\/sunshinehospitals.co.mz\/#\/schema\/logo\/image\/"},"sameAs":["https:\/\/www.facebook.com\/893375397373189?ref=embed_page","https:\/\/www.instagram.com\/sunshine_hospitals\/"]}]}},"_links":{"self":[{"href":"https:\/\/sunshinehospitals.co.mz\/pt\/wp-json\/wp\/v2\/pages\/4180","targetHints":{"allow":["GET"]}}],"collection":[{"href":"https:\/\/sunshinehospitals.co.mz\/pt\/wp-json\/wp\/v2\/pages"}],"about":[{"href":"https:\/\/sunshinehospitals.co.mz\/pt\/wp-json\/wp\/v2\/types\/page"}],"author":[{"embeddable":true,"href":"https:\/\/sunshinehospitals.co.mz\/pt\/wp-json\/wp\/v2\/users\/1"}],"replies":[{"embeddable":true,"href":"https:\/\/sunshinehospitals.co.mz\/pt\/wp-json\/wp\/v2\/comments?post=4180"}],"version-history":[{"count":0,"href":"https:\/\/sunshinehospitals.co.mz\/pt\/wp-json\/wp\/v2\/pages\/4180\/revisions"}],"up":[{"embeddable":true,"href":"https:\/\/sunshinehospitals.co.mz\/pt\/wp-json\/wp\/v2\/pages\/68"}],"wp:featuredmedia":[{"embeddable":true,"href":"https:\/\/sunshinehospitals.co.mz\/pt\/wp-json\/wp\/v2\/media\/3983"}],"wp:attachment":[{"href":"https:\/\/sunshinehospitals.co.mz\/pt\/wp-json\/wp\/v2\/media?parent=4180"}],"curies":[{"name":"wp","href":"https:\/\/api.w.org\/{rel}","templated":true}]}}