{"id":4166,"date":"2024-03-13T14:33:13","date_gmt":"2024-03-13T14:33:13","guid":{"rendered":"https:\/\/sunshinehospitals.co.mz\/?page_id=4166"},"modified":"2024-05-23T11:21:24","modified_gmt":"2024-05-23T11:21:24","slug":"general-practitioner","status":"publish","type":"page","link":"https:\/\/sunshinehospitals.co.mz\/pt\/specialities\/general-practitioner\/","title":{"rendered":"Cl\u00ednica geral"},"content":{"rendered":"<div data-elementor-type=\"wp-page\" data-elementor-id=\"4166\" data-post-id=\"4166\" data-obj-id=\"4166\" class=\"elementor elementor-4166 dce-elementor-post-4166\">\n\t\t\t\t<div class=\"elementor-element elementor-element-5fba60c e-flex e-con-boxed e-con e-parent\" data-id=\"5fba60c\" data-element_type=\"container\" data-settings=\"{&quot;background_background&quot;:&quot;classic&quot;}\">\n\t\t\t\t\t<div class=\"e-con-inner\">\n\t\t\t\t<div class=\"elementor-element elementor-element-14bc0b1 ee-breadcrumbs-align-left elementor-widget elementor-widget-ee-breadcrumbs\" data-id=\"14bc0b1\" data-element_type=\"widget\" data-widget_type=\"ee-breadcrumbs.default\">\n\t\t\t\t<div class=\"elementor-widget-container\">\n\t\t\t<ul class=\"ee-breadcrumbs\"><\/ul>\t\t<\/div>\n\t\t\t\t<\/div>\n\t\t\t\t\t<\/div>\n\t\t\t\t<\/div>\n\t\t<div class=\"elementor-element elementor-element-f0b96a9 e-flex e-con-boxed e-con e-parent\" data-id=\"f0b96a9\" data-element_type=\"container\" data-settings=\"{&quot;background_background&quot;:&quot;classic&quot;}\">\n\t\t\t\t\t<div class=\"e-con-inner\">\n\t\t\t\t<div class=\"elementor-element elementor-element-a0f3d37 elementor-widget elementor-widget-dyncontel-title\" data-id=\"a0f3d37\" data-element_type=\"widget\" data-widget_type=\"dyncontel-title.default\">\n\t\t\t\t<div class=\"elementor-widget-container\">\n\t\t\t<h2 class=\"dynamic-content-for-elementor-title\"><a href=\"https:\/\/sunshinehospitals.co.mz\/pt\/specialities\/general-practitioner\/\"><span class=\"dce-title\">Cl\u00ednica geral<\/span><\/a><\/h2>\t\t<\/div>\n\t\t\t\t<\/div>\n\t\t\t\t\t<\/div>\n\t\t\t\t<\/div>\n\t\t<div class=\"elementor-element elementor-element-a108dfc single-details-page-sec e-flex e-con-boxed e-con e-parent\" data-id=\"a108dfc\" data-element_type=\"container\">\n\t\t\t\t\t<div class=\"e-con-inner\">\n\t\t<div class=\"elementor-element elementor-element-87c9d52 e-flex e-con-boxed e-con e-child\" data-id=\"87c9d52\" data-element_type=\"container\" data-settings=\"{&quot;background_background&quot;:&quot;classic&quot;}\">\n\t\t\t\t\t<div class=\"e-con-inner\">\n\t\t\t\t<div class=\"elementor-element elementor-element-b5e90b2 eael-dual-header-content-align-center elementor-widget elementor-widget-eael-dual-color-header\" data-id=\"b5e90b2\" data-element_type=\"widget\" data-widget_type=\"eael-dual-color-header.default\">\n\t\t\t\t<div class=\"elementor-widget-container\">\n\t\t\t\t\t\t<div class=\"eael-dual-header\">\n\t\t\t\t<h3 class=\"title eael-dch-title\"><span class=\"eael-dch-title-text eael-dch-title-lead lead solid-color\">Sobre o <\/span> <span class=\"eael-dch-title-text\">Cl\u00ednica geral<\/span><\/h3>\t\t\t<\/div>\n\n\t\t\t\t<\/div>\n\t\t\t\t<\/div>\n\t\t\t\t<div class=\"elementor-element elementor-element-79cca69 elementor-widget elementor-widget-text-editor\" data-id=\"79cca69\" data-element_type=\"widget\" data-widget_type=\"text-editor.default\">\n\t\t\t\t<div class=\"elementor-widget-container\">\n\t\t\t\t\t\t\t<p>Os GPs especializados em medicina interna concentram-se no diagn\u00f3stico, tratamento e preven\u00e7\u00e3o de doen\u00e7as em adultos. Eles gerenciam condi\u00e7\u00f5es m\u00e9dicas complexas, como diabetes, hipertens\u00e3o, doen\u00e7as card\u00edacas e dist\u00farbios respirat\u00f3rios.<\/p>\t\t\t\t\t\t<\/div>\n\t\t\t\t<\/div>\n\t\t\t\t\t<\/div>\n\t\t\t\t<\/div>\n\t\t<div class=\"elementor-element elementor-element-55f1834 e-flex e-con-boxed e-con e-child\" data-id=\"55f1834\" data-element_type=\"container\">\n\t\t\t\t\t<div class=\"e-con-inner\">\n\t\t<div class=\"elementor-element elementor-element-8a464f9 e-flex e-con-boxed e-con e-child\" data-id=\"8a464f9\" data-element_type=\"container\">\n\t\t\t\t\t<div class=\"e-con-inner\">\n\t\t\t\t<div class=\"elementor-element elementor-element-1968bf8 dce_masking-none elementor-widget elementor-widget-image\" data-id=\"1968bf8\" data-element_type=\"widget\" data-widget_type=\"image.default\">\n\t\t\t\t<div class=\"elementor-widget-container\">\n\t\t\t\t\t\t\t\t\t\t\t\t\t<img fetchpriority=\"high\" decoding=\"async\" width=\"550\" height=\"350\" src=\"https:\/\/sunshinehospitals.co.mz\/wp-content\/uploads\/2024\/02\/Main-Article-Outpatient-Department.png-1.png\" class=\"attachment-full size-full wp-image-3200\" alt=\"\" srcset=\"https:\/\/sunshinehospitals.co.mz\/wp-content\/uploads\/2024\/02\/Main-Article-Outpatient-Department.png-1.png 550w, https:\/\/sunshinehospitals.co.mz\/wp-content\/uploads\/2024\/02\/Main-Article-Outpatient-Department.png-1-300x191.png 300w\" sizes=\"(max-width: 550px) 100vw, 550px\" \/>\t\t\t\t\t\t\t\t\t\t\t\t\t<\/div>\n\t\t\t\t<\/div>\n\t\t\t\t\t<\/div>\n\t\t\t\t<\/div>\n\t\t<div class=\"elementor-element elementor-element-73882bc e-flex e-con-boxed e-con e-child\" data-id=\"73882bc\" data-element_type=\"container\">\n\t\t\t\t\t<div class=\"e-con-inner\">\n\t\t\t\t<div class=\"elementor-element elementor-element-383122a elementor-widget elementor-widget-text-editor\" data-id=\"383122a\" data-element_type=\"widget\" data-widget_type=\"text-editor.default\">\n\t\t\t\t<div class=\"elementor-widget-container\">\n\t\t\t\t\t\t\t<ul><li><p><strong>Pediatria<\/strong>: GPs com especializa\u00e7\u00e3o em pediatria oferecem cuidados de sa\u00fade abrangentes para beb\u00eas, crian\u00e7as e adolescentes. Eles abordam quest\u00f5es relacionadas ao crescimento e desenvolvimento, vacina\u00e7\u00f5es, doen\u00e7as infantis comuns e preocupa\u00e7\u00f5es comportamentais.<\/p><\/li><li><p><strong>Obstetr\u00edcia e Ginecologia (OB\/GYN)<\/strong>: GPs especializados em cuidados de obstetr\u00edcia\/ginecologia para sa\u00fade reprodutiva feminina, gravidez, parto e condi\u00e7\u00f5es ginecol\u00f3gicas. Eles oferecem servi\u00e7os como pr\u00e9-natal, planejamento familiar, manejo da menopausa e tratamento de dist\u00farbios ginecol\u00f3gicos.<\/p><\/li><li><p><strong>Ortopedia<\/strong>: GPs com experi\u00eancia em ortopedia concentram-se no diagn\u00f3stico e tratamento de condi\u00e7\u00f5es musculoesquel\u00e9ticas, incluindo fraturas, les\u00f5es articulares, artrite e les\u00f5es relacionadas ao esporte. Eles podem fornecer interven\u00e7\u00f5es n\u00e3o cir\u00fargicas e encaminhar pacientes para cirurgia ortop\u00e9dica quando necess\u00e1rio.<\/p><\/li><li><p><strong>Dermatologia<\/strong>: GPs especializados em dermatologia diagnosticam e tratam doen\u00e7as de pele, cabelos e unhas. Eles gerenciam condi\u00e7\u00f5es como acne, eczema, psor\u00edase, c\u00e2ncer de pele e problemas cosm\u00e9ticos por meio de interven\u00e7\u00f5es m\u00e9dicas e processuais.<\/p><\/li><\/ul>\t\t\t\t\t\t<\/div>\n\t\t\t\t<\/div>\n\t\t\t\t\t<\/div>\n\t\t\t\t<\/div>\n\t\t\t\t\t<\/div>\n\t\t\t\t<\/div>\n\t\t<div class=\"elementor-element elementor-element-84003a6 e-flex e-con-boxed e-con e-child\" data-id=\"84003a6\" data-element_type=\"container\">\n\t\t\t\t\t<div class=\"e-con-inner\">\n\t\t<div class=\"elementor-element elementor-element-a15dec1 e-flex e-con-boxed e-con e-child\" data-id=\"a15dec1\" data-element_type=\"container\">\n\t\t\t\t\t<div class=\"e-con-inner\">\n\t\t\t\t<div class=\"elementor-element elementor-element-6dbf94e elementor-widget elementor-widget-text-editor\" data-id=\"6dbf94e\" data-element_type=\"widget\" data-widget_type=\"text-editor.default\">\n\t\t\t\t<div class=\"elementor-widget-container\">\n\t\t\t\t\t\t\t<ul><li><p><strong>Endocrinologia<\/strong>: GPs especializados em endocrinologia concentram-se em dist\u00farbios relacionados a horm\u00f4nios, como diabetes, dist\u00farbios da tireoide, condi\u00e7\u00f5es adrenais e desequil\u00edbrios hormonais reprodutivos. Eles gerenciam os desequil\u00edbrios hormonais e fornecem cuidados abrangentes para a sa\u00fade end\u00f3crina.<\/p><\/li><li><p><strong>Urologia<\/strong>: GPs com especializa\u00e7\u00e3o em urologia diagnosticam e tratam doen\u00e7as que afetam o trato urin\u00e1rio e o sistema reprodutor masculino. Eles gerenciam infec\u00e7\u00f5es do trato urin\u00e1rio, c\u00e1lculos renais, dist\u00farbios da pr\u00f3stata e problemas de sa\u00fade sexual.<\/p><\/li><\/ul>\t\t\t\t\t\t<\/div>\n\t\t\t\t<\/div>\n\t\t\t\t\t<\/div>\n\t\t\t\t<\/div>\n\t\t<div class=\"elementor-element elementor-element-b7eeb01 e-flex e-con-boxed e-con e-child\" data-id=\"b7eeb01\" data-element_type=\"container\">\n\t\t\t\t\t<div class=\"e-con-inner\">\n\t\t\t\t<div class=\"elementor-element elementor-element-d16baef elementor-widget elementor-widget-text-editor\" data-id=\"d16baef\" data-element_type=\"widget\" data-widget_type=\"text-editor.default\">\n\t\t\t\t<div class=\"elementor-widget-container\">\n\t\t\t\t\t\t\t<ul><li><p><strong>Cardiologia<\/strong>: GPs com foco em cardiologia s\u00e3o especializados na preven\u00e7\u00e3o, diagn\u00f3stico e tratamento de doen\u00e7as card\u00edacas e vasculares. Eles realizam avalia\u00e7\u00f5es cardiovasculares, controlam a hipertens\u00e3o, os n\u00edveis de colesterol e fornecem aconselhamento sobre estilo de vida para a sa\u00fade do cora\u00e7\u00e3o.<\/p><\/li><li><p><strong>Neurologia<\/strong>: GPs especializados em neurologia diagnosticam e tratam dist\u00farbios do sistema nervoso, incluindo dores de cabe\u00e7a, epilepsia, acidente vascular cerebral, esclerose m\u00faltipla e dist\u00farbios do movimento. Eles tamb\u00e9m podem fornecer servi\u00e7os de reabilita\u00e7\u00e3o neurol\u00f3gica.<\/p><\/li><\/ul>\t\t\t\t\t\t<\/div>\n\t\t\t\t<\/div>\n\t\t\t\t\t<\/div>\n\t\t\t\t<\/div>\n\t\t\t\t\t<\/div>\n\t\t\t\t<\/div>\n\t\t\t\t\t<\/div>\n\t\t\t\t<\/div>\n\t\t<div class=\"elementor-element elementor-element-2e6614e2 e-flex e-con-boxed e-con e-parent\" data-id=\"2e6614e2\" data-element_type=\"container\" data-settings=\"{&quot;background_background&quot;:&quot;classic&quot;}\">\n\t\t\t\t\t<div class=\"e-con-inner\">\n\t\t\t\t<div class=\"elementor-element elementor-element-5534d494 elementor-widget elementor-widget-heading\" data-id=\"5534d494\" data-element_type=\"widget\" data-widget_type=\"heading.default\">\n\t\t\t\t<div class=\"elementor-widget-container\">\n\t\t\t<h2 class=\"elementor-heading-title elementor-size-large\">Contacte-nos<\/h2>\t\t<\/div>\n\t\t\t\t<\/div>\n\t\t<div class=\"elementor-element elementor-element-7714e133 e-flex e-con-boxed e-con e-child\" data-id=\"7714e133\" data-element_type=\"container\">\n\t\t\t\t\t<div class=\"e-con-inner\">\n\t\t<div class=\"elementor-element elementor-element-1ae884b4 e-flex e-con-boxed e-con e-child\" data-id=\"1ae884b4\" data-element_type=\"container\">\n\t\t\t\t\t<div class=\"e-con-inner\">\n\t\t\t\t<div class=\"elementor-element elementor-element-726edb41 elementor-align-center elementor-widget elementor-widget-button\" data-id=\"726edb41\" data-element_type=\"widget\" data-widget_type=\"button.default\">\n\t\t\t\t<div class=\"elementor-widget-container\">\n\t\t\t\t\t\t\t<div class=\"elementor-button-wrapper\">\n\t\t\t\t\t<a class=\"elementor-button elementor-button-link elementor-size-sm\" href=\"https:\/\/sunshinehospitals.co.mz\/book-an-appointment\/\">\n\t\t\t\t\t\t<span class=\"elementor-button-content-wrapper\">\n\t\t\t\t\t\t\t\t\t<span class=\"elementor-button-text\">Marque uma consulta<\/span>\n\t\t\t\t\t<\/span>\n\t\t\t\t\t<\/a>\n\t\t\t\t<\/div>\n\t\t\t\t\t\t<\/div>\n\t\t\t\t<\/div>\n\t\t\t\t\t<\/div>\n\t\t\t\t<\/div>\n\t\t<div class=\"elementor-element elementor-element-2dfb6917 e-flex e-con-boxed e-con e-child\" data-id=\"2dfb6917\" data-element_type=\"container\">\n\t\t\t\t\t<div class=\"e-con-inner\">\n\t\t\t\t<div class=\"elementor-element elementor-element-3d4df80b elementor-align-center elementor-widget elementor-widget-button\" data-id=\"3d4df80b\" data-element_type=\"widget\" data-widget_type=\"button.default\">\n\t\t\t\t<div class=\"elementor-widget-container\">\n\t\t\t\t\t\t\t<div class=\"elementor-button-wrapper\">\n\t\t\t\t\t<a class=\"elementor-button elementor-button-link elementor-size-sm\" href=\"https:\/\/sunshinehospitals.co.mz\/contact-us\/\">\n\t\t\t\t\t\t<span class=\"elementor-button-content-wrapper\">\n\t\t\t\t\t\t\t\t\t<span class=\"elementor-button-text\">Fa\u00e7a um pedido<\/span>\n\t\t\t\t\t<\/span>\n\t\t\t\t\t<\/a>\n\t\t\t\t<\/div>\n\t\t\t\t\t\t<\/div>\n\t\t\t\t<\/div>\n\t\t\t\t\t<\/div>\n\t\t\t\t<\/div>\n\t\t\t\t\t<\/div>\n\t\t\t\t<\/div>\n\t\t\t\t\t<\/div>\n\t\t\t\t<\/div>\n\t\t\t\t<\/div>","protected":false},"excerpt":{"rendered":"<p>Cl\u00ednico geral Sobre o cl\u00ednico geral Os m\u00e9dicos de fam\u00edlia especializados em medicina interna concentram-se no diagn\u00f3stico, tratamento e preven\u00e7\u00e3o de doen\u00e7as em adultos. Eles gerenciam condi\u00e7\u00f5es m\u00e9dicas complexas, como diabetes, hipertens\u00e3o, doen\u00e7as card\u00edacas e dist\u00farbios respirat\u00f3rios. Pediatria: GPs com especializa\u00e7\u00e3o em pediatria oferecem cuidados de sa\u00fade abrangentes para beb\u00eas, crian\u00e7as e adolescentes. Eles abordam quest\u00f5es relacionadas a [...]<\/p>","protected":false},"author":1,"featured_media":1879,"parent":68,"menu_order":0,"comment_status":"closed","ping_status":"closed","template":"","meta":{"footnotes":""},"class_list":["post-4166","page","type-page","status-publish","has-post-thumbnail","hentry"],"yoast_head":"<!-- This site is optimized with the Yoast SEO plugin v26.3 - https:\/\/yoast.com\/wordpress\/plugins\/seo\/ -->\n<title>General practitioner - Sunshine Hospitals<\/title>\n<meta name=\"robots\" content=\"index, follow, max-snippet:-1, max-image-preview:large, max-video-preview:-1\" \/>\n<link rel=\"canonical\" href=\"https:\/\/sunshinehospitals.co.mz\/pt\/specialities\/general-practitioner\/\" \/>\n<meta property=\"og:locale\" content=\"pt_PT\" \/>\n<meta property=\"og:type\" content=\"article\" \/>\n<meta property=\"og:title\" content=\"General practitioner - Sunshine Hospitals\" \/>\n<meta property=\"og:description\" content=\"General practitioner About the General practitioner GPs specializing in internal medicine focus on the diagnosis, treatment, and prevention of adult diseases. They manage complex medical conditions such as diabetes, hypertension, heart disease, and respiratory disorders. Pediatrics: GPs with a specialization in pediatrics provide comprehensive healthcare for infants, children, and adolescents. They address issues related to [&hellip;]\" \/>\n<meta property=\"og:url\" content=\"https:\/\/sunshinehospitals.co.mz\/pt\/specialities\/general-practitioner\/\" \/>\n<meta property=\"og:site_name\" content=\"Sunshine Hospitals\" \/>\n<meta property=\"article:publisher\" content=\"https:\/\/www.facebook.com\/893375397373189?ref=embed_page\" \/>\n<meta property=\"article:modified_time\" content=\"2024-05-23T11:21:24+00:00\" \/>\n<meta property=\"og:image\" content=\"https:\/\/sunshinehospitals.co.mz\/wp-content\/uploads\/2024\/02\/General-Surgery-1.jpg\" \/>\n\t<meta property=\"og:image:width\" content=\"612\" \/>\n\t<meta property=\"og:image:height\" content=\"408\" \/>\n\t<meta property=\"og:image:type\" content=\"image\/jpeg\" \/>\n<meta name=\"twitter:card\" content=\"summary_large_image\" \/>\n<meta name=\"twitter:label1\" content=\"Tempo estimado de leitura\" \/>\n\t<meta name=\"twitter:data1\" content=\"2 minutos\" \/>\n<script type=\"application\/ld+json\" class=\"yoast-schema-graph\">{\"@context\":\"https:\/\/schema.org\",\"@graph\":[{\"@type\":\"WebPage\",\"@id\":\"https:\/\/sunshinehospitals.co.mz\/specialities\/general-practitioner\/\",\"url\":\"https:\/\/sunshinehospitals.co.mz\/specialities\/general-practitioner\/\",\"name\":\"General practitioner - Sunshine Hospitals\",\"isPartOf\":{\"@id\":\"https:\/\/sunshinehospitals.co.mz\/#website\"},\"primaryImageOfPage\":{\"@id\":\"https:\/\/sunshinehospitals.co.mz\/specialities\/general-practitioner\/#primaryimage\"},\"image\":{\"@id\":\"https:\/\/sunshinehospitals.co.mz\/specialities\/general-practitioner\/#primaryimage\"},\"thumbnailUrl\":\"https:\/\/sunshinehospitals.co.mz\/wp-content\/uploads\/2024\/02\/General-Surgery-1.jpg\",\"datePublished\":\"2024-03-13T14:33:13+00:00\",\"dateModified\":\"2024-05-23T11:21:24+00:00\",\"breadcrumb\":{\"@id\":\"https:\/\/sunshinehospitals.co.mz\/specialities\/general-practitioner\/#breadcrumb\"},\"inLanguage\":\"pt-PT\",\"potentialAction\":[{\"@type\":\"ReadAction\",\"target\":[\"https:\/\/sunshinehospitals.co.mz\/specialities\/general-practitioner\/\"]}]},{\"@type\":\"ImageObject\",\"inLanguage\":\"pt-PT\",\"@id\":\"https:\/\/sunshinehospitals.co.mz\/specialities\/general-practitioner\/#primaryimage\",\"url\":\"https:\/\/sunshinehospitals.co.mz\/wp-content\/uploads\/2024\/02\/General-Surgery-1.jpg\",\"contentUrl\":\"https:\/\/sunshinehospitals.co.mz\/wp-content\/uploads\/2024\/02\/General-Surgery-1.jpg\",\"width\":612,\"height\":408,\"caption\":\"Hospital health care and medicine.\"},{\"@type\":\"BreadcrumbList\",\"@id\":\"https:\/\/sunshinehospitals.co.mz\/specialities\/general-practitioner\/#breadcrumb\",\"itemListElement\":[{\"@type\":\"ListItem\",\"position\":1,\"name\":\"Home\",\"item\":\"https:\/\/sunshinehospitals.co.mz\/\"},{\"@type\":\"ListItem\",\"position\":2,\"name\":\"Specialities\",\"item\":\"https:\/\/sunshinehospitals.co.mz\/specialities\/\"},{\"@type\":\"ListItem\",\"position\":3,\"name\":\"General practitioner\"}]},{\"@type\":\"WebSite\",\"@id\":\"https:\/\/sunshinehospitals.co.mz\/#website\",\"url\":\"https:\/\/sunshinehospitals.co.mz\/\",\"name\":\"Sunshine Hospitals\",\"description\":\"Best HealthCare Hospital Services in Matola, Mozambique - Sunshine Hospitals | Maputo Central Hospital | Multi-Specialty Hospital in Matola, Mozambique\",\"publisher\":{\"@id\":\"https:\/\/sunshinehospitals.co.mz\/#organization\"},\"potentialAction\":[{\"@type\":\"SearchAction\",\"target\":{\"@type\":\"EntryPoint\",\"urlTemplate\":\"https:\/\/sunshinehospitals.co.mz\/?s={search_term_string}\"},\"query-input\":{\"@type\":\"PropertyValueSpecification\",\"valueRequired\":true,\"valueName\":\"search_term_string\"}}],\"inLanguage\":\"pt-PT\"},{\"@type\":\"Organization\",\"@id\":\"https:\/\/sunshinehospitals.co.mz\/#organization\",\"name\":\"Sunshine Hospitals\",\"url\":\"https:\/\/sunshinehospitals.co.mz\/\",\"logo\":{\"@type\":\"ImageObject\",\"inLanguage\":\"pt-PT\",\"@id\":\"https:\/\/sunshinehospitals.co.mz\/#\/schema\/logo\/image\/\",\"url\":\"https:\/\/sunshinehospitals.co.mz\/wp-content\/uploads\/2024\/01\/SUNSHINE-HOSPITALS-LOGO-e1708194969685.png\",\"contentUrl\":\"https:\/\/sunshinehospitals.co.mz\/wp-content\/uploads\/2024\/01\/SUNSHINE-HOSPITALS-LOGO-e1708194969685.png\",\"width\":500,\"height\":58,\"caption\":\"Sunshine Hospitals\"},\"image\":{\"@id\":\"https:\/\/sunshinehospitals.co.mz\/#\/schema\/logo\/image\/\"},\"sameAs\":[\"https:\/\/www.facebook.com\/893375397373189?ref=embed_page\",\"https:\/\/www.instagram.com\/sunshine_hospitals\/\"]}]}<\/script>\n<!-- \/ Yoast SEO plugin. -->","yoast_head_json":{"title":"M\u00e9dico de cl\u00ednica geral - Hospitais Sunshine","robots":{"index":"index","follow":"follow","max-snippet":"max-snippet:-1","max-image-preview":"max-image-preview:large","max-video-preview":"max-video-preview:-1"},"canonical":"https:\/\/sunshinehospitals.co.mz\/pt\/specialities\/general-practitioner\/","og_locale":"pt_PT","og_type":"article","og_title":"General practitioner - Sunshine Hospitals","og_description":"General practitioner About the General practitioner GPs specializing in internal medicine focus on the diagnosis, treatment, and prevention of adult diseases. They manage complex medical conditions such as diabetes, hypertension, heart disease, and respiratory disorders. Pediatrics: GPs with a specialization in pediatrics provide comprehensive healthcare for infants, children, and adolescents. They address issues related to [&hellip;]","og_url":"https:\/\/sunshinehospitals.co.mz\/pt\/specialities\/general-practitioner\/","og_site_name":"Sunshine Hospitals","article_publisher":"https:\/\/www.facebook.com\/893375397373189?ref=embed_page","article_modified_time":"2024-05-23T11:21:24+00:00","og_image":[{"width":612,"height":408,"url":"https:\/\/sunshinehospitals.co.mz\/wp-content\/uploads\/2024\/02\/General-Surgery-1.jpg","type":"image\/jpeg"}],"twitter_card":"summary_large_image","twitter_misc":{"Tempo estimado de leitura":"2 minutos"},"schema":{"@context":"https:\/\/schema.org","@graph":[{"@type":"WebPage","@id":"https:\/\/sunshinehospitals.co.mz\/specialities\/general-practitioner\/","url":"https:\/\/sunshinehospitals.co.mz\/specialities\/general-practitioner\/","name":"M\u00e9dico de cl\u00ednica geral - Hospitais Sunshine","isPartOf":{"@id":"https:\/\/sunshinehospitals.co.mz\/#website"},"primaryImageOfPage":{"@id":"https:\/\/sunshinehospitals.co.mz\/specialities\/general-practitioner\/#primaryimage"},"image":{"@id":"https:\/\/sunshinehospitals.co.mz\/specialities\/general-practitioner\/#primaryimage"},"thumbnailUrl":"https:\/\/sunshinehospitals.co.mz\/wp-content\/uploads\/2024\/02\/General-Surgery-1.jpg","datePublished":"2024-03-13T14:33:13+00:00","dateModified":"2024-05-23T11:21:24+00:00","breadcrumb":{"@id":"https:\/\/sunshinehospitals.co.mz\/specialities\/general-practitioner\/#breadcrumb"},"inLanguage":"pt-PT","potentialAction":[{"@type":"ReadAction","target":["https:\/\/sunshinehospitals.co.mz\/specialities\/general-practitioner\/"]}]},{"@type":"ImageObject","inLanguage":"pt-PT","@id":"https:\/\/sunshinehospitals.co.mz\/specialities\/general-practitioner\/#primaryimage","url":"https:\/\/sunshinehospitals.co.mz\/wp-content\/uploads\/2024\/02\/General-Surgery-1.jpg","contentUrl":"https:\/\/sunshinehospitals.co.mz\/wp-content\/uploads\/2024\/02\/General-Surgery-1.jpg","width":612,"height":408,"caption":"Hospital health care and medicine."},{"@type":"BreadcrumbList","@id":"https:\/\/sunshinehospitals.co.mz\/specialities\/general-practitioner\/#breadcrumb","itemListElement":[{"@type":"ListItem","position":1,"name":"Home","item":"https:\/\/sunshinehospitals.co.mz\/"},{"@type":"ListItem","position":2,"name":"Specialities","item":"https:\/\/sunshinehospitals.co.mz\/specialities\/"},{"@type":"ListItem","position":3,"name":"General practitioner"}]},{"@type":"WebSite","@id":"https:\/\/sunshinehospitals.co.mz\/#website","url":"https:\/\/sunshinehospitals.co.mz\/","name":"Sunshine Hospitals","description":"Melhores Servi\u00e7os Hospitalares de Sa\u00fade em Matola, Mo\u00e7ambique - Sunshine Hospitals | Hospital Central de Maputo | Hospital Multi-Especialidades em Matola, Mo\u00e7ambique","publisher":{"@id":"https:\/\/sunshinehospitals.co.mz\/#organization"},"potentialAction":[{"@type":"SearchAction","target":{"@type":"EntryPoint","urlTemplate":"https:\/\/sunshinehospitals.co.mz\/?s={search_term_string}"},"query-input":{"@type":"PropertyValueSpecification","valueRequired":true,"valueName":"search_term_string"}}],"inLanguage":"pt-PT"},{"@type":"Organization","@id":"https:\/\/sunshinehospitals.co.mz\/#organization","name":"Sunshine Hospitals","url":"https:\/\/sunshinehospitals.co.mz\/","logo":{"@type":"ImageObject","inLanguage":"pt-PT","@id":"https:\/\/sunshinehospitals.co.mz\/#\/schema\/logo\/image\/","url":"https:\/\/sunshinehospitals.co.mz\/wp-content\/uploads\/2024\/01\/SUNSHINE-HOSPITALS-LOGO-e1708194969685.png","contentUrl":"https:\/\/sunshinehospitals.co.mz\/wp-content\/uploads\/2024\/01\/SUNSHINE-HOSPITALS-LOGO-e1708194969685.png","width":500,"height":58,"caption":"Sunshine Hospitals"},"image":{"@id":"https:\/\/sunshinehospitals.co.mz\/#\/schema\/logo\/image\/"},"sameAs":["https:\/\/www.facebook.com\/893375397373189?ref=embed_page","https:\/\/www.instagram.com\/sunshine_hospitals\/"]}]}},"_links":{"self":[{"href":"https:\/\/sunshinehospitals.co.mz\/pt\/wp-json\/wp\/v2\/pages\/4166","targetHints":{"allow":["GET"]}}],"collection":[{"href":"https:\/\/sunshinehospitals.co.mz\/pt\/wp-json\/wp\/v2\/pages"}],"about":[{"href":"https:\/\/sunshinehospitals.co.mz\/pt\/wp-json\/wp\/v2\/types\/page"}],"author":[{"embeddable":true,"href":"https:\/\/sunshinehospitals.co.mz\/pt\/wp-json\/wp\/v2\/users\/1"}],"replies":[{"embeddable":true,"href":"https:\/\/sunshinehospitals.co.mz\/pt\/wp-json\/wp\/v2\/comments?post=4166"}],"version-history":[{"count":0,"href":"https:\/\/sunshinehospitals.co.mz\/pt\/wp-json\/wp\/v2\/pages\/4166\/revisions"}],"up":[{"embeddable":true,"href":"https:\/\/sunshinehospitals.co.mz\/pt\/wp-json\/wp\/v2\/pages\/68"}],"wp:featuredmedia":[{"embeddable":true,"href":"https:\/\/sunshinehospitals.co.mz\/pt\/wp-json\/wp\/v2\/media\/1879"}],"wp:attachment":[{"href":"https:\/\/sunshinehospitals.co.mz\/pt\/wp-json\/wp\/v2\/media?parent=4166"}],"curies":[{"name":"wp","href":"https:\/\/api.w.org\/{rel}","templated":true}]}}