{"id":4164,"date":"2024-03-13T14:15:34","date_gmt":"2024-03-13T14:15:34","guid":{"rendered":"https:\/\/sunshinehospitals.co.mz\/?page_id=4164"},"modified":"2024-05-23T11:23:21","modified_gmt":"2024-05-23T11:23:21","slug":"otorhinolaryngology","status":"publish","type":"page","link":"https:\/\/sunshinehospitals.co.mz\/pt\/specialities\/otorhinolaryngology\/","title":{"rendered":"Otorrinolaringologia"},"content":{"rendered":"<div data-elementor-type=\"wp-page\" data-elementor-id=\"4164\" data-post-id=\"4164\" data-obj-id=\"4164\" class=\"elementor elementor-4164 dce-elementor-post-4164\">\n\t\t\t\t<div class=\"elementor-element elementor-element-5fba60c e-flex e-con-boxed e-con e-parent\" data-id=\"5fba60c\" data-element_type=\"container\" data-settings=\"{&quot;background_background&quot;:&quot;classic&quot;}\">\n\t\t\t\t\t<div class=\"e-con-inner\">\n\t\t\t\t<div class=\"elementor-element elementor-element-14bc0b1 ee-breadcrumbs-align-left elementor-widget elementor-widget-ee-breadcrumbs\" data-id=\"14bc0b1\" data-element_type=\"widget\" data-widget_type=\"ee-breadcrumbs.default\">\n\t\t\t\t<div class=\"elementor-widget-container\">\n\t\t\t<ul class=\"ee-breadcrumbs\"><\/ul>\t\t<\/div>\n\t\t\t\t<\/div>\n\t\t\t\t\t<\/div>\n\t\t\t\t<\/div>\n\t\t<div class=\"elementor-element elementor-element-f0b96a9 e-flex e-con-boxed e-con e-parent\" data-id=\"f0b96a9\" data-element_type=\"container\" data-settings=\"{&quot;background_background&quot;:&quot;classic&quot;}\">\n\t\t\t\t\t<div class=\"e-con-inner\">\n\t\t\t\t<div class=\"elementor-element elementor-element-a0f3d37 elementor-widget elementor-widget-dyncontel-title\" data-id=\"a0f3d37\" data-element_type=\"widget\" data-widget_type=\"dyncontel-title.default\">\n\t\t\t\t<div class=\"elementor-widget-container\">\n\t\t\t<h2 class=\"dynamic-content-for-elementor-title\"><a href=\"https:\/\/sunshinehospitals.co.mz\/pt\/specialities\/otorhinolaryngology\/\"><span class=\"dce-title\">Otorrinolaringologia<\/span><\/a><\/h2>\t\t<\/div>\n\t\t\t\t<\/div>\n\t\t\t\t\t<\/div>\n\t\t\t\t<\/div>\n\t\t<div class=\"elementor-element elementor-element-a108dfc single-details-page-sec e-flex e-con-boxed e-con e-parent\" data-id=\"a108dfc\" data-element_type=\"container\">\n\t\t\t\t\t<div class=\"e-con-inner\">\n\t\t<div class=\"elementor-element elementor-element-87c9d52 e-flex e-con-boxed e-con e-child\" data-id=\"87c9d52\" data-element_type=\"container\" data-settings=\"{&quot;background_background&quot;:&quot;classic&quot;}\">\n\t\t\t\t\t<div class=\"e-con-inner\">\n\t\t\t\t<div class=\"elementor-element elementor-element-b5e90b2 eael-dual-header-content-align-center elementor-widget elementor-widget-eael-dual-color-header\" data-id=\"b5e90b2\" data-element_type=\"widget\" data-widget_type=\"eael-dual-color-header.default\">\n\t\t\t\t<div class=\"elementor-widget-container\">\n\t\t\t\t\t\t<div class=\"eael-dual-header\">\n\t\t\t\t<h3 class=\"title eael-dch-title\"><span class=\"eael-dch-title-text eael-dch-title-lead lead solid-color\">Sobre o <\/span> <span class=\"eael-dch-title-text\">Otorrinolaringologia<\/span><\/h3>\t\t\t<\/div>\n\n\t\t\t\t<\/div>\n\t\t\t\t<\/div>\n\t\t\t\t<div class=\"elementor-element elementor-element-79cca69 elementor-widget elementor-widget-text-editor\" data-id=\"79cca69\" data-element_type=\"widget\" data-widget_type=\"text-editor.default\">\n\t\t\t\t<div class=\"elementor-widget-container\">\n\t\t\t\t\t\t\t<p>Os Sunshine Hospitals, como muitos centros de atendimento terci\u00e1rio, provavelmente oferecem uma gama de servi\u00e7os especializados na \u00e1rea de Otorrinolaringologia (ENT - Ouvido, Nariz e Garganta). Aqui est\u00e1 um esbo\u00e7o do conte\u00fado que voc\u00ea pode incluir ao discutir as especialidades de Otorrinolaringologia oferecidas pelos Sunshine Hospitals:<\/p>\t\t\t\t\t\t<\/div>\n\t\t\t\t<\/div>\n\t\t\t\t\t<\/div>\n\t\t\t\t<\/div>\n\t\t<div class=\"elementor-element elementor-element-55f1834 e-flex e-con-boxed e-con e-child\" data-id=\"55f1834\" data-element_type=\"container\">\n\t\t\t\t\t<div class=\"e-con-inner\">\n\t\t<div class=\"elementor-element elementor-element-8a464f9 e-flex e-con-boxed e-con e-child\" data-id=\"8a464f9\" data-element_type=\"container\">\n\t\t\t\t\t<div class=\"e-con-inner\">\n\t\t\t\t<div class=\"elementor-element elementor-element-1968bf8 dce_masking-none elementor-widget elementor-widget-image\" data-id=\"1968bf8\" data-element_type=\"widget\" data-widget_type=\"image.default\">\n\t\t\t\t<div class=\"elementor-widget-container\">\n\t\t\t\t\t\t\t\t\t\t\t\t\t<img fetchpriority=\"high\" decoding=\"async\" width=\"781\" height=\"440\" src=\"https:\/\/sunshinehospitals.co.mz\/wp-content\/uploads\/2024\/03\/Otorhinolaryngology.webp\" class=\"attachment-full size-full wp-image-3987\" alt=\"\" srcset=\"https:\/\/sunshinehospitals.co.mz\/wp-content\/uploads\/2024\/03\/Otorhinolaryngology.webp 781w, https:\/\/sunshinehospitals.co.mz\/wp-content\/uploads\/2024\/03\/Otorhinolaryngology-300x169.webp 300w, https:\/\/sunshinehospitals.co.mz\/wp-content\/uploads\/2024\/03\/Otorhinolaryngology-768x433.webp 768w\" sizes=\"(max-width: 781px) 100vw, 781px\" \/>\t\t\t\t\t\t\t\t\t\t\t\t\t<\/div>\n\t\t\t\t<\/div>\n\t\t\t\t\t<\/div>\n\t\t\t\t<\/div>\n\t\t<div class=\"elementor-element elementor-element-73882bc e-flex e-con-boxed e-con e-child\" data-id=\"73882bc\" data-element_type=\"container\">\n\t\t\t\t\t<div class=\"e-con-inner\">\n\t\t\t\t<div class=\"elementor-element elementor-element-383122a elementor-widget elementor-widget-text-editor\" data-id=\"383122a\" data-element_type=\"widget\" data-widget_type=\"text-editor.default\">\n\t\t\t\t<div class=\"elementor-widget-container\">\n\t\t\t\t\t\t\t<ul><li><p><strong>Vis\u00e3o Geral da Otorrinolaringologia<\/strong>: Fornecer uma breve introdu\u00e7\u00e3o \u00e0 \u00e1rea de Otorrinolaringologia, explicando que ela trata de afec\u00e7\u00f5es relacionadas ao ouvido, nariz, garganta, cabe\u00e7a e pesco\u00e7o.<\/p><\/li><li><p><strong>Departamento de Otorrinolaringologia do Sunshine Hospitals<\/strong>: Apresentar o Sunshine Hospitals e destacar sua experi\u00eancia e reputa\u00e7\u00e3o na presta\u00e7\u00e3o de servi\u00e7os abrangentes de Otorrinolaringologia.<\/p><\/li><li><p><strong>Servi\u00e7os Especializados<\/strong>:<\/p><ul><li><strong>Otologia\/Neurotologia<\/strong>: Diagn\u00f3stico e tratamento de dist\u00farbios relacionados ao ouvido, incluindo perda auditiva, dist\u00farbios de equil\u00edbrio e tumores do ouvido e da base do cr\u00e2nio.<\/li><li><strong>Rinologia<\/strong>: Tratamento de dist\u00farbios nasais e sinusais, como sinusite, p\u00f3lipos nasais, desvio de septo nasal e rinite al\u00e9rgica.<\/li><li><strong>Laringologia<\/strong>: Avalia\u00e7\u00e3o e tratamento de dist\u00farbios de voz e degluti\u00e7\u00e3o, incluindo n\u00f3dulos nas cordas vocais, laringite e disfagia.<\/li><li><strong>Cirurgia de Cabe\u00e7a e Pesco\u00e7o<\/strong>: Tratamento cir\u00fargico de c\u00e2ncer de cabe\u00e7a e pesco\u00e7o, dist\u00farbios da tireoide, dist\u00farbios das gl\u00e2ndulas salivares e massas cervicais.<\/li><li><strong>Otorrinolaringologia Pedi\u00e1trica<\/strong>: Atendimento especializado para crian\u00e7as com dist\u00farbios otorrinolaringol\u00f3gicos, incluindo infec\u00e7\u00f5es de ouvido, amigdalites, hipertrofia de adenoides e anomalias cong\u00eanitas.<\/li><li><strong>Cirurgia Pl\u00e1stica Facial e Reconstrutiva<\/strong>: Procedimentos cosm\u00e9ticos e reconstrutivos para face, cabe\u00e7a e pesco\u00e7o, incluindo rinoplastia, rejuvenescimento facial e reconstru\u00e7\u00e3o de traumas faciais.<\/li><\/ul><\/li><\/ul>\t\t\t\t\t\t<\/div>\n\t\t\t\t<\/div>\n\t\t\t\t\t<\/div>\n\t\t\t\t<\/div>\n\t\t\t\t\t<\/div>\n\t\t\t\t<\/div>\n\t\t<div class=\"elementor-element elementor-element-84003a6 e-flex e-con-boxed e-con e-child\" data-id=\"84003a6\" data-element_type=\"container\">\n\t\t\t\t\t<div class=\"e-con-inner\">\n\t\t<div class=\"elementor-element elementor-element-a15dec1 e-flex e-con-boxed e-con e-child\" data-id=\"a15dec1\" data-element_type=\"container\">\n\t\t\t\t\t<div class=\"e-con-inner\">\n\t\t\t\t<div class=\"elementor-element elementor-element-6dbf94e elementor-widget elementor-widget-text-editor\" data-id=\"6dbf94e\" data-element_type=\"widget\" data-widget_type=\"text-editor.default\">\n\t\t\t\t<div class=\"elementor-widget-container\">\n\t\t\t\t\t\t\t<ul><li><p><strong>Tecnologia de ponta<\/strong>: Mencione quaisquer tecnologias ou equipamentos avan\u00e7ados dispon\u00edveis nos Sunshine Hospitals para diagn\u00f3stico e tratamento, como cirurgia a laser, cirurgia assistida por rob\u00f3tica, impress\u00e3o 3D para implantes e sistemas de navega\u00e7\u00e3o para cirurgia sinusal.<\/p><\/li><li><p><strong>Cuidado Centrado no Paciente<\/strong>: Enfatize o compromisso do Sunshine Hospitals com o atendimento centrado no paciente, planos de tratamento personalizados e educa\u00e7\u00e3o do paciente em rela\u00e7\u00e3o \u00e0s condi\u00e7\u00f5es otorrinolaringol\u00f3gicas e op\u00e7\u00f5es de tratamento.<\/p><\/li><li><p><strong>Resultados e depoimentos de pacientes<\/strong>: Compartilhe hist\u00f3rias de sucesso, depoimentos de pacientes e dados de resultados para mostrar a efic\u00e1cia e a qualidade do atendimento prestado pelo departamento de otorrinolaringologia do Sunshine Hospitals.<\/p><\/li><\/ul>\t\t\t\t\t\t<\/div>\n\t\t\t\t<\/div>\n\t\t\t\t\t<\/div>\n\t\t\t\t<\/div>\n\t\t<div class=\"elementor-element elementor-element-b7eeb01 e-flex e-con-boxed e-con e-child\" data-id=\"b7eeb01\" data-element_type=\"container\">\n\t\t\t\t\t<div class=\"e-con-inner\">\n\t\t\t\t<div class=\"elementor-element elementor-element-d16baef elementor-widget elementor-widget-text-editor\" data-id=\"d16baef\" data-element_type=\"widget\" data-widget_type=\"text-editor.default\">\n\t\t\t\t<div class=\"elementor-widget-container\">\n\t\t\t\t\t\t\t<ul><li><p><strong>T\u00e9cnicas diagn\u00f3sticas e terap\u00eauticas avan\u00e7adas<\/strong>:<\/p><ul><li><strong>Procedimentos Endosc\u00f3picos<\/strong>: Utiliza\u00e7\u00e3o de endosc\u00f3pios para avalia\u00e7\u00e3o e tratamento minimamente invasivos de condi\u00e7\u00f5es otorrinolaringol\u00f3gicas.<\/li><li><strong>Cirurgia Microsc\u00f3pica<\/strong>: Cirurgia de precis\u00e3o usando microsc\u00f3pios para procedimentos delicados, como timpanoplastia, estapedectomia e microcirurgia lar\u00edngea.<\/li><li><strong>Avalia\u00e7\u00f5es de voz e degluti\u00e7\u00e3o<\/strong>: Avalia\u00e7\u00f5es abrangentes para dist\u00farbios de voz e disfagia, incluindo videoestroboscopia e estudos de degluti\u00e7\u00e3o.<\/li><\/ul><\/li><li><p><strong>Abordagem multidisciplinar<\/strong>: Destaque a abordagem colaborativa do Sunshine Hospitals, envolvendo otorrinolaringologistas, fonoaudi\u00f3logos, fonoaudi\u00f3logos, oncologistas e outros profissionais de sa\u00fade para atendimento integral ao paciente.<\/p><\/li><\/ul>\t\t\t\t\t\t<\/div>\n\t\t\t\t<\/div>\n\t\t\t\t\t<\/div>\n\t\t\t\t<\/div>\n\t\t\t\t\t<\/div>\n\t\t\t\t<\/div>\n\t\t\t\t\t<\/div>\n\t\t\t\t<\/div>\n\t\t<div class=\"elementor-element elementor-element-e025dd8 e-flex e-con-boxed e-con e-parent\" data-id=\"e025dd8\" data-element_type=\"container\" data-settings=\"{&quot;background_background&quot;:&quot;classic&quot;}\">\n\t\t\t\t\t<div class=\"e-con-inner\">\n\t\t\t\t<div class=\"elementor-element elementor-element-2f3e0c3b elementor-widget elementor-widget-heading\" data-id=\"2f3e0c3b\" data-element_type=\"widget\" data-widget_type=\"heading.default\">\n\t\t\t\t<div class=\"elementor-widget-container\">\n\t\t\t<h2 class=\"elementor-heading-title elementor-size-large\">Contacte-nos<\/h2>\t\t<\/div>\n\t\t\t\t<\/div>\n\t\t<div class=\"elementor-element elementor-element-24036ffa e-flex e-con-boxed e-con e-child\" data-id=\"24036ffa\" data-element_type=\"container\">\n\t\t\t\t\t<div class=\"e-con-inner\">\n\t\t<div class=\"elementor-element elementor-element-230c8f5d e-flex e-con-boxed e-con e-child\" data-id=\"230c8f5d\" data-element_type=\"container\">\n\t\t\t\t\t<div class=\"e-con-inner\">\n\t\t\t\t<div class=\"elementor-element elementor-element-501a6c14 elementor-align-center elementor-widget elementor-widget-button\" data-id=\"501a6c14\" data-element_type=\"widget\" data-widget_type=\"button.default\">\n\t\t\t\t<div class=\"elementor-widget-container\">\n\t\t\t\t\t\t\t<div class=\"elementor-button-wrapper\">\n\t\t\t\t\t<a class=\"elementor-button elementor-button-link elementor-size-sm\" href=\"https:\/\/sunshinehospitals.co.mz\/book-an-appointment\/\">\n\t\t\t\t\t\t<span class=\"elementor-button-content-wrapper\">\n\t\t\t\t\t\t\t\t\t<span class=\"elementor-button-text\">Marque uma consulta<\/span>\n\t\t\t\t\t<\/span>\n\t\t\t\t\t<\/a>\n\t\t\t\t<\/div>\n\t\t\t\t\t\t<\/div>\n\t\t\t\t<\/div>\n\t\t\t\t\t<\/div>\n\t\t\t\t<\/div>\n\t\t<div class=\"elementor-element elementor-element-63fd774b e-flex e-con-boxed e-con e-child\" data-id=\"63fd774b\" data-element_type=\"container\">\n\t\t\t\t\t<div class=\"e-con-inner\">\n\t\t\t\t<div class=\"elementor-element elementor-element-63968054 elementor-align-center elementor-widget elementor-widget-button\" data-id=\"63968054\" data-element_type=\"widget\" data-widget_type=\"button.default\">\n\t\t\t\t<div class=\"elementor-widget-container\">\n\t\t\t\t\t\t\t<div class=\"elementor-button-wrapper\">\n\t\t\t\t\t<a class=\"elementor-button elementor-button-link elementor-size-sm\" href=\"https:\/\/sunshinehospitals.co.mz\/contact-us\/\">\n\t\t\t\t\t\t<span class=\"elementor-button-content-wrapper\">\n\t\t\t\t\t\t\t\t\t<span class=\"elementor-button-text\">Fa\u00e7a um pedido<\/span>\n\t\t\t\t\t<\/span>\n\t\t\t\t\t<\/a>\n\t\t\t\t<\/div>\n\t\t\t\t\t\t<\/div>\n\t\t\t\t<\/div>\n\t\t\t\t\t<\/div>\n\t\t\t\t<\/div>\n\t\t\t\t\t<\/div>\n\t\t\t\t<\/div>\n\t\t\t\t\t<\/div>\n\t\t\t\t<\/div>\n\t\t\t\t<\/div>","protected":false},"excerpt":{"rendered":"<p>Otorrinolaringologia Sobre a Otorrinolaringologia O Sunshine Hospitals, assim como muitos centros de atendimento terci\u00e1rio, provavelmente oferece uma gama de servi\u00e7os especializados na \u00e1rea de Otorrinolaringologia (ORL \u2013 Otorrinolaringologia). Aqui est\u00e1 um resumo do conte\u00fado que voc\u00ea pode incluir ao discutir as especialidades de Otorrinolaringologia oferecidas pelo Sunshine Hospitals: Vis\u00e3o geral da Otorrinolaringologia: Forne\u00e7a uma breve introdu\u00e7\u00e3o [\u2026]<\/p>","protected":false},"author":1,"featured_media":3987,"parent":68,"menu_order":0,"comment_status":"closed","ping_status":"closed","template":"","meta":{"footnotes":""},"class_list":["post-4164","page","type-page","status-publish","has-post-thumbnail","hentry"],"yoast_head":"<!-- This site is optimized with the Yoast SEO plugin v26.3 - https:\/\/yoast.com\/wordpress\/plugins\/seo\/ -->\n<title>Otorhinolaryngology - Sunshine Hospitals<\/title>\n<meta name=\"robots\" content=\"index, follow, max-snippet:-1, max-image-preview:large, max-video-preview:-1\" \/>\n<link rel=\"canonical\" href=\"https:\/\/sunshinehospitals.co.mz\/pt\/specialities\/otorhinolaryngology\/\" \/>\n<meta property=\"og:locale\" content=\"pt_PT\" \/>\n<meta property=\"og:type\" content=\"article\" \/>\n<meta property=\"og:title\" content=\"Otorhinolaryngology - Sunshine Hospitals\" \/>\n<meta property=\"og:description\" content=\"Otorhinolaryngology About the Otorhinolaryngology Sunshine Hospitals, like many tertiary care centers, likely offers a range of specialized services within the field of Otorhinolaryngology (ENT &#8211; Ear, Nose, and Throat). Here is an outline of the content you could include when discussing the Otorhinolaryngology specialties provided by Sunshine Hospitals: Overview of Otorhinolaryngology: Provide a brief introduction [&hellip;]\" \/>\n<meta property=\"og:url\" content=\"https:\/\/sunshinehospitals.co.mz\/pt\/specialities\/otorhinolaryngology\/\" \/>\n<meta property=\"og:site_name\" content=\"Sunshine Hospitals\" \/>\n<meta property=\"article:publisher\" content=\"https:\/\/www.facebook.com\/893375397373189?ref=embed_page\" \/>\n<meta property=\"article:modified_time\" content=\"2024-05-23T11:23:21+00:00\" \/>\n<meta property=\"og:image\" content=\"https:\/\/sunshinehospitals.co.mz\/wp-content\/uploads\/2024\/03\/Otorhinolaryngology.webp\" \/>\n\t<meta property=\"og:image:width\" content=\"781\" \/>\n\t<meta property=\"og:image:height\" content=\"440\" \/>\n\t<meta property=\"og:image:type\" content=\"image\/webp\" \/>\n<meta name=\"twitter:card\" content=\"summary_large_image\" \/>\n<meta name=\"twitter:label1\" content=\"Tempo estimado de leitura\" \/>\n\t<meta name=\"twitter:data1\" content=\"3 minutos\" \/>\n<script type=\"application\/ld+json\" class=\"yoast-schema-graph\">{\"@context\":\"https:\/\/schema.org\",\"@graph\":[{\"@type\":\"WebPage\",\"@id\":\"https:\/\/sunshinehospitals.co.mz\/specialities\/otorhinolaryngology\/\",\"url\":\"https:\/\/sunshinehospitals.co.mz\/specialities\/otorhinolaryngology\/\",\"name\":\"Otorhinolaryngology - Sunshine Hospitals\",\"isPartOf\":{\"@id\":\"https:\/\/sunshinehospitals.co.mz\/#website\"},\"primaryImageOfPage\":{\"@id\":\"https:\/\/sunshinehospitals.co.mz\/specialities\/otorhinolaryngology\/#primaryimage\"},\"image\":{\"@id\":\"https:\/\/sunshinehospitals.co.mz\/specialities\/otorhinolaryngology\/#primaryimage\"},\"thumbnailUrl\":\"https:\/\/sunshinehospitals.co.mz\/wp-content\/uploads\/2024\/03\/Otorhinolaryngology.webp\",\"datePublished\":\"2024-03-13T14:15:34+00:00\",\"dateModified\":\"2024-05-23T11:23:21+00:00\",\"breadcrumb\":{\"@id\":\"https:\/\/sunshinehospitals.co.mz\/specialities\/otorhinolaryngology\/#breadcrumb\"},\"inLanguage\":\"pt-PT\",\"potentialAction\":[{\"@type\":\"ReadAction\",\"target\":[\"https:\/\/sunshinehospitals.co.mz\/specialities\/otorhinolaryngology\/\"]}]},{\"@type\":\"ImageObject\",\"inLanguage\":\"pt-PT\",\"@id\":\"https:\/\/sunshinehospitals.co.mz\/specialities\/otorhinolaryngology\/#primaryimage\",\"url\":\"https:\/\/sunshinehospitals.co.mz\/wp-content\/uploads\/2024\/03\/Otorhinolaryngology.webp\",\"contentUrl\":\"https:\/\/sunshinehospitals.co.mz\/wp-content\/uploads\/2024\/03\/Otorhinolaryngology.webp\",\"width\":781,\"height\":440},{\"@type\":\"BreadcrumbList\",\"@id\":\"https:\/\/sunshinehospitals.co.mz\/specialities\/otorhinolaryngology\/#breadcrumb\",\"itemListElement\":[{\"@type\":\"ListItem\",\"position\":1,\"name\":\"Home\",\"item\":\"https:\/\/sunshinehospitals.co.mz\/\"},{\"@type\":\"ListItem\",\"position\":2,\"name\":\"Specialities\",\"item\":\"https:\/\/sunshinehospitals.co.mz\/specialities\/\"},{\"@type\":\"ListItem\",\"position\":3,\"name\":\"Otorhinolaryngology\"}]},{\"@type\":\"WebSite\",\"@id\":\"https:\/\/sunshinehospitals.co.mz\/#website\",\"url\":\"https:\/\/sunshinehospitals.co.mz\/\",\"name\":\"Sunshine Hospitals\",\"description\":\"Best HealthCare Hospital Services in Matola, Mozambique - Sunshine Hospitals | Maputo Central Hospital | Multi-Specialty Hospital in Matola, Mozambique\",\"publisher\":{\"@id\":\"https:\/\/sunshinehospitals.co.mz\/#organization\"},\"potentialAction\":[{\"@type\":\"SearchAction\",\"target\":{\"@type\":\"EntryPoint\",\"urlTemplate\":\"https:\/\/sunshinehospitals.co.mz\/?s={search_term_string}\"},\"query-input\":{\"@type\":\"PropertyValueSpecification\",\"valueRequired\":true,\"valueName\":\"search_term_string\"}}],\"inLanguage\":\"pt-PT\"},{\"@type\":\"Organization\",\"@id\":\"https:\/\/sunshinehospitals.co.mz\/#organization\",\"name\":\"Sunshine Hospitals\",\"url\":\"https:\/\/sunshinehospitals.co.mz\/\",\"logo\":{\"@type\":\"ImageObject\",\"inLanguage\":\"pt-PT\",\"@id\":\"https:\/\/sunshinehospitals.co.mz\/#\/schema\/logo\/image\/\",\"url\":\"https:\/\/sunshinehospitals.co.mz\/wp-content\/uploads\/2024\/01\/SUNSHINE-HOSPITALS-LOGO-e1708194969685.png\",\"contentUrl\":\"https:\/\/sunshinehospitals.co.mz\/wp-content\/uploads\/2024\/01\/SUNSHINE-HOSPITALS-LOGO-e1708194969685.png\",\"width\":500,\"height\":58,\"caption\":\"Sunshine Hospitals\"},\"image\":{\"@id\":\"https:\/\/sunshinehospitals.co.mz\/#\/schema\/logo\/image\/\"},\"sameAs\":[\"https:\/\/www.facebook.com\/893375397373189?ref=embed_page\",\"https:\/\/www.instagram.com\/sunshine_hospitals\/\"]}]}<\/script>\n<!-- \/ Yoast SEO plugin. -->","yoast_head_json":{"title":"Otorrinolaringologia - Hospitais Sunshine","robots":{"index":"index","follow":"follow","max-snippet":"max-snippet:-1","max-image-preview":"max-image-preview:large","max-video-preview":"max-video-preview:-1"},"canonical":"https:\/\/sunshinehospitals.co.mz\/pt\/specialities\/otorhinolaryngology\/","og_locale":"pt_PT","og_type":"article","og_title":"Otorhinolaryngology - Sunshine Hospitals","og_description":"Otorhinolaryngology About the Otorhinolaryngology Sunshine Hospitals, like many tertiary care centers, likely offers a range of specialized services within the field of Otorhinolaryngology (ENT &#8211; Ear, Nose, and Throat). Here is an outline of the content you could include when discussing the Otorhinolaryngology specialties provided by Sunshine Hospitals: Overview of Otorhinolaryngology: Provide a brief introduction [&hellip;]","og_url":"https:\/\/sunshinehospitals.co.mz\/pt\/specialities\/otorhinolaryngology\/","og_site_name":"Sunshine Hospitals","article_publisher":"https:\/\/www.facebook.com\/893375397373189?ref=embed_page","article_modified_time":"2024-05-23T11:23:21+00:00","og_image":[{"width":781,"height":440,"url":"https:\/\/sunshinehospitals.co.mz\/wp-content\/uploads\/2024\/03\/Otorhinolaryngology.webp","type":"image\/webp"}],"twitter_card":"summary_large_image","twitter_misc":{"Tempo estimado de leitura":"3 minutos"},"schema":{"@context":"https:\/\/schema.org","@graph":[{"@type":"WebPage","@id":"https:\/\/sunshinehospitals.co.mz\/specialities\/otorhinolaryngology\/","url":"https:\/\/sunshinehospitals.co.mz\/specialities\/otorhinolaryngology\/","name":"Otorrinolaringologia - Hospitais Sunshine","isPartOf":{"@id":"https:\/\/sunshinehospitals.co.mz\/#website"},"primaryImageOfPage":{"@id":"https:\/\/sunshinehospitals.co.mz\/specialities\/otorhinolaryngology\/#primaryimage"},"image":{"@id":"https:\/\/sunshinehospitals.co.mz\/specialities\/otorhinolaryngology\/#primaryimage"},"thumbnailUrl":"https:\/\/sunshinehospitals.co.mz\/wp-content\/uploads\/2024\/03\/Otorhinolaryngology.webp","datePublished":"2024-03-13T14:15:34+00:00","dateModified":"2024-05-23T11:23:21+00:00","breadcrumb":{"@id":"https:\/\/sunshinehospitals.co.mz\/specialities\/otorhinolaryngology\/#breadcrumb"},"inLanguage":"pt-PT","potentialAction":[{"@type":"ReadAction","target":["https:\/\/sunshinehospitals.co.mz\/specialities\/otorhinolaryngology\/"]}]},{"@type":"ImageObject","inLanguage":"pt-PT","@id":"https:\/\/sunshinehospitals.co.mz\/specialities\/otorhinolaryngology\/#primaryimage","url":"https:\/\/sunshinehospitals.co.mz\/wp-content\/uploads\/2024\/03\/Otorhinolaryngology.webp","contentUrl":"https:\/\/sunshinehospitals.co.mz\/wp-content\/uploads\/2024\/03\/Otorhinolaryngology.webp","width":781,"height":440},{"@type":"BreadcrumbList","@id":"https:\/\/sunshinehospitals.co.mz\/specialities\/otorhinolaryngology\/#breadcrumb","itemListElement":[{"@type":"ListItem","position":1,"name":"Home","item":"https:\/\/sunshinehospitals.co.mz\/"},{"@type":"ListItem","position":2,"name":"Specialities","item":"https:\/\/sunshinehospitals.co.mz\/specialities\/"},{"@type":"ListItem","position":3,"name":"Otorhinolaryngology"}]},{"@type":"WebSite","@id":"https:\/\/sunshinehospitals.co.mz\/#website","url":"https:\/\/sunshinehospitals.co.mz\/","name":"Sunshine Hospitals","description":"Melhores Servi\u00e7os Hospitalares de Sa\u00fade em Matola, Mo\u00e7ambique - Sunshine Hospitals | Hospital Central de Maputo | Hospital Multi-Especialidades em Matola, Mo\u00e7ambique","publisher":{"@id":"https:\/\/sunshinehospitals.co.mz\/#organization"},"potentialAction":[{"@type":"SearchAction","target":{"@type":"EntryPoint","urlTemplate":"https:\/\/sunshinehospitals.co.mz\/?s={search_term_string}"},"query-input":{"@type":"PropertyValueSpecification","valueRequired":true,"valueName":"search_term_string"}}],"inLanguage":"pt-PT"},{"@type":"Organization","@id":"https:\/\/sunshinehospitals.co.mz\/#organization","name":"Sunshine Hospitals","url":"https:\/\/sunshinehospitals.co.mz\/","logo":{"@type":"ImageObject","inLanguage":"pt-PT","@id":"https:\/\/sunshinehospitals.co.mz\/#\/schema\/logo\/image\/","url":"https:\/\/sunshinehospitals.co.mz\/wp-content\/uploads\/2024\/01\/SUNSHINE-HOSPITALS-LOGO-e1708194969685.png","contentUrl":"https:\/\/sunshinehospitals.co.mz\/wp-content\/uploads\/2024\/01\/SUNSHINE-HOSPITALS-LOGO-e1708194969685.png","width":500,"height":58,"caption":"Sunshine Hospitals"},"image":{"@id":"https:\/\/sunshinehospitals.co.mz\/#\/schema\/logo\/image\/"},"sameAs":["https:\/\/www.facebook.com\/893375397373189?ref=embed_page","https:\/\/www.instagram.com\/sunshine_hospitals\/"]}]}},"_links":{"self":[{"href":"https:\/\/sunshinehospitals.co.mz\/pt\/wp-json\/wp\/v2\/pages\/4164","targetHints":{"allow":["GET"]}}],"collection":[{"href":"https:\/\/sunshinehospitals.co.mz\/pt\/wp-json\/wp\/v2\/pages"}],"about":[{"href":"https:\/\/sunshinehospitals.co.mz\/pt\/wp-json\/wp\/v2\/types\/page"}],"author":[{"embeddable":true,"href":"https:\/\/sunshinehospitals.co.mz\/pt\/wp-json\/wp\/v2\/users\/1"}],"replies":[{"embeddable":true,"href":"https:\/\/sunshinehospitals.co.mz\/pt\/wp-json\/wp\/v2\/comments?post=4164"}],"version-history":[{"count":0,"href":"https:\/\/sunshinehospitals.co.mz\/pt\/wp-json\/wp\/v2\/pages\/4164\/revisions"}],"up":[{"embeddable":true,"href":"https:\/\/sunshinehospitals.co.mz\/pt\/wp-json\/wp\/v2\/pages\/68"}],"wp:featuredmedia":[{"embeddable":true,"href":"https:\/\/sunshinehospitals.co.mz\/pt\/wp-json\/wp\/v2\/media\/3987"}],"wp:attachment":[{"href":"https:\/\/sunshinehospitals.co.mz\/pt\/wp-json\/wp\/v2\/media?parent=4164"}],"curies":[{"name":"wp","href":"https:\/\/api.w.org\/{rel}","templated":true}]}}