{"id":4159,"date":"2024-03-13T14:08:16","date_gmt":"2024-03-13T14:08:16","guid":{"rendered":"https:\/\/sunshinehospitals.co.mz\/?page_id=4159"},"modified":"2024-05-23T11:25:05","modified_gmt":"2024-05-23T11:25:05","slug":"nutrition","status":"publish","type":"page","link":"https:\/\/sunshinehospitals.co.mz\/pt\/specialities\/nutrition\/","title":{"rendered":"Nutri\u00e7\u00e3o"},"content":{"rendered":"<div data-elementor-type=\"wp-page\" data-elementor-id=\"4159\" data-post-id=\"4159\" data-obj-id=\"4159\" class=\"elementor elementor-4159 dce-elementor-post-4159\">\n\t\t\t\t<div class=\"elementor-element elementor-element-5fba60c e-flex e-con-boxed e-con e-parent\" data-id=\"5fba60c\" data-element_type=\"container\" data-settings=\"{&quot;background_background&quot;:&quot;classic&quot;}\">\n\t\t\t\t\t<div class=\"e-con-inner\">\n\t\t\t\t<div class=\"elementor-element elementor-element-14bc0b1 ee-breadcrumbs-align-left elementor-widget elementor-widget-ee-breadcrumbs\" data-id=\"14bc0b1\" data-element_type=\"widget\" data-widget_type=\"ee-breadcrumbs.default\">\n\t\t\t\t<div class=\"elementor-widget-container\">\n\t\t\t<ul class=\"ee-breadcrumbs\"><\/ul>\t\t<\/div>\n\t\t\t\t<\/div>\n\t\t\t\t\t<\/div>\n\t\t\t\t<\/div>\n\t\t<div class=\"elementor-element elementor-element-f0b96a9 e-flex e-con-boxed e-con e-parent\" data-id=\"f0b96a9\" data-element_type=\"container\" data-settings=\"{&quot;background_background&quot;:&quot;classic&quot;}\">\n\t\t\t\t\t<div class=\"e-con-inner\">\n\t\t\t\t<div class=\"elementor-element elementor-element-a0f3d37 elementor-widget elementor-widget-dyncontel-title\" data-id=\"a0f3d37\" data-element_type=\"widget\" data-widget_type=\"dyncontel-title.default\">\n\t\t\t\t<div class=\"elementor-widget-container\">\n\t\t\t<h2 class=\"dynamic-content-for-elementor-title\"><a href=\"https:\/\/sunshinehospitals.co.mz\/pt\/specialities\/nutrition\/\"><span class=\"dce-title\">Nutri\u00e7\u00e3o<\/span><\/a><\/h2>\t\t<\/div>\n\t\t\t\t<\/div>\n\t\t\t\t\t<\/div>\n\t\t\t\t<\/div>\n\t\t<div class=\"elementor-element elementor-element-a108dfc single-details-page-sec e-flex e-con-boxed e-con e-parent\" data-id=\"a108dfc\" data-element_type=\"container\">\n\t\t\t\t\t<div class=\"e-con-inner\">\n\t\t<div class=\"elementor-element elementor-element-87c9d52 e-flex e-con-boxed e-con e-child\" data-id=\"87c9d52\" data-element_type=\"container\" data-settings=\"{&quot;background_background&quot;:&quot;classic&quot;}\">\n\t\t\t\t\t<div class=\"e-con-inner\">\n\t\t\t\t<div class=\"elementor-element elementor-element-b5e90b2 eael-dual-header-content-align-center elementor-widget elementor-widget-eael-dual-color-header\" data-id=\"b5e90b2\" data-element_type=\"widget\" data-widget_type=\"eael-dual-color-header.default\">\n\t\t\t\t<div class=\"elementor-widget-container\">\n\t\t\t\t\t\t<div class=\"eael-dual-header\">\n\t\t\t\t<h3 class=\"title eael-dch-title\"><span class=\"eael-dch-title-text eael-dch-title-lead lead solid-color\">Sobre o <\/span> <span class=\"eael-dch-title-text\">Nutri\u00e7\u00e3o<\/span><\/h3>\t\t\t<\/div>\n\n\t\t\t\t<\/div>\n\t\t\t\t<\/div>\n\t\t\t\t<div class=\"elementor-element elementor-element-79cca69 elementor-widget elementor-widget-text-editor\" data-id=\"79cca69\" data-element_type=\"widget\" data-widget_type=\"text-editor.default\">\n\t\t\t\t<div class=\"elementor-widget-container\">\n\t\t\t\t\t\t\tOs Sunshine Hospitals, como muitas outras institui\u00e7\u00f5es m\u00e9dicas, podem oferecer diversas especialidades e servi\u00e7os nutricionais para atender \u00e0s diversas necessidades dos pacientes.\t\t\t\t\t\t<\/div>\n\t\t\t\t<\/div>\n\t\t\t\t\t<\/div>\n\t\t\t\t<\/div>\n\t\t<div class=\"elementor-element elementor-element-55f1834 e-flex e-con-boxed e-con e-child\" data-id=\"55f1834\" data-element_type=\"container\">\n\t\t\t\t\t<div class=\"e-con-inner\">\n\t\t<div class=\"elementor-element elementor-element-8a464f9 e-flex e-con-boxed e-con e-child\" data-id=\"8a464f9\" data-element_type=\"container\">\n\t\t\t\t\t<div class=\"e-con-inner\">\n\t\t\t\t<div class=\"elementor-element elementor-element-1968bf8 dce_masking-none elementor-widget elementor-widget-image\" data-id=\"1968bf8\" data-element_type=\"widget\" data-widget_type=\"image.default\">\n\t\t\t\t<div class=\"elementor-widget-container\">\n\t\t\t\t\t\t\t\t\t\t\t\t\t<img fetchpriority=\"high\" decoding=\"async\" width=\"1000\" height=\"667\" src=\"https:\/\/sunshinehospitals.co.mz\/wp-content\/uploads\/2024\/03\/Nutrition.jpg\" class=\"attachment-full size-full wp-image-3989\" alt=\"\" srcset=\"https:\/\/sunshinehospitals.co.mz\/wp-content\/uploads\/2024\/03\/Nutrition.jpg 1000w, https:\/\/sunshinehospitals.co.mz\/wp-content\/uploads\/2024\/03\/Nutrition-300x200.jpg 300w, https:\/\/sunshinehospitals.co.mz\/wp-content\/uploads\/2024\/03\/Nutrition-768x512.jpg 768w\" sizes=\"(max-width: 1000px) 100vw, 1000px\" \/>\t\t\t\t\t\t\t\t\t\t\t\t\t<\/div>\n\t\t\t\t<\/div>\n\t\t\t\t\t<\/div>\n\t\t\t\t<\/div>\n\t\t<div class=\"elementor-element elementor-element-73882bc e-flex e-con-boxed e-con e-child\" data-id=\"73882bc\" data-element_type=\"container\">\n\t\t\t\t\t<div class=\"e-con-inner\">\n\t\t\t\t<div class=\"elementor-element elementor-element-383122a elementor-widget elementor-widget-text-editor\" data-id=\"383122a\" data-element_type=\"widget\" data-widget_type=\"text-editor.default\">\n\t\t\t\t<div class=\"elementor-widget-container\">\n\t\t\t\t\t\t\t<ul><li><p><strong>Servi\u00e7os de Nutri\u00e7\u00e3o Cl\u00ednica<\/strong>: Detalhe os servi\u00e7os de nutri\u00e7\u00e3o cl\u00ednica oferecidos nos Sunshine Hospitals, incluindo avalia\u00e7\u00e3o nutricional, aconselhamento e manejo para pacientes com diversas condi\u00e7\u00f5es m\u00e9dicas, como diabetes, doen\u00e7as cardiovasculares, dist\u00farbios gastrointestinais e obesidade.<\/p><\/li><li><p><strong>Nutri\u00e7\u00e3o Pedi\u00e1trica<\/strong>: Descrever os servi\u00e7os de nutri\u00e7\u00e3o especializados dispon\u00edveis para beb\u00eas, crian\u00e7as e adolescentes, incluindo suporte nutricional para crescimento e desenvolvimento, dist\u00farbios alimentares, alergias alimentares e obesidade pedi\u00e1trica.<\/p><\/li><li><p><strong>Suporte Nutricional para Doen\u00e7as Cr\u00f4nicas<\/strong>: Destacar a experi\u00eancia no fornecimento de terapia nutricional para doen\u00e7as cr\u00f4nicas como c\u00e2ncer, doen\u00e7as renais, hep\u00e1ticas e doen\u00e7as autoimunes, com foco na otimiza\u00e7\u00e3o do estado nutricional e no apoio aos resultados do tratamento.<\/p><\/li><li><p><strong>Nutri\u00e7\u00e3o esportiva<\/strong>: Discutir os servi\u00e7os de nutri\u00e7\u00e3o esportiva prestados a atletas e indiv\u00edduos ativos, incluindo planos nutricionais personalizados, otimiza\u00e7\u00e3o de desempenho, estrat\u00e9gias de hidrata\u00e7\u00e3o e nutri\u00e7\u00e3o de recupera\u00e7\u00e3o.<\/p><\/li><\/ul>\t\t\t\t\t\t<\/div>\n\t\t\t\t<\/div>\n\t\t\t\t\t<\/div>\n\t\t\t\t<\/div>\n\t\t\t\t\t<\/div>\n\t\t\t\t<\/div>\n\t\t<div class=\"elementor-element elementor-element-84003a6 e-flex e-con-boxed e-con e-child\" data-id=\"84003a6\" data-element_type=\"container\">\n\t\t\t\t\t<div class=\"e-con-inner\">\n\t\t<div class=\"elementor-element elementor-element-a15dec1 e-flex e-con-boxed e-con e-child\" data-id=\"a15dec1\" data-element_type=\"container\">\n\t\t\t\t\t<div class=\"e-con-inner\">\n\t\t\t\t<div class=\"elementor-element elementor-element-8120ab5 dce_masking-none elementor-widget elementor-widget-image\" data-id=\"8120ab5\" data-element_type=\"widget\" data-widget_type=\"image.default\">\n\t\t\t\t<div class=\"elementor-widget-container\">\n\t\t\t\t\t\t\t\t\t\t\t\t\t<img decoding=\"async\" width=\"640\" height=\"427\" src=\"https:\/\/sunshinehospitals.co.mz\/wp-content\/uploads\/2024\/03\/Nutrition-2.jpeg\" class=\"attachment-large size-large wp-image-3990\" alt=\"\" srcset=\"https:\/\/sunshinehospitals.co.mz\/wp-content\/uploads\/2024\/03\/Nutrition-2.jpeg 750w, https:\/\/sunshinehospitals.co.mz\/wp-content\/uploads\/2024\/03\/Nutrition-2-300x200.jpeg 300w\" sizes=\"(max-width: 640px) 100vw, 640px\" \/>\t\t\t\t\t\t\t\t\t\t\t\t\t<\/div>\n\t\t\t\t<\/div>\n\t\t\t\t\t<\/div>\n\t\t\t\t<\/div>\n\t\t<div class=\"elementor-element elementor-element-b7eeb01 e-flex e-con-boxed e-con e-child\" data-id=\"b7eeb01\" data-element_type=\"container\">\n\t\t\t\t\t<div class=\"e-con-inner\">\n\t\t\t\t<div class=\"elementor-element elementor-element-d16baef elementor-widget elementor-widget-text-editor\" data-id=\"d16baef\" data-element_type=\"widget\" data-widget_type=\"text-editor.default\">\n\t\t\t\t<div class=\"elementor-widget-container\">\n\t\t\t\t\t\t\t<ol><li><p><strong>Nutri\u00e7\u00e3o Geri\u00e1trica<\/strong>: Explicar o atendimento nutricional especializado para idosos, abordando os desafios nutricionais relacionados \u00e0 idade, modifica\u00e7\u00f5es diet\u00e9ticas e estrat\u00e9gias para manter a sa\u00fade e a qualidade de vida ideais.<\/p><\/li><li><p><strong>Programas de controle de peso<\/strong>: Descreva os programas de controle de peso oferecidos nos Sunshine Hospitals, incluindo avalia\u00e7\u00f5es abrangentes, planos de refei\u00e7\u00f5es personalizados, estrat\u00e9gias de modifica\u00e7\u00e3o de comportamento e suporte cont\u00ednuo para perda ou manuten\u00e7\u00e3o de peso sustent\u00e1vel.<\/p><\/li><li><p><strong>Terapia Nutricional para Transtornos Alimentares<\/strong>: Destacar a experi\u00eancia no tratamento de transtornos alimentares, como anorexia nervosa, bulimia nervosa e transtorno da compuls\u00e3o alimentar peri\u00f3dica, incluindo reabilita\u00e7\u00e3o nutricional, planejamento de refei\u00e7\u00f5es e coordena\u00e7\u00e3o de cuidados multidisciplinares.<\/p><\/li><li><p><strong>Educa\u00e7\u00e3o e aconselhamento nutricional<\/strong>: Enfatizar a import\u00e2ncia da educa\u00e7\u00e3o nutricional e do aconselhamento fornecido por dietistas e nutricionistas registados, centrando-se na capacita\u00e7\u00e3o dos pacientes para fazerem escolhas alimentares informadas, gerirem condi\u00e7\u00f5es cr\u00f3nicas e alcan\u00e7arem os seus objectivos de sa\u00fade.<\/p><\/li><li><p><strong>Programas de Nutri\u00e7\u00e3o Comunit\u00e1ria<\/strong>: Discutir quaisquer programas, workshops ou iniciativas de nutri\u00e7\u00e3o baseados na comunidade oferecidos pelos Sunshine Hospitals para promover h\u00e1bitos alimentares saud\u00e1veis, prevenir doen\u00e7as relacionadas \u00e0 nutri\u00e7\u00e3o e melhorar o bem-estar geral da comunidade.<\/p><\/li><\/ol>\t\t\t\t\t\t<\/div>\n\t\t\t\t<\/div>\n\t\t\t\t\t<\/div>\n\t\t\t\t<\/div>\n\t\t\t\t\t<\/div>\n\t\t\t\t<\/div>\n\t\t\t\t\t<\/div>\n\t\t\t\t<\/div>\n\t\t<div class=\"elementor-element elementor-element-48e88cf4 e-flex e-con-boxed e-con e-parent\" data-id=\"48e88cf4\" data-element_type=\"container\" data-settings=\"{&quot;background_background&quot;:&quot;classic&quot;}\">\n\t\t\t\t\t<div class=\"e-con-inner\">\n\t\t\t\t<div class=\"elementor-element elementor-element-1c168d18 elementor-widget elementor-widget-heading\" data-id=\"1c168d18\" data-element_type=\"widget\" data-widget_type=\"heading.default\">\n\t\t\t\t<div class=\"elementor-widget-container\">\n\t\t\t<h2 class=\"elementor-heading-title elementor-size-large\">Contacte-nos<\/h2>\t\t<\/div>\n\t\t\t\t<\/div>\n\t\t<div class=\"elementor-element elementor-element-7f4cb156 e-flex e-con-boxed e-con e-child\" data-id=\"7f4cb156\" data-element_type=\"container\">\n\t\t\t\t\t<div class=\"e-con-inner\">\n\t\t<div class=\"elementor-element elementor-element-652e0c8 e-flex e-con-boxed e-con e-child\" data-id=\"652e0c8\" data-element_type=\"container\">\n\t\t\t\t\t<div class=\"e-con-inner\">\n\t\t\t\t<div class=\"elementor-element elementor-element-11f1b0a elementor-align-center elementor-widget elementor-widget-button\" data-id=\"11f1b0a\" data-element_type=\"widget\" data-widget_type=\"button.default\">\n\t\t\t\t<div class=\"elementor-widget-container\">\n\t\t\t\t\t\t\t<div class=\"elementor-button-wrapper\">\n\t\t\t\t\t<a class=\"elementor-button elementor-button-link elementor-size-sm\" href=\"https:\/\/sunshinehospitals.co.mz\/book-an-appointment\/\">\n\t\t\t\t\t\t<span class=\"elementor-button-content-wrapper\">\n\t\t\t\t\t\t\t\t\t<span class=\"elementor-button-text\">Marque uma consulta<\/span>\n\t\t\t\t\t<\/span>\n\t\t\t\t\t<\/a>\n\t\t\t\t<\/div>\n\t\t\t\t\t\t<\/div>\n\t\t\t\t<\/div>\n\t\t\t\t\t<\/div>\n\t\t\t\t<\/div>\n\t\t<div class=\"elementor-element elementor-element-249ad394 e-flex e-con-boxed e-con e-child\" data-id=\"249ad394\" data-element_type=\"container\">\n\t\t\t\t\t<div class=\"e-con-inner\">\n\t\t\t\t<div class=\"elementor-element elementor-element-76437d9d elementor-align-center elementor-widget elementor-widget-button\" data-id=\"76437d9d\" data-element_type=\"widget\" data-widget_type=\"button.default\">\n\t\t\t\t<div class=\"elementor-widget-container\">\n\t\t\t\t\t\t\t<div class=\"elementor-button-wrapper\">\n\t\t\t\t\t<a class=\"elementor-button elementor-button-link elementor-size-sm\" href=\"https:\/\/sunshinehospitals.co.mz\/contact-us\/\">\n\t\t\t\t\t\t<span class=\"elementor-button-content-wrapper\">\n\t\t\t\t\t\t\t\t\t<span class=\"elementor-button-text\">Fa\u00e7a um pedido<\/span>\n\t\t\t\t\t<\/span>\n\t\t\t\t\t<\/a>\n\t\t\t\t<\/div>\n\t\t\t\t\t\t<\/div>\n\t\t\t\t<\/div>\n\t\t\t\t\t<\/div>\n\t\t\t\t<\/div>\n\t\t\t\t\t<\/div>\n\t\t\t\t<\/div>\n\t\t\t\t\t<\/div>\n\t\t\t\t<\/div>\n\t\t\t\t<\/div>","protected":false},"excerpt":{"rendered":"<p>Nutri\u00e7\u00e3o Sobre a Nutri\u00e7\u00e3o O Sunshine Hospitals, como muitas outras institui\u00e7\u00f5es m\u00e9dicas, pode oferecer v\u00e1rias especialidades e servi\u00e7os de nutri\u00e7\u00e3o para atender \u00e0s diversas necessidades dos pacientes. Servi\u00e7os de Nutri\u00e7\u00e3o Cl\u00ednica: Detalhe os servi\u00e7os de nutri\u00e7\u00e3o cl\u00ednica oferecidos no Sunshine Hospitals, incluindo avalia\u00e7\u00e3o nutricional, aconselhamento e gerenciamento para pacientes com v\u00e1rias condi\u00e7\u00f5es m\u00e9dicas, como diabetes, doen\u00e7as cardiovasculares, [\u2026]<\/p>","protected":false},"author":1,"featured_media":3990,"parent":68,"menu_order":0,"comment_status":"closed","ping_status":"closed","template":"","meta":{"footnotes":""},"class_list":["post-4159","page","type-page","status-publish","has-post-thumbnail","hentry"],"yoast_head":"<!-- This site is optimized with the Yoast SEO plugin v26.3 - https:\/\/yoast.com\/wordpress\/plugins\/seo\/ -->\n<title>Nutrition - Sunshine Hospitals<\/title>\n<meta name=\"robots\" content=\"index, follow, max-snippet:-1, max-image-preview:large, max-video-preview:-1\" \/>\n<link rel=\"canonical\" href=\"https:\/\/sunshinehospitals.co.mz\/pt\/specialities\/nutrition\/\" \/>\n<meta property=\"og:locale\" content=\"pt_PT\" \/>\n<meta property=\"og:type\" content=\"article\" \/>\n<meta property=\"og:title\" content=\"Nutrition - Sunshine Hospitals\" \/>\n<meta property=\"og:description\" content=\"Nutrition About the Nutrition Sunshine Hospitals, like many other medical institutions, may offer various nutrition specialties and services to cater to the diverse needs of patients. Clinical Nutrition Services: Detail the clinical nutrition services offered at Sunshine Hospitals, including nutritional assessment, counseling, and management for patients with various medical conditions such as diabetes, cardiovascular diseases, [&hellip;]\" \/>\n<meta property=\"og:url\" content=\"https:\/\/sunshinehospitals.co.mz\/pt\/specialities\/nutrition\/\" \/>\n<meta property=\"og:site_name\" content=\"Sunshine Hospitals\" \/>\n<meta property=\"article:publisher\" content=\"https:\/\/www.facebook.com\/893375397373189?ref=embed_page\" \/>\n<meta property=\"article:modified_time\" content=\"2024-05-23T11:25:05+00:00\" \/>\n<meta property=\"og:image\" content=\"https:\/\/sunshinehospitals.co.mz\/wp-content\/uploads\/2024\/03\/Nutrition-2.jpeg\" \/>\n\t<meta property=\"og:image:width\" content=\"750\" \/>\n\t<meta property=\"og:image:height\" content=\"500\" \/>\n\t<meta property=\"og:image:type\" content=\"image\/jpeg\" \/>\n<meta name=\"twitter:card\" content=\"summary_large_image\" \/>\n<meta name=\"twitter:label1\" content=\"Tempo estimado de leitura\" \/>\n\t<meta name=\"twitter:data1\" content=\"2 minutos\" \/>\n<script type=\"application\/ld+json\" class=\"yoast-schema-graph\">{\"@context\":\"https:\/\/schema.org\",\"@graph\":[{\"@type\":\"WebPage\",\"@id\":\"https:\/\/sunshinehospitals.co.mz\/specialities\/nutrition\/\",\"url\":\"https:\/\/sunshinehospitals.co.mz\/specialities\/nutrition\/\",\"name\":\"Nutrition - Sunshine Hospitals\",\"isPartOf\":{\"@id\":\"https:\/\/sunshinehospitals.co.mz\/#website\"},\"primaryImageOfPage\":{\"@id\":\"https:\/\/sunshinehospitals.co.mz\/specialities\/nutrition\/#primaryimage\"},\"image\":{\"@id\":\"https:\/\/sunshinehospitals.co.mz\/specialities\/nutrition\/#primaryimage\"},\"thumbnailUrl\":\"https:\/\/sunshinehospitals.co.mz\/wp-content\/uploads\/2024\/03\/Nutrition-2.jpeg\",\"datePublished\":\"2024-03-13T14:08:16+00:00\",\"dateModified\":\"2024-05-23T11:25:05+00:00\",\"breadcrumb\":{\"@id\":\"https:\/\/sunshinehospitals.co.mz\/specialities\/nutrition\/#breadcrumb\"},\"inLanguage\":\"pt-PT\",\"potentialAction\":[{\"@type\":\"ReadAction\",\"target\":[\"https:\/\/sunshinehospitals.co.mz\/specialities\/nutrition\/\"]}]},{\"@type\":\"ImageObject\",\"inLanguage\":\"pt-PT\",\"@id\":\"https:\/\/sunshinehospitals.co.mz\/specialities\/nutrition\/#primaryimage\",\"url\":\"https:\/\/sunshinehospitals.co.mz\/wp-content\/uploads\/2024\/03\/Nutrition-2.jpeg\",\"contentUrl\":\"https:\/\/sunshinehospitals.co.mz\/wp-content\/uploads\/2024\/03\/Nutrition-2.jpeg\",\"width\":750,\"height\":500},{\"@type\":\"BreadcrumbList\",\"@id\":\"https:\/\/sunshinehospitals.co.mz\/specialities\/nutrition\/#breadcrumb\",\"itemListElement\":[{\"@type\":\"ListItem\",\"position\":1,\"name\":\"Home\",\"item\":\"https:\/\/sunshinehospitals.co.mz\/\"},{\"@type\":\"ListItem\",\"position\":2,\"name\":\"Specialities\",\"item\":\"https:\/\/sunshinehospitals.co.mz\/specialities\/\"},{\"@type\":\"ListItem\",\"position\":3,\"name\":\"Nutrition\"}]},{\"@type\":\"WebSite\",\"@id\":\"https:\/\/sunshinehospitals.co.mz\/#website\",\"url\":\"https:\/\/sunshinehospitals.co.mz\/\",\"name\":\"Sunshine Hospitals\",\"description\":\"Best HealthCare Hospital Services in Matola, Mozambique - Sunshine Hospitals | Maputo Central Hospital | Multi-Specialty Hospital in Matola, Mozambique\",\"publisher\":{\"@id\":\"https:\/\/sunshinehospitals.co.mz\/#organization\"},\"potentialAction\":[{\"@type\":\"SearchAction\",\"target\":{\"@type\":\"EntryPoint\",\"urlTemplate\":\"https:\/\/sunshinehospitals.co.mz\/?s={search_term_string}\"},\"query-input\":{\"@type\":\"PropertyValueSpecification\",\"valueRequired\":true,\"valueName\":\"search_term_string\"}}],\"inLanguage\":\"pt-PT\"},{\"@type\":\"Organization\",\"@id\":\"https:\/\/sunshinehospitals.co.mz\/#organization\",\"name\":\"Sunshine Hospitals\",\"url\":\"https:\/\/sunshinehospitals.co.mz\/\",\"logo\":{\"@type\":\"ImageObject\",\"inLanguage\":\"pt-PT\",\"@id\":\"https:\/\/sunshinehospitals.co.mz\/#\/schema\/logo\/image\/\",\"url\":\"https:\/\/sunshinehospitals.co.mz\/wp-content\/uploads\/2024\/01\/SUNSHINE-HOSPITALS-LOGO-e1708194969685.png\",\"contentUrl\":\"https:\/\/sunshinehospitals.co.mz\/wp-content\/uploads\/2024\/01\/SUNSHINE-HOSPITALS-LOGO-e1708194969685.png\",\"width\":500,\"height\":58,\"caption\":\"Sunshine Hospitals\"},\"image\":{\"@id\":\"https:\/\/sunshinehospitals.co.mz\/#\/schema\/logo\/image\/\"},\"sameAs\":[\"https:\/\/www.facebook.com\/893375397373189?ref=embed_page\",\"https:\/\/www.instagram.com\/sunshine_hospitals\/\"]}]}<\/script>\n<!-- \/ Yoast SEO plugin. -->","yoast_head_json":{"title":"Nutri\u00e7\u00e3o - Hospitais Sunshine","robots":{"index":"index","follow":"follow","max-snippet":"max-snippet:-1","max-image-preview":"max-image-preview:large","max-video-preview":"max-video-preview:-1"},"canonical":"https:\/\/sunshinehospitals.co.mz\/pt\/specialities\/nutrition\/","og_locale":"pt_PT","og_type":"article","og_title":"Nutrition - Sunshine Hospitals","og_description":"Nutrition About the Nutrition Sunshine Hospitals, like many other medical institutions, may offer various nutrition specialties and services to cater to the diverse needs of patients. Clinical Nutrition Services: Detail the clinical nutrition services offered at Sunshine Hospitals, including nutritional assessment, counseling, and management for patients with various medical conditions such as diabetes, cardiovascular diseases, [&hellip;]","og_url":"https:\/\/sunshinehospitals.co.mz\/pt\/specialities\/nutrition\/","og_site_name":"Sunshine Hospitals","article_publisher":"https:\/\/www.facebook.com\/893375397373189?ref=embed_page","article_modified_time":"2024-05-23T11:25:05+00:00","og_image":[{"width":750,"height":500,"url":"https:\/\/sunshinehospitals.co.mz\/wp-content\/uploads\/2024\/03\/Nutrition-2.jpeg","type":"image\/jpeg"}],"twitter_card":"summary_large_image","twitter_misc":{"Tempo estimado de leitura":"2 minutos"},"schema":{"@context":"https:\/\/schema.org","@graph":[{"@type":"WebPage","@id":"https:\/\/sunshinehospitals.co.mz\/specialities\/nutrition\/","url":"https:\/\/sunshinehospitals.co.mz\/specialities\/nutrition\/","name":"Nutri\u00e7\u00e3o - Hospitais Sunshine","isPartOf":{"@id":"https:\/\/sunshinehospitals.co.mz\/#website"},"primaryImageOfPage":{"@id":"https:\/\/sunshinehospitals.co.mz\/specialities\/nutrition\/#primaryimage"},"image":{"@id":"https:\/\/sunshinehospitals.co.mz\/specialities\/nutrition\/#primaryimage"},"thumbnailUrl":"https:\/\/sunshinehospitals.co.mz\/wp-content\/uploads\/2024\/03\/Nutrition-2.jpeg","datePublished":"2024-03-13T14:08:16+00:00","dateModified":"2024-05-23T11:25:05+00:00","breadcrumb":{"@id":"https:\/\/sunshinehospitals.co.mz\/specialities\/nutrition\/#breadcrumb"},"inLanguage":"pt-PT","potentialAction":[{"@type":"ReadAction","target":["https:\/\/sunshinehospitals.co.mz\/specialities\/nutrition\/"]}]},{"@type":"ImageObject","inLanguage":"pt-PT","@id":"https:\/\/sunshinehospitals.co.mz\/specialities\/nutrition\/#primaryimage","url":"https:\/\/sunshinehospitals.co.mz\/wp-content\/uploads\/2024\/03\/Nutrition-2.jpeg","contentUrl":"https:\/\/sunshinehospitals.co.mz\/wp-content\/uploads\/2024\/03\/Nutrition-2.jpeg","width":750,"height":500},{"@type":"BreadcrumbList","@id":"https:\/\/sunshinehospitals.co.mz\/specialities\/nutrition\/#breadcrumb","itemListElement":[{"@type":"ListItem","position":1,"name":"Home","item":"https:\/\/sunshinehospitals.co.mz\/"},{"@type":"ListItem","position":2,"name":"Specialities","item":"https:\/\/sunshinehospitals.co.mz\/specialities\/"},{"@type":"ListItem","position":3,"name":"Nutrition"}]},{"@type":"WebSite","@id":"https:\/\/sunshinehospitals.co.mz\/#website","url":"https:\/\/sunshinehospitals.co.mz\/","name":"Sunshine Hospitals","description":"Melhores Servi\u00e7os Hospitalares de Sa\u00fade em Matola, Mo\u00e7ambique - Sunshine Hospitals | Hospital Central de Maputo | Hospital Multi-Especialidades em Matola, Mo\u00e7ambique","publisher":{"@id":"https:\/\/sunshinehospitals.co.mz\/#organization"},"potentialAction":[{"@type":"SearchAction","target":{"@type":"EntryPoint","urlTemplate":"https:\/\/sunshinehospitals.co.mz\/?s={search_term_string}"},"query-input":{"@type":"PropertyValueSpecification","valueRequired":true,"valueName":"search_term_string"}}],"inLanguage":"pt-PT"},{"@type":"Organization","@id":"https:\/\/sunshinehospitals.co.mz\/#organization","name":"Sunshine Hospitals","url":"https:\/\/sunshinehospitals.co.mz\/","logo":{"@type":"ImageObject","inLanguage":"pt-PT","@id":"https:\/\/sunshinehospitals.co.mz\/#\/schema\/logo\/image\/","url":"https:\/\/sunshinehospitals.co.mz\/wp-content\/uploads\/2024\/01\/SUNSHINE-HOSPITALS-LOGO-e1708194969685.png","contentUrl":"https:\/\/sunshinehospitals.co.mz\/wp-content\/uploads\/2024\/01\/SUNSHINE-HOSPITALS-LOGO-e1708194969685.png","width":500,"height":58,"caption":"Sunshine Hospitals"},"image":{"@id":"https:\/\/sunshinehospitals.co.mz\/#\/schema\/logo\/image\/"},"sameAs":["https:\/\/www.facebook.com\/893375397373189?ref=embed_page","https:\/\/www.instagram.com\/sunshine_hospitals\/"]}]}},"_links":{"self":[{"href":"https:\/\/sunshinehospitals.co.mz\/pt\/wp-json\/wp\/v2\/pages\/4159","targetHints":{"allow":["GET"]}}],"collection":[{"href":"https:\/\/sunshinehospitals.co.mz\/pt\/wp-json\/wp\/v2\/pages"}],"about":[{"href":"https:\/\/sunshinehospitals.co.mz\/pt\/wp-json\/wp\/v2\/types\/page"}],"author":[{"embeddable":true,"href":"https:\/\/sunshinehospitals.co.mz\/pt\/wp-json\/wp\/v2\/users\/1"}],"replies":[{"embeddable":true,"href":"https:\/\/sunshinehospitals.co.mz\/pt\/wp-json\/wp\/v2\/comments?post=4159"}],"version-history":[{"count":0,"href":"https:\/\/sunshinehospitals.co.mz\/pt\/wp-json\/wp\/v2\/pages\/4159\/revisions"}],"up":[{"embeddable":true,"href":"https:\/\/sunshinehospitals.co.mz\/pt\/wp-json\/wp\/v2\/pages\/68"}],"wp:featuredmedia":[{"embeddable":true,"href":"https:\/\/sunshinehospitals.co.mz\/pt\/wp-json\/wp\/v2\/media\/3990"}],"wp:attachment":[{"href":"https:\/\/sunshinehospitals.co.mz\/pt\/wp-json\/wp\/v2\/media?parent=4159"}],"curies":[{"name":"wp","href":"https:\/\/api.w.org\/{rel}","templated":true}]}}