{"id":3729,"date":"2024-02-19T11:51:43","date_gmt":"2024-02-19T11:51:43","guid":{"rendered":"https:\/\/sunshinehospitals.co.mz\/?page_id=3729"},"modified":"2024-03-13T12:04:15","modified_gmt":"2024-03-13T12:04:15","slug":"suggestions-feedback","status":"publish","type":"page","link":"https:\/\/sunshinehospitals.co.mz\/pt\/suggestions-feedback\/","title":{"rendered":"Sugest\u00f5es\/coment\u00e1rios"},"content":{"rendered":"<div data-elementor-type=\"wp-page\" data-elementor-id=\"3729\" data-post-id=\"3729\" data-obj-id=\"3729\" class=\"elementor elementor-3729 dce-elementor-post-3729\">\n\t\t\t\t<div class=\"elementor-element elementor-element-a64fac5 e-flex e-con-boxed e-con e-parent\" data-id=\"a64fac5\" data-element_type=\"container\">\n\t\t\t\t\t<div class=\"e-con-inner\">\n\t\t\t\t<div class=\"elementor-element elementor-element-141834f elementor-widget elementor-widget-heading\" data-id=\"141834f\" data-element_type=\"widget\" data-widget_type=\"heading.default\">\n\t\t\t\t<div class=\"elementor-widget-container\">\n\t\t\t<h2 class=\"elementor-heading-title elementor-size-large\">Sua voz importa: compartilhe feedback e sugest\u00f5es<\/h2>\t\t<\/div>\n\t\t\t\t<\/div>\n\t\t\t\t<div class=\"elementor-element elementor-element-2f712db elementor-widget elementor-widget-heading\" data-id=\"2f712db\" data-element_type=\"widget\" data-widget_type=\"heading.default\">\n\t\t\t\t<div class=\"elementor-widget-container\">\n\t\t\t<h3 class=\"elementor-heading-title elementor-size-default\">Forne\u00e7a-nos seus valiosos coment\u00e1rios e sugest\u00f5es<\/h3>\t\t<\/div>\n\t\t\t\t<\/div>\n\t\t\t\t<div class=\"elementor-element elementor-element-d96ff3e eael-contact-form-7-button-align-left eael-contact-form-7-button-custom elementor-widget elementor-widget-eael-contact-form-7\" data-id=\"d96ff3e\" data-element_type=\"widget\" data-widget_type=\"eael-contact-form-7.default\">\n\t\t\t\t<div class=\"elementor-widget-container\">\n\t\t\t<div class=\"eael-contact-form-7-wrapper\">\n                <div class=\"eael-contact-form eael-contact-form-7 eael-contact-form-d96ff3e placeholder-show eael-contact-form-align-center\">\n<div class=\"wpcf7 no-js\" id=\"wpcf7-f3734-o1\" lang=\"en-US\" dir=\"ltr\" data-wpcf7-id=\"3734\">\n<div class=\"screen-reader-response\"><p role=\"status\" aria-live=\"polite\" aria-atomic=\"true\"><\/p> <ul><\/ul><\/div>\n<form action=\"\/pt\/wp-json\/wp\/v2\/pages\/3729#wpcf7-f3734-o1\" method=\"post\" class=\"wpcf7-form init\" aria-label=\"Formul\u00e1rio de Contato\" novalidate=\"novalidate\" data-status=\"init\" data-trp-original-action=\"\/pt\/wp-json\/wp\/v2\/pages\/3729#wpcf7-f3734-o1\">\n<fieldset class=\"hidden-fields-container\"><input type=\"hidden\" name=\"_wpcf7\" value=\"3734\" \/><input type=\"hidden\" name=\"_wpcf7_version\" value=\"6.1.3\" \/><input type=\"hidden\" name=\"_wpcf7_locale\" value=\"en_US\" \/><input type=\"hidden\" name=\"_wpcf7_unit_tag\" value=\"wpcf7-f3734-o1\" \/><input type=\"hidden\" name=\"_wpcf7_container_post\" value=\"0\" \/><input type=\"hidden\" name=\"_wpcf7_posted_data_hash\" value=\"\" \/><input type=\"hidden\" name=\"_wpcf7_recaptcha_response\" value=\"\" \/>\n<\/fieldset>\n<div class=\"feedback-page-form\">\n\t<div class=\"feedback-form-field\">\n\t\t<div class=\"input-wr\">\n\t\t\t<p><span class=\"wpcf7-form-control-wrap\" data-name=\"your-name\"><input size=\"40\" maxlength=\"400\" class=\"wpcf7-form-control wpcf7-text wpcf7-validates-as-required\" aria-required=\"true\" aria-invalid=\"false\" placeholder=\"Nome completo*\" value=\"\" type=\"text\" name=\"your-name\" \/><\/span>\n\t\t\t<\/p>\n\t\t<\/div>\n\t\t<div class=\"input-wr\">\n\t\t\t<p><span class=\"wpcf7-form-control-wrap\" data-name=\"your-subject\"><input size=\"40\" maxlength=\"400\" class=\"wpcf7-form-control wpcf7-text wpcf7-validates-as-required\" aria-required=\"true\" aria-invalid=\"false\" placeholder=\"Seu assunto*\" value=\"\" type=\"text\" name=\"your-subject\" \/><\/span>\n\t\t\t<\/p>\n\t\t<\/div>\n\t\t<div class=\"input-wr\">\n\t\t\t<p><span class=\"wpcf7-form-control-wrap\" data-name=\"your-email\"><input size=\"40\" maxlength=\"400\" class=\"wpcf7-form-control wpcf7-email wpcf7-validates-as-required wpcf7-text wpcf7-validates-as-email\" aria-required=\"true\" aria-invalid=\"false\" placeholder=\"Insira o e-mail*\" value=\"\" type=\"email\" name=\"your-email\" \/><\/span>\n\t\t\t<\/p>\n\t\t<\/div>\n\t\t<div class=\"input-wr\">\n\t\t\t<p><span class=\"wpcf7-form-control-wrap\" data-name=\"your-phone\"><input size=\"40\" maxlength=\"400\" class=\"wpcf7-form-control wpcf7-tel wpcf7-validates-as-required wpcf7-text wpcf7-validates-as-tel\" aria-required=\"true\" aria-invalid=\"false\" placeholder=\"Digite o telefone*\" value=\"\" type=\"tel\" name=\"your-phone\" \/><\/span>\n\t\t\t<\/p>\n\t\t<\/div>\n\t<\/div>\n\t<div class=\"feedback-status\">\n\t\t<p><label> Status<\/label><span class=\"wpcf7-form-control-wrap\" data-name=\"user-status\"><span class=\"wpcf7-form-control wpcf7-radio\"><span class=\"wpcf7-list-item first\"><span class=\"wpcf7-list-item-label\">P\u00e9ssimo<\/span><input type=\"radio\" name=\"user-status\" value=\"Poor\" checked=\"checked\" \/><\/span><span class=\"wpcf7-list-item\"><span class=\"wpcf7-list-item-label\">Ruim<\/span><input type=\"radio\" name=\"user-status\" value=\"Bad\" \/><\/span><span class=\"wpcf7-list-item\"><span class=\"wpcf7-list-item-label\">Bom<\/span><input type=\"radio\" name=\"user-status\" value=\"Good\" \/><\/span><span class=\"wpcf7-list-item\"><span class=\"wpcf7-list-item-label\">Muito bom<\/span><input type=\"radio\" name=\"user-status\" value=\"Very Good\" \/><\/span><span class=\"wpcf7-list-item last\"><span class=\"wpcf7-list-item-label\">Excelente<\/span><input type=\"radio\" name=\"user-status\" value=\"Excellent\" \/><\/span><\/span><\/span>\n\t\t<\/p>\n\t<\/div>\n\t<div class=\"feedback-msg\">\n\t\t<p><span class=\"wpcf7-form-control-wrap\" data-name=\"your-message\"><textarea cols=\"100\" rows=\"4\" maxlength=\"2000\" class=\"wpcf7-form-control wpcf7-textarea\" aria-invalid=\"false\" placeholder=\"Sua sugest\u00e3o\/recomenda\u00e7\u00f5es\" name=\"your-message\"><\/textarea><\/span>\n\t\t<\/p>\n\t<\/div>\n\t<p><input class=\"wpcf7-form-control wpcf7-submit has-spinner\" type=\"submit\" value=\"Enviar\" \/><br \/>\n<\/div\n\t<\/p>\n<\/div><div class=\"wpcf7-response-output\" aria-hidden=\"true\"><\/div>\n<input type=\"hidden\" name=\"trp-form-language\" value=\"pt\"\/><\/form>\n<\/div>\n<\/div>\n            <\/div>\t\t<\/div>\n\t\t\t\t<\/div>\n\t\t\t\t\t<\/div>\n\t\t\t\t<\/div>\n\t\t\t\t<\/div>","protected":false},"excerpt":{"rendered":"<p>Sua voz importa: compartilhe feedback e sugest\u00f5es Forne\u00e7a-nos seu feedback e sugest\u00f5es valiosos StatusRuimRuimBomMuito bomExcelente<\/p>","protected":false},"author":1,"featured_media":0,"parent":0,"menu_order":0,"comment_status":"closed","ping_status":"closed","template":"","meta":{"footnotes":""},"class_list":["post-3729","page","type-page","status-publish","hentry"],"yoast_head":"<!-- This site is optimized with the Yoast SEO plugin v26.3 - https:\/\/yoast.com\/wordpress\/plugins\/seo\/ -->\n<title>Suggestions\/feedback - Sunshine Hospitals<\/title>\n<meta name=\"robots\" content=\"index, follow, max-snippet:-1, max-image-preview:large, max-video-preview:-1\" \/>\n<link rel=\"canonical\" href=\"https:\/\/sunshinehospitals.co.mz\/pt\/suggestions-feedback\/\" \/>\n<meta property=\"og:locale\" content=\"pt_PT\" \/>\n<meta property=\"og:type\" content=\"article\" \/>\n<meta property=\"og:title\" content=\"Suggestions\/feedback - Sunshine Hospitals\" \/>\n<meta property=\"og:description\" content=\"Your Voice Matters: Share Feedback &#038; Suggestions Provide us your valuable feedback and suggestions StatusPoorBadGoodVery GoodExcellent\" \/>\n<meta property=\"og:url\" content=\"https:\/\/sunshinehospitals.co.mz\/pt\/suggestions-feedback\/\" \/>\n<meta property=\"og:site_name\" content=\"Sunshine Hospitals\" \/>\n<meta property=\"article:publisher\" content=\"https:\/\/www.facebook.com\/893375397373189?ref=embed_page\" \/>\n<meta property=\"article:modified_time\" content=\"2024-03-13T12:04:15+00:00\" \/>\n<meta property=\"og:image\" content=\"https:\/\/sunshinehospitals.co.mz\/wp-content\/uploads\/2024\/03\/SUNSHINE-HOSPITALS-FRONT.jpg\" \/>\n\t<meta property=\"og:image:width\" content=\"2360\" \/>\n\t<meta property=\"og:image:height\" content=\"1580\" \/>\n\t<meta property=\"og:image:type\" content=\"image\/jpeg\" \/>\n<meta name=\"twitter:card\" content=\"summary_large_image\" \/>\n<script type=\"application\/ld+json\" class=\"yoast-schema-graph\">{\"@context\":\"https:\/\/schema.org\",\"@graph\":[{\"@type\":\"WebPage\",\"@id\":\"https:\/\/sunshinehospitals.co.mz\/suggestions-feedback\/\",\"url\":\"https:\/\/sunshinehospitals.co.mz\/suggestions-feedback\/\",\"name\":\"Suggestions\/feedback - Sunshine Hospitals\",\"isPartOf\":{\"@id\":\"https:\/\/sunshinehospitals.co.mz\/#website\"},\"datePublished\":\"2024-02-19T11:51:43+00:00\",\"dateModified\":\"2024-03-13T12:04:15+00:00\",\"breadcrumb\":{\"@id\":\"https:\/\/sunshinehospitals.co.mz\/suggestions-feedback\/#breadcrumb\"},\"inLanguage\":\"pt-PT\",\"potentialAction\":[{\"@type\":\"ReadAction\",\"target\":[\"https:\/\/sunshinehospitals.co.mz\/suggestions-feedback\/\"]}]},{\"@type\":\"BreadcrumbList\",\"@id\":\"https:\/\/sunshinehospitals.co.mz\/suggestions-feedback\/#breadcrumb\",\"itemListElement\":[{\"@type\":\"ListItem\",\"position\":1,\"name\":\"Home\",\"item\":\"https:\/\/sunshinehospitals.co.mz\/\"},{\"@type\":\"ListItem\",\"position\":2,\"name\":\"Suggestions\/feedback\"}]},{\"@type\":\"WebSite\",\"@id\":\"https:\/\/sunshinehospitals.co.mz\/#website\",\"url\":\"https:\/\/sunshinehospitals.co.mz\/\",\"name\":\"Sunshine Hospitals\",\"description\":\"Best HealthCare Hospital Services in Matola, Mozambique - Sunshine Hospitals | Maputo Central Hospital | Multi-Specialty Hospital in Matola, Mozambique\",\"publisher\":{\"@id\":\"https:\/\/sunshinehospitals.co.mz\/#organization\"},\"potentialAction\":[{\"@type\":\"SearchAction\",\"target\":{\"@type\":\"EntryPoint\",\"urlTemplate\":\"https:\/\/sunshinehospitals.co.mz\/?s={search_term_string}\"},\"query-input\":{\"@type\":\"PropertyValueSpecification\",\"valueRequired\":true,\"valueName\":\"search_term_string\"}}],\"inLanguage\":\"pt-PT\"},{\"@type\":\"Organization\",\"@id\":\"https:\/\/sunshinehospitals.co.mz\/#organization\",\"name\":\"Sunshine Hospitals\",\"url\":\"https:\/\/sunshinehospitals.co.mz\/\",\"logo\":{\"@type\":\"ImageObject\",\"inLanguage\":\"pt-PT\",\"@id\":\"https:\/\/sunshinehospitals.co.mz\/#\/schema\/logo\/image\/\",\"url\":\"https:\/\/sunshinehospitals.co.mz\/wp-content\/uploads\/2024\/01\/SUNSHINE-HOSPITALS-LOGO-e1708194969685.png\",\"contentUrl\":\"https:\/\/sunshinehospitals.co.mz\/wp-content\/uploads\/2024\/01\/SUNSHINE-HOSPITALS-LOGO-e1708194969685.png\",\"width\":500,\"height\":58,\"caption\":\"Sunshine Hospitals\"},\"image\":{\"@id\":\"https:\/\/sunshinehospitals.co.mz\/#\/schema\/logo\/image\/\"},\"sameAs\":[\"https:\/\/www.facebook.com\/893375397373189?ref=embed_page\",\"https:\/\/www.instagram.com\/sunshine_hospitals\/\"]}]}<\/script>\n<!-- \/ Yoast SEO plugin. -->","yoast_head_json":{"title":"Sugest\u00f5es\/coment\u00e1rios - Hospitais Sunshine","robots":{"index":"index","follow":"follow","max-snippet":"max-snippet:-1","max-image-preview":"max-image-preview:large","max-video-preview":"max-video-preview:-1"},"canonical":"https:\/\/sunshinehospitals.co.mz\/pt\/suggestions-feedback\/","og_locale":"pt_PT","og_type":"article","og_title":"Suggestions\/feedback - Sunshine Hospitals","og_description":"Your Voice Matters: Share Feedback &#038; Suggestions Provide us your valuable feedback and suggestions StatusPoorBadGoodVery GoodExcellent","og_url":"https:\/\/sunshinehospitals.co.mz\/pt\/suggestions-feedback\/","og_site_name":"Sunshine Hospitals","article_publisher":"https:\/\/www.facebook.com\/893375397373189?ref=embed_page","article_modified_time":"2024-03-13T12:04:15+00:00","og_image":[{"width":2360,"height":1580,"url":"https:\/\/sunshinehospitals.co.mz\/wp-content\/uploads\/2024\/03\/SUNSHINE-HOSPITALS-FRONT.jpg","type":"image\/jpeg"}],"twitter_card":"summary_large_image","schema":{"@context":"https:\/\/schema.org","@graph":[{"@type":"WebPage","@id":"https:\/\/sunshinehospitals.co.mz\/suggestions-feedback\/","url":"https:\/\/sunshinehospitals.co.mz\/suggestions-feedback\/","name":"Sugest\u00f5es\/coment\u00e1rios - Hospitais Sunshine","isPartOf":{"@id":"https:\/\/sunshinehospitals.co.mz\/#website"},"datePublished":"2024-02-19T11:51:43+00:00","dateModified":"2024-03-13T12:04:15+00:00","breadcrumb":{"@id":"https:\/\/sunshinehospitals.co.mz\/suggestions-feedback\/#breadcrumb"},"inLanguage":"pt-PT","potentialAction":[{"@type":"ReadAction","target":["https:\/\/sunshinehospitals.co.mz\/suggestions-feedback\/"]}]},{"@type":"BreadcrumbList","@id":"https:\/\/sunshinehospitals.co.mz\/suggestions-feedback\/#breadcrumb","itemListElement":[{"@type":"ListItem","position":1,"name":"Home","item":"https:\/\/sunshinehospitals.co.mz\/"},{"@type":"ListItem","position":2,"name":"Suggestions\/feedback"}]},{"@type":"WebSite","@id":"https:\/\/sunshinehospitals.co.mz\/#website","url":"https:\/\/sunshinehospitals.co.mz\/","name":"Sunshine Hospitals","description":"Melhores Servi\u00e7os Hospitalares de Sa\u00fade em Matola, Mo\u00e7ambique - Sunshine Hospitals | Hospital Central de Maputo | Hospital Multi-Especialidades em Matola, Mo\u00e7ambique","publisher":{"@id":"https:\/\/sunshinehospitals.co.mz\/#organization"},"potentialAction":[{"@type":"SearchAction","target":{"@type":"EntryPoint","urlTemplate":"https:\/\/sunshinehospitals.co.mz\/?s={search_term_string}"},"query-input":{"@type":"PropertyValueSpecification","valueRequired":true,"valueName":"search_term_string"}}],"inLanguage":"pt-PT"},{"@type":"Organization","@id":"https:\/\/sunshinehospitals.co.mz\/#organization","name":"Sunshine Hospitals","url":"https:\/\/sunshinehospitals.co.mz\/","logo":{"@type":"ImageObject","inLanguage":"pt-PT","@id":"https:\/\/sunshinehospitals.co.mz\/#\/schema\/logo\/image\/","url":"https:\/\/sunshinehospitals.co.mz\/wp-content\/uploads\/2024\/01\/SUNSHINE-HOSPITALS-LOGO-e1708194969685.png","contentUrl":"https:\/\/sunshinehospitals.co.mz\/wp-content\/uploads\/2024\/01\/SUNSHINE-HOSPITALS-LOGO-e1708194969685.png","width":500,"height":58,"caption":"Sunshine Hospitals"},"image":{"@id":"https:\/\/sunshinehospitals.co.mz\/#\/schema\/logo\/image\/"},"sameAs":["https:\/\/www.facebook.com\/893375397373189?ref=embed_page","https:\/\/www.instagram.com\/sunshine_hospitals\/"]}]}},"_links":{"self":[{"href":"https:\/\/sunshinehospitals.co.mz\/pt\/wp-json\/wp\/v2\/pages\/3729","targetHints":{"allow":["GET"]}}],"collection":[{"href":"https:\/\/sunshinehospitals.co.mz\/pt\/wp-json\/wp\/v2\/pages"}],"about":[{"href":"https:\/\/sunshinehospitals.co.mz\/pt\/wp-json\/wp\/v2\/types\/page"}],"author":[{"embeddable":true,"href":"https:\/\/sunshinehospitals.co.mz\/pt\/wp-json\/wp\/v2\/users\/1"}],"replies":[{"embeddable":true,"href":"https:\/\/sunshinehospitals.co.mz\/pt\/wp-json\/wp\/v2\/comments?post=3729"}],"version-history":[{"count":0,"href":"https:\/\/sunshinehospitals.co.mz\/pt\/wp-json\/wp\/v2\/pages\/3729\/revisions"}],"wp:attachment":[{"href":"https:\/\/sunshinehospitals.co.mz\/pt\/wp-json\/wp\/v2\/media?parent=3729"}],"curies":[{"name":"wp","href":"https:\/\/api.w.org\/{rel}","templated":true}]}}