{"id":1811,"date":"2024-02-01T09:19:26","date_gmt":"2024-02-01T09:19:26","guid":{"rendered":"https:\/\/sunshinehospitals.co.mz\/?page_id=1811"},"modified":"2024-04-23T11:46:34","modified_gmt":"2024-04-23T11:46:34","slug":"cardiology","status":"publish","type":"page","link":"https:\/\/sunshinehospitals.co.mz\/pt\/specialities\/cardiology\/","title":{"rendered":"Cardiologia"},"content":{"rendered":"<div data-elementor-type=\"wp-page\" data-elementor-id=\"1811\" data-post-id=\"1811\" data-obj-id=\"1811\" class=\"elementor elementor-1811 dce-elementor-post-1811\">\n\t\t\t\t<div class=\"elementor-element elementor-element-5fba60c e-flex e-con-boxed e-con e-parent\" data-id=\"5fba60c\" data-element_type=\"container\" data-settings=\"{&quot;background_background&quot;:&quot;classic&quot;}\">\n\t\t\t\t\t<div class=\"e-con-inner\">\n\t\t\t\t<div class=\"elementor-element elementor-element-14bc0b1 ee-breadcrumbs-align-left elementor-widget elementor-widget-ee-breadcrumbs\" data-id=\"14bc0b1\" data-element_type=\"widget\" data-widget_type=\"ee-breadcrumbs.default\">\n\t\t\t\t<div class=\"elementor-widget-container\">\n\t\t\t<ul class=\"ee-breadcrumbs\"><\/ul>\t\t<\/div>\n\t\t\t\t<\/div>\n\t\t\t\t\t<\/div>\n\t\t\t\t<\/div>\n\t\t<div class=\"elementor-element elementor-element-f0b96a9 e-flex e-con-boxed e-con e-parent\" data-id=\"f0b96a9\" data-element_type=\"container\" data-settings=\"{&quot;background_background&quot;:&quot;classic&quot;}\">\n\t\t\t\t\t<div class=\"e-con-inner\">\n\t\t\t\t<div class=\"elementor-element elementor-element-a0f3d37 elementor-widget elementor-widget-dyncontel-title\" data-id=\"a0f3d37\" data-element_type=\"widget\" data-widget_type=\"dyncontel-title.default\">\n\t\t\t\t<div class=\"elementor-widget-container\">\n\t\t\t<h2 class=\"dynamic-content-for-elementor-title\"><a href=\"https:\/\/sunshinehospitals.co.mz\/pt\/specialities\/cardiology\/\"><span class=\"dce-title\">Cardiologia<\/span><\/a><\/h2>\t\t<\/div>\n\t\t\t\t<\/div>\n\t\t\t\t\t<\/div>\n\t\t\t\t<\/div>\n\t\t<div class=\"elementor-element elementor-element-a108dfc single-details-page-sec e-flex e-con-boxed e-con e-parent\" data-id=\"a108dfc\" data-element_type=\"container\">\n\t\t\t\t\t<div class=\"e-con-inner\">\n\t\t<div class=\"elementor-element elementor-element-87c9d52 e-flex e-con-boxed e-con e-child\" data-id=\"87c9d52\" data-element_type=\"container\" data-settings=\"{&quot;background_background&quot;:&quot;classic&quot;}\">\n\t\t\t\t\t<div class=\"e-con-inner\">\n\t\t\t\t<div class=\"elementor-element elementor-element-b5e90b2 eael-dual-header-content-align-center elementor-widget elementor-widget-eael-dual-color-header\" data-id=\"b5e90b2\" data-element_type=\"widget\" data-widget_type=\"eael-dual-color-header.default\">\n\t\t\t\t<div class=\"elementor-widget-container\">\n\t\t\t\t\t\t<div class=\"eael-dual-header\">\n\t\t\t\t<h3 class=\"title eael-dch-title\"><span class=\"eael-dch-title-text eael-dch-title-lead lead solid-color\">Sobre o <\/span> <span class=\"eael-dch-title-text\">Cardiologia<\/span><\/h3>\t\t\t<\/div>\n\n\t\t\t\t<\/div>\n\t\t\t\t<\/div>\n\t\t\t\t<div class=\"elementor-element elementor-element-79cca69 elementor-widget elementor-widget-text-editor\" data-id=\"79cca69\" data-element_type=\"widget\" data-widget_type=\"text-editor.default\">\n\t\t\t\t<div class=\"elementor-widget-container\">\n\t\t\t\t\t\t\t<p>Os cardiologistas s\u00e3o m\u00e9dicos especializados no diagn\u00f3stico e tratamento de doen\u00e7as ou problemas do cora\u00e7\u00e3o e dos vasos sangu\u00edneos \u2013 o sistema cardiovascular. Contamos com cardiologista altamente qualificado que faz consultas, ecografia card\u00edaca 2D e 3D, eletrocardiograma (ECG) e TMT (teste em esteira). Em breve iremos abrir um laborat\u00f3rio de cateterismo altamente avan\u00e7ado na Matola para realizar v\u00e1rios tipos de procedimentos card\u00edacos.<\/p>\t\t\t\t\t\t<\/div>\n\t\t\t\t<\/div>\n\t\t\t\t\t<\/div>\n\t\t\t\t<\/div>\n\t\t<div class=\"elementor-element elementor-element-55f1834 e-flex e-con-boxed e-con e-child\" data-id=\"55f1834\" data-element_type=\"container\">\n\t\t\t\t\t<div class=\"e-con-inner\">\n\t\t<div class=\"elementor-element elementor-element-8a464f9 e-flex e-con-boxed e-con e-child\" data-id=\"8a464f9\" data-element_type=\"container\">\n\t\t\t\t\t<div class=\"e-con-inner\">\n\t\t\t\t<div class=\"elementor-element elementor-element-1968bf8 dce_masking-none elementor-widget elementor-widget-image\" data-id=\"1968bf8\" data-element_type=\"widget\" data-widget_type=\"image.default\">\n\t\t\t\t<div class=\"elementor-widget-container\">\n\t\t\t\t\t\t\t\t\t\t\t\t\t<img fetchpriority=\"high\" decoding=\"async\" width=\"612\" height=\"408\" src=\"https:\/\/sunshinehospitals.co.mz\/wp-content\/uploads\/2024\/02\/Cardiologists.jpg\" class=\"attachment-full size-full wp-image-1828\" alt=\"\" srcset=\"https:\/\/sunshinehospitals.co.mz\/wp-content\/uploads\/2024\/02\/Cardiologists.jpg 612w, https:\/\/sunshinehospitals.co.mz\/wp-content\/uploads\/2024\/02\/Cardiologists-300x200.jpg 300w\" sizes=\"(max-width: 612px) 100vw, 612px\" \/>\t\t\t\t\t\t\t\t\t\t\t\t\t<\/div>\n\t\t\t\t<\/div>\n\t\t\t\t\t<\/div>\n\t\t\t\t<\/div>\n\t\t<div class=\"elementor-element elementor-element-73882bc e-flex e-con-boxed e-con e-child\" data-id=\"73882bc\" data-element_type=\"container\">\n\t\t\t\t\t<div class=\"e-con-inner\">\n\t\t\t\t<div class=\"elementor-element elementor-element-383122a elementor-widget elementor-widget-text-editor\" data-id=\"383122a\" data-element_type=\"widget\" data-widget_type=\"text-editor.default\">\n\t\t\t\t<div class=\"elementor-widget-container\">\n\t\t\t\t\t\t\t<p>Os cardiologistas desempenham um papel crucial na \u00e1rea da sa\u00fade, concentrando-se no diagn\u00f3stico e tratamento de doen\u00e7as e condi\u00e7\u00f5es que afetam o cora\u00e7\u00e3o e os vasos sangu\u00edneos. No Sunshine Hospital, cardiologistas altamente qualificados oferecem uma gama de servi\u00e7os para garantir cuidados cardiovasculares abrangentes. Aqui est\u00e1 uma vis\u00e3o geral ampliada da experi\u00eancia e dos servi\u00e7os prestados pelos cardiologistas do Sunshine Hospital, incluindo a pr\u00f3xima adi\u00e7\u00e3o de um laborat\u00f3rio de cateterismo altamente avan\u00e7ado na Matola:<\/p><p><strong>Servi\u00e7os de Consulta: <\/strong>Os cardiologistas do Sunshine Hospital prestam servi\u00e7os de consulta especializada a pacientes que apresentam sintomas relacionados ao sistema cardiovascular.<\/p><p>Eles conduzem avalia\u00e7\u00f5es completas, revisam hist\u00f3ricos m\u00e9dicos e realizam exames f\u00edsicos para diagnosticar e tratar doen\u00e7as relacionadas ao cora\u00e7\u00e3o.<\/p>\t\t\t\t\t\t<\/div>\n\t\t\t\t<\/div>\n\t\t\t\t\t<\/div>\n\t\t\t\t<\/div>\n\t\t\t\t\t<\/div>\n\t\t\t\t<\/div>\n\t\t<div class=\"elementor-element elementor-element-f8e4f65 e-flex e-con-boxed e-con e-child\" data-id=\"f8e4f65\" data-element_type=\"container\">\n\t\t\t\t\t<div class=\"e-con-inner\">\n\t\t<div class=\"elementor-element elementor-element-7850161 e-flex e-con-boxed e-con e-child\" data-id=\"7850161\" data-element_type=\"container\">\n\t\t\t\t\t<div class=\"e-con-inner\">\n\t\t\t\t<div class=\"elementor-element elementor-element-6dbf94e elementor-widget elementor-widget-text-editor\" data-id=\"6dbf94e\" data-element_type=\"widget\" data-widget_type=\"text-editor.default\">\n\t\t\t\t<div class=\"elementor-widget-container\">\n\t\t\t\t\t\t\t<ul><li><p><strong>Ecocardiografia (2D e 3D):<\/strong><\/p><ul><li>Os cardiologistas usam t\u00e9cnicas avan\u00e7adas de imagem, como ecocardiografia 2D e 3D, para visualizar a estrutura e a fun\u00e7\u00e3o do cora\u00e7\u00e3o.<\/li><li>Esses estudos de imagem n\u00e3o invasivos ajudam no diagn\u00f3stico de condi\u00e7\u00f5es como dist\u00farbios das v\u00e1lvulas card\u00edacas, defeitos card\u00edacos cong\u00eanitos e anomalias da fun\u00e7\u00e3o card\u00edaca.<\/li><\/ul><\/li><li><p><strong>Teste em esteira (TMT):<\/strong><\/p><ul><li>TMT, ou teste em esteira, \u00e9 um procedimento diagn\u00f3stico que avalia a resposta do cora\u00e7\u00e3o ao estresse f\u00edsico.<\/li><li>Os cardiologistas usam o TMT para avaliar a aptid\u00e3o cardiovascular, detectar isquemia e identificar potencial doen\u00e7a arterial coronariana.<\/li><\/ul><\/li><li><p><strong>Eletrocardiograma (ECG):<\/strong><\/p><ul><li>O ECG \u00e9 uma ferramenta de diagn\u00f3stico padr\u00e3o usada por cardiologistas para medir a atividade el\u00e9trica do cora\u00e7\u00e3o.<\/li><li>Os cardiologistas do Sunshine Hospital utilizam ECG para avaliar o ritmo card\u00edaco, detectar anormalidades e diagnosticar condi\u00e7\u00f5es como arritmias e ataques card\u00edacos.<\/li><\/ul><\/li><\/ul>\t\t\t\t\t\t<\/div>\n\t\t\t\t<\/div>\n\t\t\t\t\t<\/div>\n\t\t\t\t<\/div>\n\t\t<div class=\"elementor-element elementor-element-5d641e4 e-flex e-con-boxed e-con e-child\" data-id=\"5d641e4\" data-element_type=\"container\">\n\t\t\t\t\t<div class=\"e-con-inner\">\n\t\t\t\t<div class=\"elementor-element elementor-element-50fcd41 elementor-widget elementor-widget-text-editor\" data-id=\"50fcd41\" data-element_type=\"widget\" data-widget_type=\"text-editor.default\">\n\t\t\t\t<div class=\"elementor-widget-container\">\n\t\t\t\t\t\t\t<ul><li><p><strong>Laborat\u00f3rio de Cateterismo:<\/strong><\/p><ul><li>O pr\u00f3ximo laborat\u00f3rio de cateterismo altamente avan\u00e7ado na Matola \u00e9 uma adi\u00e7\u00e3o significativa aos servi\u00e7os cardiovasculares do Sunshine Hospital.<\/li><li>Os laborat\u00f3rios de cateterismo s\u00e3o instala\u00e7\u00f5es especializadas onde os cardiologistas realizam v\u00e1rios procedimentos intervencionistas, incluindo angiogramas, angioplastia e coloca\u00e7\u00e3o de stents para tratar doen\u00e7as arteriais coronarianas.<\/li><\/ul><\/li><li><p><strong>Procedimentos Intervencionistas:<\/strong><\/p><ul><li>Com a introdu\u00e7\u00e3o do laborat\u00f3rio de cateterismo, o Sunshine Hospital estar\u00e1 equipado para realizar uma s\u00e9rie de procedimentos intervencionistas para tratar de problemas card\u00edacos.<\/li><li>Os cardiologistas podem realizar angiografia coron\u00e1ria para visualizar os vasos sangu\u00edneos, angioplastia para abrir art\u00e9rias estreitadas e coloca\u00e7\u00e3o de stents para manter o fluxo sangu\u00edneo.<\/li><\/ul><\/li><\/ul>\t\t\t\t\t\t<\/div>\n\t\t\t\t<\/div>\n\t\t\t\t\t<\/div>\n\t\t\t\t<\/div>\n\t\t\t\t\t<\/div>\n\t\t\t\t<\/div>\n\t\t\t\t\t<\/div>\n\t\t\t\t<\/div>\n\t\t<div class=\"elementor-element elementor-element-fb78f18 e-flex e-con-boxed e-con e-parent\" data-id=\"fb78f18\" data-element_type=\"container\">\n\t\t\t\t\t<div class=\"e-con-inner\">\n\t\t\t\t<div class=\"elementor-element elementor-element-2b30f7e elementor-widget elementor-widget-heading\" data-id=\"2b30f7e\" data-element_type=\"widget\" data-widget_type=\"heading.default\">\n\t\t\t\t<div class=\"elementor-widget-container\">\n\t\t\t<h2 class=\"elementor-heading-title elementor-size-large\">Nossos m\u00e9dicos<\/h2>\t\t<\/div>\n\t\t\t\t<\/div>\n\t\t\t\t<div class=\"elementor-element elementor-element-00dcdbc elementor-widget elementor-widget-text-editor\" data-id=\"00dcdbc\" data-element_type=\"widget\" data-widget_type=\"text-editor.default\">\n\t\t\t\t<div class=\"elementor-widget-container\">\n\t\t\t\t\t\t\t<div><p><strong><span style=\"color: #da251a;\">Hospital Luz do Sol \u2013 Matola<\/span><\/strong><\/p><p>Dr. Agostinho Afonso<br \/>Dr. Reginaldo Banze<\/p><\/div><div><p><strong><span style=\"color: #da251a;\">Centro M\u00e9dico Sunshine \u2013 Maputo<\/span><\/strong><\/p><p>Dr. Agostinho Afonso<br \/>Dra. Irina Mariamo Usta Mbanze<\/p><\/div>\t\t\t\t\t\t<\/div>\n\t\t\t\t<\/div>\n\t\t\t\t\t<\/div>\n\t\t\t\t<\/div>\n\t\t<div class=\"elementor-element elementor-element-479494e e-flex e-con-boxed e-con e-parent\" data-id=\"479494e\" data-element_type=\"container\" data-settings=\"{&quot;background_background&quot;:&quot;classic&quot;}\">\n\t\t\t\t\t<div class=\"e-con-inner\">\n\t\t\t\t<div class=\"elementor-element elementor-element-341b4739 elementor-widget elementor-widget-heading\" data-id=\"341b4739\" data-element_type=\"widget\" data-widget_type=\"heading.default\">\n\t\t\t\t<div class=\"elementor-widget-container\">\n\t\t\t<h2 class=\"elementor-heading-title elementor-size-large\">Contacte-nos<\/h2>\t\t<\/div>\n\t\t\t\t<\/div>\n\t\t<div class=\"elementor-element elementor-element-16335b13 e-flex e-con-boxed e-con e-child\" data-id=\"16335b13\" data-element_type=\"container\">\n\t\t\t\t\t<div class=\"e-con-inner\">\n\t\t<div class=\"elementor-element elementor-element-3bc1246 e-flex e-con-boxed e-con e-child\" data-id=\"3bc1246\" data-element_type=\"container\">\n\t\t\t\t\t<div class=\"e-con-inner\">\n\t\t\t\t<div class=\"elementor-element elementor-element-6839cf66 elementor-align-center elementor-widget elementor-widget-button\" data-id=\"6839cf66\" data-element_type=\"widget\" data-widget_type=\"button.default\">\n\t\t\t\t<div class=\"elementor-widget-container\">\n\t\t\t\t\t\t\t<div class=\"elementor-button-wrapper\">\n\t\t\t\t\t<a class=\"elementor-button elementor-button-link elementor-size-sm\" href=\"https:\/\/sunshinehospitals.co.mz\/book-an-appointment\/\">\n\t\t\t\t\t\t<span class=\"elementor-button-content-wrapper\">\n\t\t\t\t\t\t\t\t\t<span class=\"elementor-button-text\">Marque uma consulta<\/span>\n\t\t\t\t\t<\/span>\n\t\t\t\t\t<\/a>\n\t\t\t\t<\/div>\n\t\t\t\t\t\t<\/div>\n\t\t\t\t<\/div>\n\t\t\t\t\t<\/div>\n\t\t\t\t<\/div>\n\t\t<div class=\"elementor-element elementor-element-2162570c e-flex e-con-boxed e-con e-child\" data-id=\"2162570c\" data-element_type=\"container\">\n\t\t\t\t\t<div class=\"e-con-inner\">\n\t\t\t\t<div class=\"elementor-element elementor-element-45fe7d67 elementor-align-center elementor-widget elementor-widget-button\" data-id=\"45fe7d67\" data-element_type=\"widget\" data-widget_type=\"button.default\">\n\t\t\t\t<div class=\"elementor-widget-container\">\n\t\t\t\t\t\t\t<div class=\"elementor-button-wrapper\">\n\t\t\t\t\t<a class=\"elementor-button elementor-button-link elementor-size-sm\" href=\"https:\/\/sunshinehospitals.co.mz\/contact-us\/\">\n\t\t\t\t\t\t<span class=\"elementor-button-content-wrapper\">\n\t\t\t\t\t\t\t\t\t<span class=\"elementor-button-text\">Fa\u00e7a um pedido<\/span>\n\t\t\t\t\t<\/span>\n\t\t\t\t\t<\/a>\n\t\t\t\t<\/div>\n\t\t\t\t\t\t<\/div>\n\t\t\t\t<\/div>\n\t\t\t\t\t<\/div>\n\t\t\t\t<\/div>\n\t\t\t\t\t<\/div>\n\t\t\t\t<\/div>\n\t\t\t\t\t<\/div>\n\t\t\t\t<\/div>\n\t\t\t\t<\/div>","protected":false},"excerpt":{"rendered":"<p>Cardiologia Sobre a Cardiologia Os cardiologistas s\u00e3o m\u00e9dicos especializados no diagn\u00f3stico e tratamento de doen\u00e7as ou condi\u00e7\u00f5es do cora\u00e7\u00e3o e dos vasos sangu\u00edneos \u2014 o sistema cardiovascular. Contamos com cardiologistas altamente qualificados que realizam consultas, ecocardiografia 2D e 3D, eletrocardiograma (ECG) e teste ergom\u00e9trico. Em breve, inauguraremos um laborat\u00f3rio de cateterismo card\u00edaco de \u00faltima gera\u00e7\u00e3o em [\u2026]<\/p>","protected":false},"author":1,"featured_media":1535,"parent":68,"menu_order":0,"comment_status":"closed","ping_status":"closed","template":"","meta":{"footnotes":""},"class_list":["post-1811","page","type-page","status-publish","has-post-thumbnail","hentry"],"yoast_head":"<!-- This site is optimized with the Yoast SEO plugin v26.3 - https:\/\/yoast.com\/wordpress\/plugins\/seo\/ -->\n<title>Cardiology - Sunshine Hospitals<\/title>\n<meta name=\"robots\" content=\"index, follow, max-snippet:-1, max-image-preview:large, max-video-preview:-1\" \/>\n<link rel=\"canonical\" href=\"https:\/\/sunshinehospitals.co.mz\/pt\/specialities\/cardiology\/\" \/>\n<meta property=\"og:locale\" content=\"pt_PT\" \/>\n<meta property=\"og:type\" content=\"article\" \/>\n<meta property=\"og:title\" content=\"Cardiology - Sunshine Hospitals\" \/>\n<meta property=\"og:description\" content=\"Cardiology About the Cardiology Cardiologists are doctors who specialize in diagnosing and treating diseases or conditions of the heart and blood vessels\u2014the cardiovascular system. We have highly skilled cardiologist who do consultation, 2D and 3D echography of heart, Electrocardiogram (ECG) and TMT (treadmill test). Soon we are going to open highly advanced cath lab in [&hellip;]\" \/>\n<meta property=\"og:url\" content=\"https:\/\/sunshinehospitals.co.mz\/pt\/specialities\/cardiology\/\" \/>\n<meta property=\"og:site_name\" content=\"Sunshine Hospitals\" \/>\n<meta property=\"article:publisher\" content=\"https:\/\/www.facebook.com\/893375397373189?ref=embed_page\" \/>\n<meta property=\"article:modified_time\" content=\"2024-04-23T11:46:34+00:00\" \/>\n<meta property=\"og:image\" content=\"https:\/\/sunshinehospitals.co.mz\/wp-content\/uploads\/2024\/01\/Cardiology.jpg\" \/>\n\t<meta property=\"og:image:width\" content=\"940\" \/>\n\t<meta property=\"og:image:height\" content=\"600\" \/>\n\t<meta property=\"og:image:type\" content=\"image\/jpeg\" \/>\n<meta name=\"twitter:card\" content=\"summary_large_image\" \/>\n<meta name=\"twitter:label1\" content=\"Tempo estimado de leitura\" \/>\n\t<meta name=\"twitter:data1\" content=\"2 minutos\" \/>\n<script type=\"application\/ld+json\" class=\"yoast-schema-graph\">{\"@context\":\"https:\/\/schema.org\",\"@graph\":[{\"@type\":\"WebPage\",\"@id\":\"https:\/\/sunshinehospitals.co.mz\/specialities\/cardiology\/\",\"url\":\"https:\/\/sunshinehospitals.co.mz\/specialities\/cardiology\/\",\"name\":\"Cardiology - Sunshine Hospitals\",\"isPartOf\":{\"@id\":\"https:\/\/sunshinehospitals.co.mz\/#website\"},\"primaryImageOfPage\":{\"@id\":\"https:\/\/sunshinehospitals.co.mz\/specialities\/cardiology\/#primaryimage\"},\"image\":{\"@id\":\"https:\/\/sunshinehospitals.co.mz\/specialities\/cardiology\/#primaryimage\"},\"thumbnailUrl\":\"https:\/\/sunshinehospitals.co.mz\/wp-content\/uploads\/2024\/01\/Cardiology.jpg\",\"datePublished\":\"2024-02-01T09:19:26+00:00\",\"dateModified\":\"2024-04-23T11:46:34+00:00\",\"breadcrumb\":{\"@id\":\"https:\/\/sunshinehospitals.co.mz\/specialities\/cardiology\/#breadcrumb\"},\"inLanguage\":\"pt-PT\",\"potentialAction\":[{\"@type\":\"ReadAction\",\"target\":[\"https:\/\/sunshinehospitals.co.mz\/specialities\/cardiology\/\"]}]},{\"@type\":\"ImageObject\",\"inLanguage\":\"pt-PT\",\"@id\":\"https:\/\/sunshinehospitals.co.mz\/specialities\/cardiology\/#primaryimage\",\"url\":\"https:\/\/sunshinehospitals.co.mz\/wp-content\/uploads\/2024\/01\/Cardiology.jpg\",\"contentUrl\":\"https:\/\/sunshinehospitals.co.mz\/wp-content\/uploads\/2024\/01\/Cardiology.jpg\",\"width\":940,\"height\":600},{\"@type\":\"BreadcrumbList\",\"@id\":\"https:\/\/sunshinehospitals.co.mz\/specialities\/cardiology\/#breadcrumb\",\"itemListElement\":[{\"@type\":\"ListItem\",\"position\":1,\"name\":\"Home\",\"item\":\"https:\/\/sunshinehospitals.co.mz\/\"},{\"@type\":\"ListItem\",\"position\":2,\"name\":\"Specialities\",\"item\":\"https:\/\/sunshinehospitals.co.mz\/specialities\/\"},{\"@type\":\"ListItem\",\"position\":3,\"name\":\"Cardiology\"}]},{\"@type\":\"WebSite\",\"@id\":\"https:\/\/sunshinehospitals.co.mz\/#website\",\"url\":\"https:\/\/sunshinehospitals.co.mz\/\",\"name\":\"Sunshine Hospitals\",\"description\":\"Best HealthCare Hospital Services in Matola, Mozambique - Sunshine Hospitals | Maputo Central Hospital | Multi-Specialty Hospital in Matola, Mozambique\",\"publisher\":{\"@id\":\"https:\/\/sunshinehospitals.co.mz\/#organization\"},\"potentialAction\":[{\"@type\":\"SearchAction\",\"target\":{\"@type\":\"EntryPoint\",\"urlTemplate\":\"https:\/\/sunshinehospitals.co.mz\/?s={search_term_string}\"},\"query-input\":{\"@type\":\"PropertyValueSpecification\",\"valueRequired\":true,\"valueName\":\"search_term_string\"}}],\"inLanguage\":\"pt-PT\"},{\"@type\":\"Organization\",\"@id\":\"https:\/\/sunshinehospitals.co.mz\/#organization\",\"name\":\"Sunshine Hospitals\",\"url\":\"https:\/\/sunshinehospitals.co.mz\/\",\"logo\":{\"@type\":\"ImageObject\",\"inLanguage\":\"pt-PT\",\"@id\":\"https:\/\/sunshinehospitals.co.mz\/#\/schema\/logo\/image\/\",\"url\":\"https:\/\/sunshinehospitals.co.mz\/wp-content\/uploads\/2024\/01\/SUNSHINE-HOSPITALS-LOGO-e1708194969685.png\",\"contentUrl\":\"https:\/\/sunshinehospitals.co.mz\/wp-content\/uploads\/2024\/01\/SUNSHINE-HOSPITALS-LOGO-e1708194969685.png\",\"width\":500,\"height\":58,\"caption\":\"Sunshine Hospitals\"},\"image\":{\"@id\":\"https:\/\/sunshinehospitals.co.mz\/#\/schema\/logo\/image\/\"},\"sameAs\":[\"https:\/\/www.facebook.com\/893375397373189?ref=embed_page\",\"https:\/\/www.instagram.com\/sunshine_hospitals\/\"]}]}<\/script>\n<!-- \/ Yoast SEO plugin. -->","yoast_head_json":{"title":"Cardiologia - Hospitais Sunshine","robots":{"index":"index","follow":"follow","max-snippet":"max-snippet:-1","max-image-preview":"max-image-preview:large","max-video-preview":"max-video-preview:-1"},"canonical":"https:\/\/sunshinehospitals.co.mz\/pt\/specialities\/cardiology\/","og_locale":"pt_PT","og_type":"article","og_title":"Cardiology - Sunshine Hospitals","og_description":"Cardiology About the Cardiology Cardiologists are doctors who specialize in diagnosing and treating diseases or conditions of the heart and blood vessels\u2014the cardiovascular system. We have highly skilled cardiologist who do consultation, 2D and 3D echography of heart, Electrocardiogram (ECG) and TMT (treadmill test). Soon we are going to open highly advanced cath lab in [&hellip;]","og_url":"https:\/\/sunshinehospitals.co.mz\/pt\/specialities\/cardiology\/","og_site_name":"Sunshine Hospitals","article_publisher":"https:\/\/www.facebook.com\/893375397373189?ref=embed_page","article_modified_time":"2024-04-23T11:46:34+00:00","og_image":[{"width":940,"height":600,"url":"https:\/\/sunshinehospitals.co.mz\/wp-content\/uploads\/2024\/01\/Cardiology.jpg","type":"image\/jpeg"}],"twitter_card":"summary_large_image","twitter_misc":{"Tempo estimado de leitura":"2 minutos"},"schema":{"@context":"https:\/\/schema.org","@graph":[{"@type":"WebPage","@id":"https:\/\/sunshinehospitals.co.mz\/specialities\/cardiology\/","url":"https:\/\/sunshinehospitals.co.mz\/specialities\/cardiology\/","name":"Cardiologia - Hospitais Sunshine","isPartOf":{"@id":"https:\/\/sunshinehospitals.co.mz\/#website"},"primaryImageOfPage":{"@id":"https:\/\/sunshinehospitals.co.mz\/specialities\/cardiology\/#primaryimage"},"image":{"@id":"https:\/\/sunshinehospitals.co.mz\/specialities\/cardiology\/#primaryimage"},"thumbnailUrl":"https:\/\/sunshinehospitals.co.mz\/wp-content\/uploads\/2024\/01\/Cardiology.jpg","datePublished":"2024-02-01T09:19:26+00:00","dateModified":"2024-04-23T11:46:34+00:00","breadcrumb":{"@id":"https:\/\/sunshinehospitals.co.mz\/specialities\/cardiology\/#breadcrumb"},"inLanguage":"pt-PT","potentialAction":[{"@type":"ReadAction","target":["https:\/\/sunshinehospitals.co.mz\/specialities\/cardiology\/"]}]},{"@type":"ImageObject","inLanguage":"pt-PT","@id":"https:\/\/sunshinehospitals.co.mz\/specialities\/cardiology\/#primaryimage","url":"https:\/\/sunshinehospitals.co.mz\/wp-content\/uploads\/2024\/01\/Cardiology.jpg","contentUrl":"https:\/\/sunshinehospitals.co.mz\/wp-content\/uploads\/2024\/01\/Cardiology.jpg","width":940,"height":600},{"@type":"BreadcrumbList","@id":"https:\/\/sunshinehospitals.co.mz\/specialities\/cardiology\/#breadcrumb","itemListElement":[{"@type":"ListItem","position":1,"name":"Home","item":"https:\/\/sunshinehospitals.co.mz\/"},{"@type":"ListItem","position":2,"name":"Specialities","item":"https:\/\/sunshinehospitals.co.mz\/specialities\/"},{"@type":"ListItem","position":3,"name":"Cardiology"}]},{"@type":"WebSite","@id":"https:\/\/sunshinehospitals.co.mz\/#website","url":"https:\/\/sunshinehospitals.co.mz\/","name":"Sunshine Hospitals","description":"Melhores Servi\u00e7os Hospitalares de Sa\u00fade em Matola, Mo\u00e7ambique - Sunshine Hospitals | Hospital Central de Maputo | Hospital Multi-Especialidades em Matola, Mo\u00e7ambique","publisher":{"@id":"https:\/\/sunshinehospitals.co.mz\/#organization"},"potentialAction":[{"@type":"SearchAction","target":{"@type":"EntryPoint","urlTemplate":"https:\/\/sunshinehospitals.co.mz\/?s={search_term_string}"},"query-input":{"@type":"PropertyValueSpecification","valueRequired":true,"valueName":"search_term_string"}}],"inLanguage":"pt-PT"},{"@type":"Organization","@id":"https:\/\/sunshinehospitals.co.mz\/#organization","name":"Sunshine Hospitals","url":"https:\/\/sunshinehospitals.co.mz\/","logo":{"@type":"ImageObject","inLanguage":"pt-PT","@id":"https:\/\/sunshinehospitals.co.mz\/#\/schema\/logo\/image\/","url":"https:\/\/sunshinehospitals.co.mz\/wp-content\/uploads\/2024\/01\/SUNSHINE-HOSPITALS-LOGO-e1708194969685.png","contentUrl":"https:\/\/sunshinehospitals.co.mz\/wp-content\/uploads\/2024\/01\/SUNSHINE-HOSPITALS-LOGO-e1708194969685.png","width":500,"height":58,"caption":"Sunshine Hospitals"},"image":{"@id":"https:\/\/sunshinehospitals.co.mz\/#\/schema\/logo\/image\/"},"sameAs":["https:\/\/www.facebook.com\/893375397373189?ref=embed_page","https:\/\/www.instagram.com\/sunshine_hospitals\/"]}]}},"_links":{"self":[{"href":"https:\/\/sunshinehospitals.co.mz\/pt\/wp-json\/wp\/v2\/pages\/1811","targetHints":{"allow":["GET"]}}],"collection":[{"href":"https:\/\/sunshinehospitals.co.mz\/pt\/wp-json\/wp\/v2\/pages"}],"about":[{"href":"https:\/\/sunshinehospitals.co.mz\/pt\/wp-json\/wp\/v2\/types\/page"}],"author":[{"embeddable":true,"href":"https:\/\/sunshinehospitals.co.mz\/pt\/wp-json\/wp\/v2\/users\/1"}],"replies":[{"embeddable":true,"href":"https:\/\/sunshinehospitals.co.mz\/pt\/wp-json\/wp\/v2\/comments?post=1811"}],"version-history":[{"count":0,"href":"https:\/\/sunshinehospitals.co.mz\/pt\/wp-json\/wp\/v2\/pages\/1811\/revisions"}],"up":[{"embeddable":true,"href":"https:\/\/sunshinehospitals.co.mz\/pt\/wp-json\/wp\/v2\/pages\/68"}],"wp:featuredmedia":[{"embeddable":true,"href":"https:\/\/sunshinehospitals.co.mz\/pt\/wp-json\/wp\/v2\/media\/1535"}],"wp:attachment":[{"href":"https:\/\/sunshinehospitals.co.mz\/pt\/wp-json\/wp\/v2\/media?parent=1811"}],"curies":[{"name":"wp","href":"https:\/\/api.w.org\/{rel}","templated":true}]}}