{"id":1810,"date":"2024-02-01T07:58:39","date_gmt":"2024-02-01T07:58:39","guid":{"rendered":"https:\/\/sunshinehospitals.co.mz\/?page_id=1810"},"modified":"2024-03-13T11:45:38","modified_gmt":"2024-03-13T11:45:38","slug":"urologist","status":"publish","type":"page","link":"https:\/\/sunshinehospitals.co.mz\/pt\/specialities\/urologist\/","title":{"rendered":"Urologia"},"content":{"rendered":"<div data-elementor-type=\"wp-page\" data-elementor-id=\"1810\" data-post-id=\"1810\" data-obj-id=\"1810\" class=\"elementor elementor-1810 dce-elementor-post-1810\">\n\t\t\t\t<div class=\"elementor-element elementor-element-5fba60c e-flex e-con-boxed e-con e-parent\" data-id=\"5fba60c\" data-element_type=\"container\" data-settings=\"{&quot;background_background&quot;:&quot;classic&quot;}\">\n\t\t\t\t\t<div class=\"e-con-inner\">\n\t\t\t\t<div class=\"elementor-element elementor-element-14bc0b1 ee-breadcrumbs-align-left elementor-widget elementor-widget-ee-breadcrumbs\" data-id=\"14bc0b1\" data-element_type=\"widget\" data-widget_type=\"ee-breadcrumbs.default\">\n\t\t\t\t<div class=\"elementor-widget-container\">\n\t\t\t<ul class=\"ee-breadcrumbs\"><\/ul>\t\t<\/div>\n\t\t\t\t<\/div>\n\t\t\t\t\t<\/div>\n\t\t\t\t<\/div>\n\t\t<div class=\"elementor-element elementor-element-f0b96a9 e-flex e-con-boxed e-con e-parent\" data-id=\"f0b96a9\" data-element_type=\"container\" data-settings=\"{&quot;background_background&quot;:&quot;classic&quot;}\">\n\t\t\t\t\t<div class=\"e-con-inner\">\n\t\t\t\t<div class=\"elementor-element elementor-element-a0f3d37 elementor-widget elementor-widget-dyncontel-title\" data-id=\"a0f3d37\" data-element_type=\"widget\" data-widget_type=\"dyncontel-title.default\">\n\t\t\t\t<div class=\"elementor-widget-container\">\n\t\t\t<h2 class=\"dynamic-content-for-elementor-title\"><a href=\"https:\/\/sunshinehospitals.co.mz\/pt\/specialities\/urologist\/\"><span class=\"dce-title\">Urologia<\/span><\/a><\/h2>\t\t<\/div>\n\t\t\t\t<\/div>\n\t\t\t\t\t<\/div>\n\t\t\t\t<\/div>\n\t\t<div class=\"elementor-element elementor-element-a108dfc single-details-page-sec e-flex e-con-boxed e-con e-parent\" data-id=\"a108dfc\" data-element_type=\"container\">\n\t\t\t\t\t<div class=\"e-con-inner\">\n\t\t<div class=\"elementor-element elementor-element-87c9d52 e-flex e-con-boxed e-con e-child\" data-id=\"87c9d52\" data-element_type=\"container\" data-settings=\"{&quot;background_background&quot;:&quot;classic&quot;}\">\n\t\t\t\t\t<div class=\"e-con-inner\">\n\t\t\t\t<div class=\"elementor-element elementor-element-b5e90b2 eael-dual-header-content-align-center elementor-widget elementor-widget-eael-dual-color-header\" data-id=\"b5e90b2\" data-element_type=\"widget\" data-widget_type=\"eael-dual-color-header.default\">\n\t\t\t\t<div class=\"elementor-widget-container\">\n\t\t\t\t\t\t<div class=\"eael-dual-header\">\n\t\t\t\t<h3 class=\"title eael-dch-title\"><span class=\"eael-dch-title-text eael-dch-title-lead lead solid-color\">Sobre o <\/span> <span class=\"eael-dch-title-text\">Urologia<\/span><\/h3>\t\t\t<\/div>\n\n\t\t\t\t<\/div>\n\t\t\t\t<\/div>\n\t\t\t\t<div class=\"elementor-element elementor-element-79cca69 elementor-widget elementor-widget-text-editor\" data-id=\"79cca69\" data-element_type=\"widget\" data-widget_type=\"text-editor.default\">\n\t\t\t\t<div class=\"elementor-widget-container\">\n\t\t\t\t\t\t\tUrologista \u00e9 um m\u00e9dico que possui conhecimento e habilidade especializada em problemas do trato urin\u00e1rio masculino e feminino e dos \u00f3rg\u00e3os reprodutivos masculinos. Os hospitais Sunshine oferecem atendimento urol\u00f3gico avan\u00e7ado de acordo com os padr\u00f5es internacionais. Oferecemos espectro completo de diagn\u00f3stico e tratamento para c\u00e2ncer urol\u00f3gico, doen\u00e7as da pr\u00f3stata, cirurgia urol\u00f3gica e doen\u00e7as de c\u00e1lculos.\t\t\t\t\t\t<\/div>\n\t\t\t\t<\/div>\n\t\t\t\t\t<\/div>\n\t\t\t\t<\/div>\n\t\t<div class=\"elementor-element elementor-element-55f1834 e-flex e-con-boxed e-con e-child\" data-id=\"55f1834\" data-element_type=\"container\">\n\t\t\t\t\t<div class=\"e-con-inner\">\n\t\t<div class=\"elementor-element elementor-element-8a464f9 e-flex e-con-boxed e-con e-child\" data-id=\"8a464f9\" data-element_type=\"container\">\n\t\t\t\t\t<div class=\"e-con-inner\">\n\t\t\t\t<div class=\"elementor-element elementor-element-1968bf8 dce_masking-none elementor-widget elementor-widget-image\" data-id=\"1968bf8\" data-element_type=\"widget\" data-widget_type=\"image.default\">\n\t\t\t\t<div class=\"elementor-widget-container\">\n\t\t\t\t\t\t\t\t\t\t\t\t\t<img fetchpriority=\"high\" decoding=\"async\" width=\"768\" height=\"452\" src=\"https:\/\/sunshinehospitals.co.mz\/wp-content\/uploads\/2024\/02\/urologicalconditions.jpg\" class=\"attachment-full size-full wp-image-1816\" alt=\"\" srcset=\"https:\/\/sunshinehospitals.co.mz\/wp-content\/uploads\/2024\/02\/urologicalconditions.jpg 768w, https:\/\/sunshinehospitals.co.mz\/wp-content\/uploads\/2024\/02\/urologicalconditions-300x177.jpg 300w\" sizes=\"(max-width: 768px) 100vw, 768px\" \/>\t\t\t\t\t\t\t\t\t\t\t\t\t<\/div>\n\t\t\t\t<\/div>\n\t\t\t\t\t<\/div>\n\t\t\t\t<\/div>\n\t\t<div class=\"elementor-element elementor-element-73882bc e-flex e-con-boxed e-con e-child\" data-id=\"73882bc\" data-element_type=\"container\">\n\t\t\t\t\t<div class=\"e-con-inner\">\n\t\t\t\t<div class=\"elementor-element elementor-element-383122a elementor-widget elementor-widget-text-editor\" data-id=\"383122a\" data-element_type=\"widget\" data-widget_type=\"text-editor.default\">\n\t\t\t\t<div class=\"elementor-widget-container\">\n\t\t\t\t\t\t\t<p>Os urologistas, como m\u00e9dicos especializados nos Sunshine Hospitals, s\u00e3o fundamentais no tratamento de um amplo espectro de condi\u00e7\u00f5es relacionadas ao trato urin\u00e1rio e aos \u00f3rg\u00e3os reprodutivos masculinos. A sua experi\u00eancia e o compromisso do hospital com os padr\u00f5es internacionais garantem a presta\u00e7\u00e3o de cuidados urol\u00f3gicos avan\u00e7ados. Vamos nos aprofundar na ampla gama de servi\u00e7os e habilidades oferecidas pelos urologistas do Sunshine Hospitals:<\/p><p><strong>Cuidado urol\u00f3gico abrangente:<\/strong><\/p><ul><li>Os urologistas do Sunshine Hospitals oferecem atendimento abrangente para uma infinidade de condi\u00e7\u00f5es urol\u00f3gicas que afetam homens e mulheres.<\/li><li>Eles s\u00e3o especialistas em diagnosticar, tratar e controlar dist\u00farbios relacionados aos rins, bexiga, ureteres, uretra e sistema reprodutor masculino.<\/li><\/ul>\t\t\t\t\t\t<\/div>\n\t\t\t\t<\/div>\n\t\t\t\t\t<\/div>\n\t\t\t\t<\/div>\n\t\t\t\t\t<\/div>\n\t\t\t\t<\/div>\n\t\t<div class=\"elementor-element elementor-element-b237feb e-flex e-con-boxed e-con e-child\" data-id=\"b237feb\" data-element_type=\"container\">\n\t\t\t\t\t<div class=\"e-con-inner\">\n\t\t<div class=\"elementor-element elementor-element-64eb895 e-flex e-con-boxed e-con e-child\" data-id=\"64eb895\" data-element_type=\"container\">\n\t\t\t\t\t<div class=\"e-con-inner\">\n\t\t\t\t<div class=\"elementor-element elementor-element-6dbf94e elementor-widget elementor-widget-text-editor\" data-id=\"6dbf94e\" data-element_type=\"widget\" data-widget_type=\"text-editor.default\">\n\t\t\t\t<div class=\"elementor-widget-container\">\n\t\t\t\t\t\t\t<ul><li><strong>Padr\u00f5es Internacionais de Excel\u00eancia:<\/strong><ul><li>A Sunshine Hospitals mant\u00e9m um compromisso com os padr\u00f5es internacionais, garantindo que os cuidados urol\u00f3gicos sejam prestados com o mais alto n\u00edvel de qualidade e de acordo com as melhores pr\u00e1ticas globais.<\/li><li>O hospital incorpora constantemente os mais recentes avan\u00e7os em urologia para fornecer servi\u00e7os de \u00faltima gera\u00e7\u00e3o.<\/li><\/ul><\/li><li><strong>Excel\u00eancia em Diagn\u00f3stico:<\/strong><ul><li>Sunshine Hospitals oferece uma ampla gama de servi\u00e7os de diagn\u00f3stico para identificar e avaliar com precis\u00e3o as condi\u00e7\u00f5es urol\u00f3gicas.<\/li><li>Tecnologias de imagem de ponta, testes laboratoriais e procedimentos de diagn\u00f3stico s\u00e3o empregados para facilitar o diagn\u00f3stico preciso e o planejamento do tratamento.<\/li><\/ul><\/li><li><strong>C\u00e2nceres Urol\u00f3gicos:<\/strong><ul><li>Os urologistas s\u00e3o especializados no diagn\u00f3stico e tratamento de v\u00e1rios tipos de c\u00e2ncer urol\u00f3gico, incluindo aqueles que afetam rins, bexiga, pr\u00f3stata e test\u00edculos.<\/li><li>O hospital emprega uma abordagem multidisciplinar, combinando cirurgia, quimioterapia e radioterapia para fornecer atendimento abrangente ao c\u00e2ncer.<\/li><\/ul><\/li><li><strong>Doen\u00e7as da pr\u00f3stata:<\/strong><ul><li>Sunshine Hospitals oferece um conjunto abrangente de servi\u00e7os para doen\u00e7as da pr\u00f3stata, incluindo hiperplasia prost\u00e1tica benigna (HPB) e c\u00e2ncer de pr\u00f3stata.<\/li><li>Os urologistas empregam uma variedade de interven\u00e7\u00f5es, desde medicamentos at\u00e9 procedimentos cir\u00fargicos, para gerenciar e tratar com efic\u00e1cia as condi\u00e7\u00f5es relacionadas \u00e0 pr\u00f3stata.<\/li><\/ul><\/li><\/ul>\t\t\t\t\t\t<\/div>\n\t\t\t\t<\/div>\n\t\t\t\t\t<\/div>\n\t\t\t\t<\/div>\n\t\t<div class=\"elementor-element elementor-element-d56cfb8 e-flex e-con-boxed e-con e-child\" data-id=\"d56cfb8\" data-element_type=\"container\">\n\t\t\t\t\t<div class=\"e-con-inner\">\n\t\t\t\t<div class=\"elementor-element elementor-element-3672332 elementor-widget elementor-widget-text-editor\" data-id=\"3672332\" data-element_type=\"widget\" data-widget_type=\"text-editor.default\">\n\t\t\t\t<div class=\"elementor-widget-container\">\n\t\t\t\t\t\t\t<ul><li><strong>Cirurgia Urol\u00f3gica:<\/strong><ul><li>O hospital est\u00e1 equipado com instala\u00e7\u00f5es de \u00faltima gera\u00e7\u00e3o para cirurgias urol\u00f3gicas, oferecendo uma gama de interven\u00e7\u00f5es adaptadas \u00e0s necessidades exclusivas de cada paciente.<\/li><li>Os urologistas realizam procedimentos minimamente invasivos, cirurgias assistidas por rob\u00f3tica e cirurgias abertas tradicionais, conforme necess\u00e1rio para condi\u00e7\u00f5es como c\u00e1lculos renais, problemas de bexiga e cirurgias reconstrutivas.<\/li><\/ul><\/li><li><strong>Gerenciamento de doen\u00e7as de pedra:<\/strong><ul><li>Sunshine Hospitals oferece op\u00e7\u00f5es avan\u00e7adas de tratamento para doen\u00e7as de c\u00e1lculos que afetam o trato urin\u00e1rio.<\/li><li>Os urologistas empregam v\u00e1rias t\u00e9cnicas, incluindo litotripsia extracorp\u00f3rea por ondas de choque (LECO) e litotripsia a laser, para gerenciar e eliminar com efic\u00e1cia c\u00e1lculos urin\u00e1rios.<\/li><\/ul><\/li><li><strong>Abordagem Centrada no Paciente:<\/strong><ul><li>O Sunshine Hospitals d\u00e1 forte \u00eanfase a uma abordagem centrada no paciente, garantindo que os indiv\u00edduos recebam atendimento personalizado e compassivo.<\/li><li>Os urologistas priorizam a comunica\u00e7\u00e3o clara, a educa\u00e7\u00e3o do paciente e o envolvimento dos pacientes na tomada de decis\u00f5es ao longo de sua jornada de tratamento.<\/li><\/ul><\/li><\/ul>\t\t\t\t\t\t<\/div>\n\t\t\t\t<\/div>\n\t\t\t\t\t<\/div>\n\t\t\t\t<\/div>\n\t\t\t\t\t<\/div>\n\t\t\t\t<\/div>\n\t\t\t\t\t<\/div>\n\t\t\t\t<\/div>\n\t\t<div class=\"elementor-element elementor-element-fb78f18 e-flex e-con-boxed e-con e-parent\" data-id=\"fb78f18\" data-element_type=\"container\">\n\t\t\t\t\t<div class=\"e-con-inner\">\n\t\t\t\t<div class=\"elementor-element elementor-element-2b30f7e elementor-widget elementor-widget-heading\" data-id=\"2b30f7e\" data-element_type=\"widget\" data-widget_type=\"heading.default\">\n\t\t\t\t<div class=\"elementor-widget-container\">\n\t\t\t<h2 class=\"elementor-heading-title elementor-size-large\">Nossos m\u00e9dicos<\/h2>\t\t<\/div>\n\t\t\t\t<\/div>\n\t\t\t\t<div class=\"elementor-element elementor-element-00dcdbc elementor-drop-cap-yes elementor-drop-cap-view-default elementor-widget elementor-widget-text-editor\" data-id=\"00dcdbc\" data-element_type=\"widget\" data-settings=\"{&quot;drop_cap&quot;:&quot;yes&quot;}\" data-widget_type=\"text-editor.default\">\n\t\t\t\t<div class=\"elementor-widget-container\">\n\t\t\t\t\t\t\t<div><p><strong><span style=\"color: #da251a;\">Hospital Luz do Sol \u2013 Matola<\/span><\/strong><\/p><p>Dr. Nelson Tchamo<br \/>Dra.<\/p><\/div><div><p><strong><span style=\"color: #da251a;\">Centro M\u00e9dico Sunshine \u2013 Maputo<\/span><\/strong><\/p><p>Dr. Andriy Sapsay<\/p><\/div>\t\t\t\t\t\t<\/div>\n\t\t\t\t<\/div>\n\t\t\t\t\t<\/div>\n\t\t\t\t<\/div>\n\t\t<div class=\"elementor-element elementor-element-28db153b e-flex e-con-boxed e-con e-parent\" data-id=\"28db153b\" data-element_type=\"container\" data-settings=\"{&quot;background_background&quot;:&quot;classic&quot;}\">\n\t\t\t\t\t<div class=\"e-con-inner\">\n\t\t\t\t<div class=\"elementor-element elementor-element-38e01c91 elementor-widget elementor-widget-heading\" data-id=\"38e01c91\" data-element_type=\"widget\" data-widget_type=\"heading.default\">\n\t\t\t\t<div class=\"elementor-widget-container\">\n\t\t\t<h2 class=\"elementor-heading-title elementor-size-large\">Contacte-nos<\/h2>\t\t<\/div>\n\t\t\t\t<\/div>\n\t\t<div class=\"elementor-element elementor-element-7e60297f e-flex e-con-boxed e-con e-child\" data-id=\"7e60297f\" data-element_type=\"container\">\n\t\t\t\t\t<div class=\"e-con-inner\">\n\t\t<div class=\"elementor-element elementor-element-788cf212 e-flex e-con-boxed e-con e-child\" data-id=\"788cf212\" data-element_type=\"container\">\n\t\t\t\t\t<div class=\"e-con-inner\">\n\t\t\t\t<div class=\"elementor-element elementor-element-7707a78b elementor-align-center elementor-widget elementor-widget-button\" data-id=\"7707a78b\" data-element_type=\"widget\" data-widget_type=\"button.default\">\n\t\t\t\t<div class=\"elementor-widget-container\">\n\t\t\t\t\t\t\t<div class=\"elementor-button-wrapper\">\n\t\t\t\t\t<a class=\"elementor-button elementor-button-link elementor-size-sm\" href=\"https:\/\/sunshinehospitals.co.mz\/book-an-appointment\/\">\n\t\t\t\t\t\t<span class=\"elementor-button-content-wrapper\">\n\t\t\t\t\t\t\t\t\t<span class=\"elementor-button-text\">Marque uma consulta<\/span>\n\t\t\t\t\t<\/span>\n\t\t\t\t\t<\/a>\n\t\t\t\t<\/div>\n\t\t\t\t\t\t<\/div>\n\t\t\t\t<\/div>\n\t\t\t\t\t<\/div>\n\t\t\t\t<\/div>\n\t\t<div class=\"elementor-element elementor-element-222788d9 e-flex e-con-boxed e-con e-child\" data-id=\"222788d9\" data-element_type=\"container\">\n\t\t\t\t\t<div class=\"e-con-inner\">\n\t\t\t\t<div class=\"elementor-element elementor-element-4e806862 elementor-align-center elementor-widget elementor-widget-button\" data-id=\"4e806862\" data-element_type=\"widget\" data-widget_type=\"button.default\">\n\t\t\t\t<div class=\"elementor-widget-container\">\n\t\t\t\t\t\t\t<div class=\"elementor-button-wrapper\">\n\t\t\t\t\t<a class=\"elementor-button elementor-button-link elementor-size-sm\" href=\"https:\/\/sunshinehospitals.co.mz\/contact-us\/\">\n\t\t\t\t\t\t<span class=\"elementor-button-content-wrapper\">\n\t\t\t\t\t\t\t\t\t<span class=\"elementor-button-text\">Fa\u00e7a um pedido<\/span>\n\t\t\t\t\t<\/span>\n\t\t\t\t\t<\/a>\n\t\t\t\t<\/div>\n\t\t\t\t\t\t<\/div>\n\t\t\t\t<\/div>\n\t\t\t\t\t<\/div>\n\t\t\t\t<\/div>\n\t\t\t\t\t<\/div>\n\t\t\t\t<\/div>\n\t\t\t\t\t<\/div>\n\t\t\t\t<\/div>\n\t\t\t\t<\/div>","protected":false},"excerpt":{"rendered":"<p>Urologista Sobre o Urologista Urologista \u00e9 um m\u00e9dico com conhecimento e habilidade especializados em problemas do trato urin\u00e1rio masculino e feminino e dos \u00f3rg\u00e3os reprodutores masculinos. O Sunshine Hospitals oferece atendimento urol\u00f3gico avan\u00e7ado, de acordo com os padr\u00f5es internacionais. Oferecemos uma gama completa de diagn\u00f3sticos e tratamentos para c\u00e2nceres urol\u00f3gicos, doen\u00e7as da pr\u00f3stata, cirurgia urol\u00f3gica e [\u2026]<\/p>","protected":false},"author":1,"featured_media":1816,"parent":68,"menu_order":0,"comment_status":"closed","ping_status":"closed","template":"","meta":{"footnotes":""},"class_list":["post-1810","page","type-page","status-publish","has-post-thumbnail","hentry"],"yoast_head":"<!-- This site is optimized with the Yoast SEO plugin v26.3 - https:\/\/yoast.com\/wordpress\/plugins\/seo\/ -->\n<title>Urologist - Sunshine Hospitals<\/title>\n<meta name=\"robots\" content=\"index, follow, max-snippet:-1, max-image-preview:large, max-video-preview:-1\" \/>\n<link rel=\"canonical\" href=\"https:\/\/sunshinehospitals.co.mz\/pt\/specialities\/urologist\/\" \/>\n<meta property=\"og:locale\" content=\"pt_PT\" \/>\n<meta property=\"og:type\" content=\"article\" \/>\n<meta property=\"og:title\" content=\"Urologist - Sunshine Hospitals\" \/>\n<meta property=\"og:description\" content=\"Urologist About the Urologist Urologist is a physician who has specialized knowledge and skill regarding problems of the male and female urinary tract and the male reproductive organs. Sunshine hospitals offers advanced urological care at par with international standards. We offer full spectrum of diagnostics and treatment for urology cancers, prostate diseases, urology surgery, and [&hellip;]\" \/>\n<meta property=\"og:url\" content=\"https:\/\/sunshinehospitals.co.mz\/pt\/specialities\/urologist\/\" \/>\n<meta property=\"og:site_name\" content=\"Sunshine Hospitals\" \/>\n<meta property=\"article:publisher\" content=\"https:\/\/www.facebook.com\/893375397373189?ref=embed_page\" \/>\n<meta property=\"article:modified_time\" content=\"2024-03-13T11:45:38+00:00\" \/>\n<meta property=\"og:image\" content=\"https:\/\/sunshinehospitals.co.mz\/wp-content\/uploads\/2024\/02\/urologicalconditions.jpg\" \/>\n\t<meta property=\"og:image:width\" content=\"768\" \/>\n\t<meta property=\"og:image:height\" content=\"452\" \/>\n\t<meta property=\"og:image:type\" content=\"image\/jpeg\" \/>\n<meta name=\"twitter:card\" content=\"summary_large_image\" \/>\n<meta name=\"twitter:label1\" content=\"Tempo estimado de leitura\" \/>\n\t<meta name=\"twitter:data1\" content=\"2 minutos\" \/>\n<script type=\"application\/ld+json\" class=\"yoast-schema-graph\">{\"@context\":\"https:\/\/schema.org\",\"@graph\":[{\"@type\":\"WebPage\",\"@id\":\"https:\/\/sunshinehospitals.co.mz\/specialities\/urologist\/\",\"url\":\"https:\/\/sunshinehospitals.co.mz\/specialities\/urologist\/\",\"name\":\"Urologist - Sunshine Hospitals\",\"isPartOf\":{\"@id\":\"https:\/\/sunshinehospitals.co.mz\/#website\"},\"primaryImageOfPage\":{\"@id\":\"https:\/\/sunshinehospitals.co.mz\/specialities\/urologist\/#primaryimage\"},\"image\":{\"@id\":\"https:\/\/sunshinehospitals.co.mz\/specialities\/urologist\/#primaryimage\"},\"thumbnailUrl\":\"https:\/\/sunshinehospitals.co.mz\/wp-content\/uploads\/2024\/02\/urologicalconditions.jpg\",\"datePublished\":\"2024-02-01T07:58:39+00:00\",\"dateModified\":\"2024-03-13T11:45:38+00:00\",\"breadcrumb\":{\"@id\":\"https:\/\/sunshinehospitals.co.mz\/specialities\/urologist\/#breadcrumb\"},\"inLanguage\":\"pt-PT\",\"potentialAction\":[{\"@type\":\"ReadAction\",\"target\":[\"https:\/\/sunshinehospitals.co.mz\/specialities\/urologist\/\"]}]},{\"@type\":\"ImageObject\",\"inLanguage\":\"pt-PT\",\"@id\":\"https:\/\/sunshinehospitals.co.mz\/specialities\/urologist\/#primaryimage\",\"url\":\"https:\/\/sunshinehospitals.co.mz\/wp-content\/uploads\/2024\/02\/urologicalconditions.jpg\",\"contentUrl\":\"https:\/\/sunshinehospitals.co.mz\/wp-content\/uploads\/2024\/02\/urologicalconditions.jpg\",\"width\":768,\"height\":452},{\"@type\":\"BreadcrumbList\",\"@id\":\"https:\/\/sunshinehospitals.co.mz\/specialities\/urologist\/#breadcrumb\",\"itemListElement\":[{\"@type\":\"ListItem\",\"position\":1,\"name\":\"Home\",\"item\":\"https:\/\/sunshinehospitals.co.mz\/\"},{\"@type\":\"ListItem\",\"position\":2,\"name\":\"Specialities\",\"item\":\"https:\/\/sunshinehospitals.co.mz\/specialities\/\"},{\"@type\":\"ListItem\",\"position\":3,\"name\":\"Urologist\"}]},{\"@type\":\"WebSite\",\"@id\":\"https:\/\/sunshinehospitals.co.mz\/#website\",\"url\":\"https:\/\/sunshinehospitals.co.mz\/\",\"name\":\"Sunshine Hospitals\",\"description\":\"Best HealthCare Hospital Services in Matola, Mozambique - Sunshine Hospitals | Maputo Central Hospital | Multi-Specialty Hospital in Matola, Mozambique\",\"publisher\":{\"@id\":\"https:\/\/sunshinehospitals.co.mz\/#organization\"},\"potentialAction\":[{\"@type\":\"SearchAction\",\"target\":{\"@type\":\"EntryPoint\",\"urlTemplate\":\"https:\/\/sunshinehospitals.co.mz\/?s={search_term_string}\"},\"query-input\":{\"@type\":\"PropertyValueSpecification\",\"valueRequired\":true,\"valueName\":\"search_term_string\"}}],\"inLanguage\":\"pt-PT\"},{\"@type\":\"Organization\",\"@id\":\"https:\/\/sunshinehospitals.co.mz\/#organization\",\"name\":\"Sunshine Hospitals\",\"url\":\"https:\/\/sunshinehospitals.co.mz\/\",\"logo\":{\"@type\":\"ImageObject\",\"inLanguage\":\"pt-PT\",\"@id\":\"https:\/\/sunshinehospitals.co.mz\/#\/schema\/logo\/image\/\",\"url\":\"https:\/\/sunshinehospitals.co.mz\/wp-content\/uploads\/2024\/01\/SUNSHINE-HOSPITALS-LOGO-e1708194969685.png\",\"contentUrl\":\"https:\/\/sunshinehospitals.co.mz\/wp-content\/uploads\/2024\/01\/SUNSHINE-HOSPITALS-LOGO-e1708194969685.png\",\"width\":500,\"height\":58,\"caption\":\"Sunshine Hospitals\"},\"image\":{\"@id\":\"https:\/\/sunshinehospitals.co.mz\/#\/schema\/logo\/image\/\"},\"sameAs\":[\"https:\/\/www.facebook.com\/893375397373189?ref=embed_page\",\"https:\/\/www.instagram.com\/sunshine_hospitals\/\"]}]}<\/script>\n<!-- \/ Yoast SEO plugin. -->","yoast_head_json":{"title":"Urologista - Hospitais Sunshine","robots":{"index":"index","follow":"follow","max-snippet":"max-snippet:-1","max-image-preview":"max-image-preview:large","max-video-preview":"max-video-preview:-1"},"canonical":"https:\/\/sunshinehospitals.co.mz\/pt\/specialities\/urologist\/","og_locale":"pt_PT","og_type":"article","og_title":"Urologist - Sunshine Hospitals","og_description":"Urologist About the Urologist Urologist is a physician who has specialized knowledge and skill regarding problems of the male and female urinary tract and the male reproductive organs. Sunshine hospitals offers advanced urological care at par with international standards. We offer full spectrum of diagnostics and treatment for urology cancers, prostate diseases, urology surgery, and [&hellip;]","og_url":"https:\/\/sunshinehospitals.co.mz\/pt\/specialities\/urologist\/","og_site_name":"Sunshine Hospitals","article_publisher":"https:\/\/www.facebook.com\/893375397373189?ref=embed_page","article_modified_time":"2024-03-13T11:45:38+00:00","og_image":[{"width":768,"height":452,"url":"https:\/\/sunshinehospitals.co.mz\/wp-content\/uploads\/2024\/02\/urologicalconditions.jpg","type":"image\/jpeg"}],"twitter_card":"summary_large_image","twitter_misc":{"Tempo estimado de leitura":"2 minutos"},"schema":{"@context":"https:\/\/schema.org","@graph":[{"@type":"WebPage","@id":"https:\/\/sunshinehospitals.co.mz\/specialities\/urologist\/","url":"https:\/\/sunshinehospitals.co.mz\/specialities\/urologist\/","name":"Urologista - Hospitais Sunshine","isPartOf":{"@id":"https:\/\/sunshinehospitals.co.mz\/#website"},"primaryImageOfPage":{"@id":"https:\/\/sunshinehospitals.co.mz\/specialities\/urologist\/#primaryimage"},"image":{"@id":"https:\/\/sunshinehospitals.co.mz\/specialities\/urologist\/#primaryimage"},"thumbnailUrl":"https:\/\/sunshinehospitals.co.mz\/wp-content\/uploads\/2024\/02\/urologicalconditions.jpg","datePublished":"2024-02-01T07:58:39+00:00","dateModified":"2024-03-13T11:45:38+00:00","breadcrumb":{"@id":"https:\/\/sunshinehospitals.co.mz\/specialities\/urologist\/#breadcrumb"},"inLanguage":"pt-PT","potentialAction":[{"@type":"ReadAction","target":["https:\/\/sunshinehospitals.co.mz\/specialities\/urologist\/"]}]},{"@type":"ImageObject","inLanguage":"pt-PT","@id":"https:\/\/sunshinehospitals.co.mz\/specialities\/urologist\/#primaryimage","url":"https:\/\/sunshinehospitals.co.mz\/wp-content\/uploads\/2024\/02\/urologicalconditions.jpg","contentUrl":"https:\/\/sunshinehospitals.co.mz\/wp-content\/uploads\/2024\/02\/urologicalconditions.jpg","width":768,"height":452},{"@type":"BreadcrumbList","@id":"https:\/\/sunshinehospitals.co.mz\/specialities\/urologist\/#breadcrumb","itemListElement":[{"@type":"ListItem","position":1,"name":"Home","item":"https:\/\/sunshinehospitals.co.mz\/"},{"@type":"ListItem","position":2,"name":"Specialities","item":"https:\/\/sunshinehospitals.co.mz\/specialities\/"},{"@type":"ListItem","position":3,"name":"Urologist"}]},{"@type":"WebSite","@id":"https:\/\/sunshinehospitals.co.mz\/#website","url":"https:\/\/sunshinehospitals.co.mz\/","name":"Sunshine Hospitals","description":"Melhores Servi\u00e7os Hospitalares de Sa\u00fade em Matola, Mo\u00e7ambique - Sunshine Hospitals | Hospital Central de Maputo | Hospital Multi-Especialidades em Matola, Mo\u00e7ambique","publisher":{"@id":"https:\/\/sunshinehospitals.co.mz\/#organization"},"potentialAction":[{"@type":"SearchAction","target":{"@type":"EntryPoint","urlTemplate":"https:\/\/sunshinehospitals.co.mz\/?s={search_term_string}"},"query-input":{"@type":"PropertyValueSpecification","valueRequired":true,"valueName":"search_term_string"}}],"inLanguage":"pt-PT"},{"@type":"Organization","@id":"https:\/\/sunshinehospitals.co.mz\/#organization","name":"Sunshine Hospitals","url":"https:\/\/sunshinehospitals.co.mz\/","logo":{"@type":"ImageObject","inLanguage":"pt-PT","@id":"https:\/\/sunshinehospitals.co.mz\/#\/schema\/logo\/image\/","url":"https:\/\/sunshinehospitals.co.mz\/wp-content\/uploads\/2024\/01\/SUNSHINE-HOSPITALS-LOGO-e1708194969685.png","contentUrl":"https:\/\/sunshinehospitals.co.mz\/wp-content\/uploads\/2024\/01\/SUNSHINE-HOSPITALS-LOGO-e1708194969685.png","width":500,"height":58,"caption":"Sunshine Hospitals"},"image":{"@id":"https:\/\/sunshinehospitals.co.mz\/#\/schema\/logo\/image\/"},"sameAs":["https:\/\/www.facebook.com\/893375397373189?ref=embed_page","https:\/\/www.instagram.com\/sunshine_hospitals\/"]}]}},"_links":{"self":[{"href":"https:\/\/sunshinehospitals.co.mz\/pt\/wp-json\/wp\/v2\/pages\/1810","targetHints":{"allow":["GET"]}}],"collection":[{"href":"https:\/\/sunshinehospitals.co.mz\/pt\/wp-json\/wp\/v2\/pages"}],"about":[{"href":"https:\/\/sunshinehospitals.co.mz\/pt\/wp-json\/wp\/v2\/types\/page"}],"author":[{"embeddable":true,"href":"https:\/\/sunshinehospitals.co.mz\/pt\/wp-json\/wp\/v2\/users\/1"}],"replies":[{"embeddable":true,"href":"https:\/\/sunshinehospitals.co.mz\/pt\/wp-json\/wp\/v2\/comments?post=1810"}],"version-history":[{"count":0,"href":"https:\/\/sunshinehospitals.co.mz\/pt\/wp-json\/wp\/v2\/pages\/1810\/revisions"}],"up":[{"embeddable":true,"href":"https:\/\/sunshinehospitals.co.mz\/pt\/wp-json\/wp\/v2\/pages\/68"}],"wp:featuredmedia":[{"embeddable":true,"href":"https:\/\/sunshinehospitals.co.mz\/pt\/wp-json\/wp\/v2\/media\/1816"}],"wp:attachment":[{"href":"https:\/\/sunshinehospitals.co.mz\/pt\/wp-json\/wp\/v2\/media?parent=1810"}],"curies":[{"name":"wp","href":"https:\/\/api.w.org\/{rel}","templated":true}]}}