{"id":1738,"date":"2024-02-01T06:26:25","date_gmt":"2024-02-01T06:26:25","guid":{"rendered":"https:\/\/sunshinehospitals.co.mz\/?page_id=1738"},"modified":"2024-03-13T13:13:07","modified_gmt":"2024-03-13T13:13:07","slug":"pulmonologist","status":"publish","type":"page","link":"https:\/\/sunshinehospitals.co.mz\/pt\/specialities\/pulmonologist\/","title":{"rendered":"Pneumologista"},"content":{"rendered":"<div data-elementor-type=\"wp-page\" data-elementor-id=\"1738\" data-post-id=\"1738\" data-obj-id=\"1738\" class=\"elementor elementor-1738 dce-elementor-post-1738\">\n\t\t\t\t<div class=\"elementor-element elementor-element-5fba60c e-flex e-con-boxed e-con e-parent\" data-id=\"5fba60c\" data-element_type=\"container\" data-settings=\"{&quot;background_background&quot;:&quot;classic&quot;}\">\n\t\t\t\t\t<div class=\"e-con-inner\">\n\t\t\t\t<div class=\"elementor-element elementor-element-14bc0b1 ee-breadcrumbs-align-left elementor-widget elementor-widget-ee-breadcrumbs\" data-id=\"14bc0b1\" data-element_type=\"widget\" data-widget_type=\"ee-breadcrumbs.default\">\n\t\t\t\t<div class=\"elementor-widget-container\">\n\t\t\t<ul class=\"ee-breadcrumbs\"><\/ul>\t\t<\/div>\n\t\t\t\t<\/div>\n\t\t\t\t\t<\/div>\n\t\t\t\t<\/div>\n\t\t<div class=\"elementor-element elementor-element-f0b96a9 e-flex e-con-boxed e-con e-parent\" data-id=\"f0b96a9\" data-element_type=\"container\" data-settings=\"{&quot;background_background&quot;:&quot;classic&quot;}\">\n\t\t\t\t\t<div class=\"e-con-inner\">\n\t\t\t\t<div class=\"elementor-element elementor-element-a0f3d37 elementor-widget elementor-widget-dyncontel-title\" data-id=\"a0f3d37\" data-element_type=\"widget\" data-widget_type=\"dyncontel-title.default\">\n\t\t\t\t<div class=\"elementor-widget-container\">\n\t\t\t<h2 class=\"dynamic-content-for-elementor-title\"><a href=\"https:\/\/sunshinehospitals.co.mz\/pt\/specialities\/pulmonologist\/\"><span class=\"dce-title\">Pneumologista<\/span><\/a><\/h2>\t\t<\/div>\n\t\t\t\t<\/div>\n\t\t\t\t\t<\/div>\n\t\t\t\t<\/div>\n\t\t<div class=\"elementor-element elementor-element-a108dfc single-details-page-sec e-flex e-con-boxed e-con e-parent\" data-id=\"a108dfc\" data-element_type=\"container\">\n\t\t\t\t\t<div class=\"e-con-inner\">\n\t\t<div class=\"elementor-element elementor-element-87c9d52 e-flex e-con-boxed e-con e-child\" data-id=\"87c9d52\" data-element_type=\"container\" data-settings=\"{&quot;background_background&quot;:&quot;classic&quot;}\">\n\t\t\t\t\t<div class=\"e-con-inner\">\n\t\t\t\t<div class=\"elementor-element elementor-element-b5e90b2 eael-dual-header-content-align-center elementor-widget elementor-widget-eael-dual-color-header\" data-id=\"b5e90b2\" data-element_type=\"widget\" data-widget_type=\"eael-dual-color-header.default\">\n\t\t\t\t<div class=\"elementor-widget-container\">\n\t\t\t\t\t\t<div class=\"eael-dual-header\">\n\t\t\t\t<h3 class=\"title eael-dch-title\"><span class=\"eael-dch-title-text eael-dch-title-lead lead solid-color\">Sobre o <\/span> <span class=\"eael-dch-title-text\">Pneumologista<\/span><\/h3>\t\t\t<\/div>\n\n\t\t\t\t<\/div>\n\t\t\t\t<\/div>\n\t\t\t\t<div class=\"elementor-element elementor-element-79cca69 elementor-widget elementor-widget-text-editor\" data-id=\"79cca69\" data-element_type=\"widget\" data-widget_type=\"text-editor.default\">\n\t\t\t\t<div class=\"elementor-widget-container\">\n\t\t\t\t\t\t\t<p>O pneumologista \u00e9 uma \u00e1rea que se concentra na sa\u00fade do aparelho respirat\u00f3rio, tratando de tudo, desde asma at\u00e9 tuberculose. Esses especialistas diagnosticam e tratam doen\u00e7as que afetam o sistema respirat\u00f3rio. eles t\u00eam experi\u00eancia em v\u00e1rios tipos de dist\u00farbios respirat\u00f3rios: infecciosos, inflamat\u00f3rios estruturais e neopl\u00e1sicos.<\/p>\t\t\t\t\t\t<\/div>\n\t\t\t\t<\/div>\n\t\t\t\t\t<\/div>\n\t\t\t\t<\/div>\n\t\t<div class=\"elementor-element elementor-element-55f1834 e-flex e-con-boxed e-con e-child\" data-id=\"55f1834\" data-element_type=\"container\">\n\t\t\t\t\t<div class=\"e-con-inner\">\n\t\t<div class=\"elementor-element elementor-element-8a464f9 e-flex e-con-boxed e-con e-child\" data-id=\"8a464f9\" data-element_type=\"container\">\n\t\t\t\t\t<div class=\"e-con-inner\">\n\t\t\t\t<div class=\"elementor-element elementor-element-1968bf8 dce_masking-none elementor-widget elementor-widget-image\" data-id=\"1968bf8\" data-element_type=\"widget\" data-widget_type=\"image.default\">\n\t\t\t\t<div class=\"elementor-widget-container\">\n\t\t\t\t\t\t\t\t\t\t\t\t\t<img fetchpriority=\"high\" decoding=\"async\" width=\"1024\" height=\"1024\" src=\"https:\/\/sunshinehospitals.co.mz\/wp-content\/uploads\/2024\/02\/Pulmonologist.jpg\" class=\"attachment-full size-full wp-image-1751\" alt=\"\" srcset=\"https:\/\/sunshinehospitals.co.mz\/wp-content\/uploads\/2024\/02\/Pulmonologist.jpg 1024w, https:\/\/sunshinehospitals.co.mz\/wp-content\/uploads\/2024\/02\/Pulmonologist-300x300.jpg 300w, https:\/\/sunshinehospitals.co.mz\/wp-content\/uploads\/2024\/02\/Pulmonologist-150x150.jpg 150w, https:\/\/sunshinehospitals.co.mz\/wp-content\/uploads\/2024\/02\/Pulmonologist-768x768.jpg 768w\" sizes=\"(max-width: 1024px) 100vw, 1024px\" \/>\t\t\t\t\t\t\t\t\t\t\t\t\t<\/div>\n\t\t\t\t<\/div>\n\t\t\t\t\t<\/div>\n\t\t\t\t<\/div>\n\t\t<div class=\"elementor-element elementor-element-73882bc e-flex e-con-boxed e-con e-child\" data-id=\"73882bc\" data-element_type=\"container\">\n\t\t\t\t\t<div class=\"e-con-inner\">\n\t\t\t\t<div class=\"elementor-element elementor-element-383122a elementor-widget elementor-widget-text-editor\" data-id=\"383122a\" data-element_type=\"widget\" data-widget_type=\"text-editor.default\">\n\t\t\t\t<div class=\"elementor-widget-container\">\n\t\t\t\t\t\t\t<ul><li><strong>Vis\u00e3o geral do sistema respirat\u00f3rio:<\/strong><ul><li>O sistema respirat\u00f3rio consiste em \u00f3rg\u00e3os envolvidos na respira\u00e7\u00e3o, incluindo pulm\u00f5es, br\u00f4nquios, traqu\u00e9ia, diafragma e estruturas relacionadas.<\/li><li>Os pneumologistas se concentram na compreens\u00e3o da anatomia, fisiologia e fun\u00e7\u00e3o desses \u00f3rg\u00e3os respirat\u00f3rios.<\/li><\/ul><\/li><li><strong>Procedimentos de diagn\u00f3stico:<\/strong><ul><li>Os pneumologistas usam uma variedade de ferramentas e procedimentos de diagn\u00f3stico para avaliar a sa\u00fade respirat\u00f3ria.<\/li><li>Os testes de diagn\u00f3stico comuns incluem espirometria (teste de fun\u00e7\u00e3o pulmonar), estudos de imagem (raios X, tomografia computadorizada), broncoscopia (exame visual das vias a\u00e9reas) e testes de fun\u00e7\u00e3o pulmonar.<\/li><\/ul><\/li><li><p><strong>Dist\u00farbios respirat\u00f3rios infecciosos:<\/strong><\/p><ul><li>Os pneumologistas s\u00e3o especializados no diagn\u00f3stico e tratamento de infec\u00e7\u00f5es respirat\u00f3rias, como pneumonia, bronquite e tuberculose.<\/li><li>Eles podem prescrever antibi\u00f3ticos ou medicamentos antivirais e orientar sobre medidas preventivas.<\/li><\/ul><\/li><\/ul>\t\t\t\t\t\t<\/div>\n\t\t\t\t<\/div>\n\t\t\t\t\t<\/div>\n\t\t\t\t<\/div>\n\t\t\t\t\t<\/div>\n\t\t\t\t<\/div>\n\t\t<div class=\"elementor-element elementor-element-f1445e0 e-flex e-con-boxed e-con e-child\" data-id=\"f1445e0\" data-element_type=\"container\">\n\t\t\t\t\t<div class=\"e-con-inner\">\n\t\t<div class=\"elementor-element elementor-element-e245d08 e-flex e-con-boxed e-con e-child\" data-id=\"e245d08\" data-element_type=\"container\">\n\t\t\t\t\t<div class=\"e-con-inner\">\n\t\t\t\t<div class=\"elementor-element elementor-element-6dbf94e elementor-widget elementor-widget-text-editor\" data-id=\"6dbf94e\" data-element_type=\"widget\" data-widget_type=\"text-editor.default\">\n\t\t\t\t<div class=\"elementor-widget-container\">\n\t\t\t\t\t\t\t<ul><li><p><strong>Dist\u00farbios respirat\u00f3rios comuns:<\/strong><\/p><ul><li>Os pneumologistas diagnosticam e tratam uma ampla gama de doen\u00e7as respirat\u00f3rias, incluindo, mas n\u00e3o se limitando a:<ul><li>Asma: Inflama\u00e7\u00e3o cr\u00f4nica das vias a\u00e9reas levando a epis\u00f3dios recorrentes de chiado no peito, falta de ar e tosse.<\/li><li>Doen\u00e7a Pulmonar Obstrutiva Cr\u00f4nica (DPOC): Grupo de doen\u00e7as pulmonares progressivas, incluindo bronquite cr\u00f4nica e enfisema, caracterizadas por obstru\u00e7\u00e3o do fluxo a\u00e9reo.<\/li><li>Pneumonia: Inflama\u00e7\u00e3o do tecido pulmonar geralmente causada por infec\u00e7\u00e3o, levando a sintomas como febre, tosse e dificuldade para respirar.<\/li><li>Tuberculose (TB): Doen\u00e7a infecciosa causada pela bact\u00e9ria Mycobacterium tuberculosis, que afeta principalmente os pulm\u00f5es.<\/li><li>C\u00e2ncer de Pulm\u00e3o: Os pneumologistas desempenham um papel crucial no diagn\u00f3stico e tratamento do c\u00e2ncer de pulm\u00e3o, que pode ser causado por v\u00e1rios fatores, incluindo tabagismo e exposi\u00e7\u00e3o ambiental.<\/li><\/ul><\/li><\/ul><\/li><\/ul>\t\t\t\t\t\t<\/div>\n\t\t\t\t<\/div>\n\t\t\t\t\t<\/div>\n\t\t\t\t<\/div>\n\t\t<div class=\"elementor-element elementor-element-cc6c2fc e-flex e-con-boxed e-con e-child\" data-id=\"cc6c2fc\" data-element_type=\"container\">\n\t\t\t\t\t<div class=\"e-con-inner\">\n\t\t\t\t<div class=\"elementor-element elementor-element-44aba88 elementor-widget elementor-widget-text-editor\" data-id=\"44aba88\" data-element_type=\"widget\" data-widget_type=\"text-editor.default\">\n\t\t\t\t<div class=\"elementor-widget-container\">\n\t\t\t\t\t\t\t<ul><li><p><strong>Dist\u00farbios Estruturais e Inflamat\u00f3rios:<\/strong><\/p><ul><li>Os pneumologistas lidam com condi\u00e7\u00f5es que envolvem anormalidades estruturais ou inflama\u00e7\u00e3o cr\u00f4nica do sistema respirat\u00f3rio.<\/li><li>Exemplos incluem doen\u00e7as pulmonares intersticiais, fibrose pulmonar e bronquiectasia.<\/li><\/ul><\/li><li><p><strong>Dist\u00farbios Neopl\u00e1sicos:<\/strong><\/p><ul><li>Os pneumologistas s\u00e3o cruciais na abordagem multidisciplinar do diagn\u00f3stico e tratamento do c\u00e2ncer de pulm\u00e3o, abordando quest\u00f5es como estadiamento e op\u00e7\u00f5es de tratamento.<\/li><\/ul><\/li><li><p><strong>Medicina Intensiva:<\/strong><\/p><ul><li>Muitos pneumologistas tamb\u00e9m t\u00eam experi\u00eancia em medicina intensiva, gerenciando pacientes em unidades de terapia intensiva (UTI) que necessitam de ventila\u00e7\u00e3o mec\u00e2nica ou outras medidas de suporte \u00e0 vida.<\/li><\/ul><\/li><li><p><strong>Modalidades de tratamento:<\/strong><\/p><ul><li>Os pneumologistas empregam uma variedade de interven\u00e7\u00f5es terap\u00eauticas, incluindo medicamentos, reabilita\u00e7\u00e3o pulmonar, modifica\u00e7\u00f5es no estilo de vida e, em alguns casos, procedimentos cir\u00fargicos.<\/li><\/ul><\/li><\/ul>\t\t\t\t\t\t<\/div>\n\t\t\t\t<\/div>\n\t\t\t\t\t<\/div>\n\t\t\t\t<\/div>\n\t\t\t\t\t<\/div>\n\t\t\t\t<\/div>\n\t\t\t\t\t<\/div>\n\t\t\t\t<\/div>\n\t\t<div class=\"elementor-element elementor-element-fb78f18 e-flex e-con-boxed e-con e-parent\" data-id=\"fb78f18\" data-element_type=\"container\">\n\t\t\t\t\t<div class=\"e-con-inner\">\n\t\t\t\t<div class=\"elementor-element elementor-element-2b30f7e elementor-widget elementor-widget-heading\" data-id=\"2b30f7e\" data-element_type=\"widget\" data-widget_type=\"heading.default\">\n\t\t\t\t<div class=\"elementor-widget-container\">\n\t\t\t<h2 class=\"elementor-heading-title elementor-size-large\">Nossos m\u00e9dicos<\/h2>\t\t<\/div>\n\t\t\t\t<\/div>\n\t\t\t\t<div class=\"elementor-element elementor-element-6c062b9 eael-infobox-content-align--left eael-infobox-icon-bg-shape-none eael-infobox-icon-hover-bg-shape-none elementor-widget elementor-widget-eael-info-box\" data-id=\"6c062b9\" data-element_type=\"widget\" data-widget_type=\"eael-info-box.default\">\n\t\t\t\t<div class=\"elementor-widget-container\">\n\t\t\t        <div class=\"eael-infobox icon-on-top\">\n\t            <div class=\"infobox-icon eael-icon-only\">\n\n            \n                            <div class=\"infobox-icon-wrap\">\n                                    <\/div>\n            \n            \n        <\/div>\n            <div class=\"infobox-content eael-icon-only\">\n                    <div class=\"infobox-title-section\">\n                <h2 class=\"title\">Hospital Luz do Sol \u2013 Matola<\/h2>            <\/div>\n            <div><ul><li>Dr. Albertino Paulo Fernando Mualinque<\/li><li>Dra. Susete Roberto Pelevede<\/li><\/ul><\/div>        <\/div>\n            <\/div>\n\n\t\t\t\t<\/div>\n\t\t\t\t<\/div>\n\t\t\t\t\t<\/div>\n\t\t\t\t<\/div>\n\t\t<div class=\"elementor-element elementor-element-280ec61e e-flex e-con-boxed e-con e-parent\" data-id=\"280ec61e\" data-element_type=\"container\" data-settings=\"{&quot;background_background&quot;:&quot;classic&quot;}\">\n\t\t\t\t\t<div class=\"e-con-inner\">\n\t\t\t\t<div class=\"elementor-element elementor-element-10c10fcf elementor-widget elementor-widget-heading\" data-id=\"10c10fcf\" data-element_type=\"widget\" data-widget_type=\"heading.default\">\n\t\t\t\t<div class=\"elementor-widget-container\">\n\t\t\t<h2 class=\"elementor-heading-title elementor-size-large\">Contacte-nos<\/h2>\t\t<\/div>\n\t\t\t\t<\/div>\n\t\t<div class=\"elementor-element elementor-element-2771e81f e-flex e-con-boxed e-con e-child\" data-id=\"2771e81f\" data-element_type=\"container\">\n\t\t\t\t\t<div class=\"e-con-inner\">\n\t\t<div class=\"elementor-element elementor-element-283a209a e-flex e-con-boxed e-con e-child\" data-id=\"283a209a\" data-element_type=\"container\">\n\t\t\t\t\t<div class=\"e-con-inner\">\n\t\t\t\t<div class=\"elementor-element elementor-element-271fec1 elementor-align-center elementor-widget elementor-widget-button\" data-id=\"271fec1\" data-element_type=\"widget\" data-widget_type=\"button.default\">\n\t\t\t\t<div class=\"elementor-widget-container\">\n\t\t\t\t\t\t\t<div class=\"elementor-button-wrapper\">\n\t\t\t\t\t<a class=\"elementor-button elementor-button-link elementor-size-sm\" href=\"https:\/\/sunshinehospitals.co.mz\/book-an-appointment\/\">\n\t\t\t\t\t\t<span class=\"elementor-button-content-wrapper\">\n\t\t\t\t\t\t\t\t\t<span class=\"elementor-button-text\">Marque uma consulta<\/span>\n\t\t\t\t\t<\/span>\n\t\t\t\t\t<\/a>\n\t\t\t\t<\/div>\n\t\t\t\t\t\t<\/div>\n\t\t\t\t<\/div>\n\t\t\t\t\t<\/div>\n\t\t\t\t<\/div>\n\t\t<div class=\"elementor-element elementor-element-791d61c7 e-flex e-con-boxed e-con e-child\" data-id=\"791d61c7\" data-element_type=\"container\">\n\t\t\t\t\t<div class=\"e-con-inner\">\n\t\t\t\t<div class=\"elementor-element elementor-element-597223a7 elementor-align-center elementor-widget elementor-widget-button\" data-id=\"597223a7\" data-element_type=\"widget\" data-widget_type=\"button.default\">\n\t\t\t\t<div class=\"elementor-widget-container\">\n\t\t\t\t\t\t\t<div class=\"elementor-button-wrapper\">\n\t\t\t\t\t<a class=\"elementor-button elementor-button-link elementor-size-sm\" href=\"https:\/\/sunshinehospitals.co.mz\/contact-us\/\">\n\t\t\t\t\t\t<span class=\"elementor-button-content-wrapper\">\n\t\t\t\t\t\t\t\t\t<span class=\"elementor-button-text\">Fa\u00e7a um pedido<\/span>\n\t\t\t\t\t<\/span>\n\t\t\t\t\t<\/a>\n\t\t\t\t<\/div>\n\t\t\t\t\t\t<\/div>\n\t\t\t\t<\/div>\n\t\t\t\t\t<\/div>\n\t\t\t\t<\/div>\n\t\t\t\t\t<\/div>\n\t\t\t\t<\/div>\n\t\t\t\t\t<\/div>\n\t\t\t\t<\/div>\n\t\t\t\t<\/div>","protected":false},"excerpt":{"rendered":"<p>Medicina Pulmonar e do Sono Sobre o Pneumologista Pneumologista \u00e9 um campo que se concentra na sa\u00fade do sistema respirat\u00f3rio, tratando de tudo, desde asma at\u00e9 tuberculose. Esses especialistas diagnosticam e tratam condi\u00e7\u00f5es que afetam o sistema respirat\u00f3rio. Eles t\u00eam experi\u00eancia em v\u00e1rios tipos de dist\u00farbios respirat\u00f3rios: infecciosos, inflamat\u00f3rios estruturais e neopl\u00e1sicos. Vis\u00e3o geral do sistema respirat\u00f3rio: O [\u2026]<\/p>","protected":false},"author":1,"featured_media":1689,"parent":68,"menu_order":0,"comment_status":"closed","ping_status":"closed","template":"","meta":{"footnotes":""},"class_list":["post-1738","page","type-page","status-publish","has-post-thumbnail","hentry"],"yoast_head":"<!-- This site is optimized with the Yoast SEO plugin v26.3 - https:\/\/yoast.com\/wordpress\/plugins\/seo\/ -->\n<title>Pulmonologist - Sunshine Hospitals<\/title>\n<meta name=\"robots\" content=\"index, follow, max-snippet:-1, max-image-preview:large, max-video-preview:-1\" \/>\n<link rel=\"canonical\" href=\"https:\/\/sunshinehospitals.co.mz\/pt\/specialities\/pulmonologist\/\" \/>\n<meta property=\"og:locale\" content=\"pt_PT\" \/>\n<meta property=\"og:type\" content=\"article\" \/>\n<meta property=\"og:title\" content=\"Pulmonologist - Sunshine Hospitals\" \/>\n<meta property=\"og:description\" content=\"Pulmonary &#038; Sleep Medicine About the Pulmonologist Pulmonologist is a field that focuses on the health of the respiratory system, treating everything from asthma to tuberculosis. These specialists diagnose and treat conditions that affect the respiratory system. they have expertise in various types of respiratory disorders: infectious, structural inflammatory, and neoplastic. Respiratory System Overview: The [&hellip;]\" \/>\n<meta property=\"og:url\" content=\"https:\/\/sunshinehospitals.co.mz\/pt\/specialities\/pulmonologist\/\" \/>\n<meta property=\"og:site_name\" content=\"Sunshine Hospitals\" \/>\n<meta property=\"article:publisher\" content=\"https:\/\/www.facebook.com\/893375397373189?ref=embed_page\" \/>\n<meta property=\"article:modified_time\" content=\"2024-03-13T13:13:07+00:00\" \/>\n<meta property=\"og:image\" content=\"https:\/\/sunshinehospitals.co.mz\/wp-content\/uploads\/2024\/02\/Pulmonary-Sleep-Medicine.jpg\" \/>\n\t<meta property=\"og:image:width\" content=\"1366\" \/>\n\t<meta property=\"og:image:height\" content=\"400\" \/>\n\t<meta property=\"og:image:type\" content=\"image\/jpeg\" \/>\n<meta name=\"twitter:card\" content=\"summary_large_image\" \/>\n<meta name=\"twitter:label1\" content=\"Tempo estimado de leitura\" \/>\n\t<meta name=\"twitter:data1\" content=\"2 minutos\" \/>\n<script type=\"application\/ld+json\" class=\"yoast-schema-graph\">{\"@context\":\"https:\/\/schema.org\",\"@graph\":[{\"@type\":\"WebPage\",\"@id\":\"https:\/\/sunshinehospitals.co.mz\/specialities\/pulmonologist\/\",\"url\":\"https:\/\/sunshinehospitals.co.mz\/specialities\/pulmonologist\/\",\"name\":\"Pulmonologist - Sunshine Hospitals\",\"isPartOf\":{\"@id\":\"https:\/\/sunshinehospitals.co.mz\/#website\"},\"primaryImageOfPage\":{\"@id\":\"https:\/\/sunshinehospitals.co.mz\/specialities\/pulmonologist\/#primaryimage\"},\"image\":{\"@id\":\"https:\/\/sunshinehospitals.co.mz\/specialities\/pulmonologist\/#primaryimage\"},\"thumbnailUrl\":\"https:\/\/sunshinehospitals.co.mz\/wp-content\/uploads\/2024\/02\/Pulmonary-Sleep-Medicine.jpg\",\"datePublished\":\"2024-02-01T06:26:25+00:00\",\"dateModified\":\"2024-03-13T13:13:07+00:00\",\"breadcrumb\":{\"@id\":\"https:\/\/sunshinehospitals.co.mz\/specialities\/pulmonologist\/#breadcrumb\"},\"inLanguage\":\"pt-PT\",\"potentialAction\":[{\"@type\":\"ReadAction\",\"target\":[\"https:\/\/sunshinehospitals.co.mz\/specialities\/pulmonologist\/\"]}]},{\"@type\":\"ImageObject\",\"inLanguage\":\"pt-PT\",\"@id\":\"https:\/\/sunshinehospitals.co.mz\/specialities\/pulmonologist\/#primaryimage\",\"url\":\"https:\/\/sunshinehospitals.co.mz\/wp-content\/uploads\/2024\/02\/Pulmonary-Sleep-Medicine.jpg\",\"contentUrl\":\"https:\/\/sunshinehospitals.co.mz\/wp-content\/uploads\/2024\/02\/Pulmonary-Sleep-Medicine.jpg\",\"width\":1366,\"height\":400},{\"@type\":\"BreadcrumbList\",\"@id\":\"https:\/\/sunshinehospitals.co.mz\/specialities\/pulmonologist\/#breadcrumb\",\"itemListElement\":[{\"@type\":\"ListItem\",\"position\":1,\"name\":\"Home\",\"item\":\"https:\/\/sunshinehospitals.co.mz\/\"},{\"@type\":\"ListItem\",\"position\":2,\"name\":\"Specialities\",\"item\":\"https:\/\/sunshinehospitals.co.mz\/specialities\/\"},{\"@type\":\"ListItem\",\"position\":3,\"name\":\"Pulmonologist\"}]},{\"@type\":\"WebSite\",\"@id\":\"https:\/\/sunshinehospitals.co.mz\/#website\",\"url\":\"https:\/\/sunshinehospitals.co.mz\/\",\"name\":\"Sunshine Hospitals\",\"description\":\"Best HealthCare Hospital Services in Matola, Mozambique - Sunshine Hospitals | Maputo Central Hospital | Multi-Specialty Hospital in Matola, Mozambique\",\"publisher\":{\"@id\":\"https:\/\/sunshinehospitals.co.mz\/#organization\"},\"potentialAction\":[{\"@type\":\"SearchAction\",\"target\":{\"@type\":\"EntryPoint\",\"urlTemplate\":\"https:\/\/sunshinehospitals.co.mz\/?s={search_term_string}\"},\"query-input\":{\"@type\":\"PropertyValueSpecification\",\"valueRequired\":true,\"valueName\":\"search_term_string\"}}],\"inLanguage\":\"pt-PT\"},{\"@type\":\"Organization\",\"@id\":\"https:\/\/sunshinehospitals.co.mz\/#organization\",\"name\":\"Sunshine Hospitals\",\"url\":\"https:\/\/sunshinehospitals.co.mz\/\",\"logo\":{\"@type\":\"ImageObject\",\"inLanguage\":\"pt-PT\",\"@id\":\"https:\/\/sunshinehospitals.co.mz\/#\/schema\/logo\/image\/\",\"url\":\"https:\/\/sunshinehospitals.co.mz\/wp-content\/uploads\/2024\/01\/SUNSHINE-HOSPITALS-LOGO-e1708194969685.png\",\"contentUrl\":\"https:\/\/sunshinehospitals.co.mz\/wp-content\/uploads\/2024\/01\/SUNSHINE-HOSPITALS-LOGO-e1708194969685.png\",\"width\":500,\"height\":58,\"caption\":\"Sunshine Hospitals\"},\"image\":{\"@id\":\"https:\/\/sunshinehospitals.co.mz\/#\/schema\/logo\/image\/\"},\"sameAs\":[\"https:\/\/www.facebook.com\/893375397373189?ref=embed_page\",\"https:\/\/www.instagram.com\/sunshine_hospitals\/\"]}]}<\/script>\n<!-- \/ Yoast SEO plugin. -->","yoast_head_json":{"title":"Pneumologista - Hospitais Sunshine","robots":{"index":"index","follow":"follow","max-snippet":"max-snippet:-1","max-image-preview":"max-image-preview:large","max-video-preview":"max-video-preview:-1"},"canonical":"https:\/\/sunshinehospitals.co.mz\/pt\/specialities\/pulmonologist\/","og_locale":"pt_PT","og_type":"article","og_title":"Pulmonologist - Sunshine Hospitals","og_description":"Pulmonary &#038; Sleep Medicine About the Pulmonologist Pulmonologist is a field that focuses on the health of the respiratory system, treating everything from asthma to tuberculosis. These specialists diagnose and treat conditions that affect the respiratory system. they have expertise in various types of respiratory disorders: infectious, structural inflammatory, and neoplastic. Respiratory System Overview: The [&hellip;]","og_url":"https:\/\/sunshinehospitals.co.mz\/pt\/specialities\/pulmonologist\/","og_site_name":"Sunshine Hospitals","article_publisher":"https:\/\/www.facebook.com\/893375397373189?ref=embed_page","article_modified_time":"2024-03-13T13:13:07+00:00","og_image":[{"width":1366,"height":400,"url":"https:\/\/sunshinehospitals.co.mz\/wp-content\/uploads\/2024\/02\/Pulmonary-Sleep-Medicine.jpg","type":"image\/jpeg"}],"twitter_card":"summary_large_image","twitter_misc":{"Tempo estimado de leitura":"2 minutos"},"schema":{"@context":"https:\/\/schema.org","@graph":[{"@type":"WebPage","@id":"https:\/\/sunshinehospitals.co.mz\/specialities\/pulmonologist\/","url":"https:\/\/sunshinehospitals.co.mz\/specialities\/pulmonologist\/","name":"Pneumologista - Hospitais Sunshine","isPartOf":{"@id":"https:\/\/sunshinehospitals.co.mz\/#website"},"primaryImageOfPage":{"@id":"https:\/\/sunshinehospitals.co.mz\/specialities\/pulmonologist\/#primaryimage"},"image":{"@id":"https:\/\/sunshinehospitals.co.mz\/specialities\/pulmonologist\/#primaryimage"},"thumbnailUrl":"https:\/\/sunshinehospitals.co.mz\/wp-content\/uploads\/2024\/02\/Pulmonary-Sleep-Medicine.jpg","datePublished":"2024-02-01T06:26:25+00:00","dateModified":"2024-03-13T13:13:07+00:00","breadcrumb":{"@id":"https:\/\/sunshinehospitals.co.mz\/specialities\/pulmonologist\/#breadcrumb"},"inLanguage":"pt-PT","potentialAction":[{"@type":"ReadAction","target":["https:\/\/sunshinehospitals.co.mz\/specialities\/pulmonologist\/"]}]},{"@type":"ImageObject","inLanguage":"pt-PT","@id":"https:\/\/sunshinehospitals.co.mz\/specialities\/pulmonologist\/#primaryimage","url":"https:\/\/sunshinehospitals.co.mz\/wp-content\/uploads\/2024\/02\/Pulmonary-Sleep-Medicine.jpg","contentUrl":"https:\/\/sunshinehospitals.co.mz\/wp-content\/uploads\/2024\/02\/Pulmonary-Sleep-Medicine.jpg","width":1366,"height":400},{"@type":"BreadcrumbList","@id":"https:\/\/sunshinehospitals.co.mz\/specialities\/pulmonologist\/#breadcrumb","itemListElement":[{"@type":"ListItem","position":1,"name":"Home","item":"https:\/\/sunshinehospitals.co.mz\/"},{"@type":"ListItem","position":2,"name":"Specialities","item":"https:\/\/sunshinehospitals.co.mz\/specialities\/"},{"@type":"ListItem","position":3,"name":"Pulmonologist"}]},{"@type":"WebSite","@id":"https:\/\/sunshinehospitals.co.mz\/#website","url":"https:\/\/sunshinehospitals.co.mz\/","name":"Sunshine Hospitals","description":"Melhores Servi\u00e7os Hospitalares de Sa\u00fade em Matola, Mo\u00e7ambique - Sunshine Hospitals | Hospital Central de Maputo | Hospital Multi-Especialidades em Matola, Mo\u00e7ambique","publisher":{"@id":"https:\/\/sunshinehospitals.co.mz\/#organization"},"potentialAction":[{"@type":"SearchAction","target":{"@type":"EntryPoint","urlTemplate":"https:\/\/sunshinehospitals.co.mz\/?s={search_term_string}"},"query-input":{"@type":"PropertyValueSpecification","valueRequired":true,"valueName":"search_term_string"}}],"inLanguage":"pt-PT"},{"@type":"Organization","@id":"https:\/\/sunshinehospitals.co.mz\/#organization","name":"Sunshine Hospitals","url":"https:\/\/sunshinehospitals.co.mz\/","logo":{"@type":"ImageObject","inLanguage":"pt-PT","@id":"https:\/\/sunshinehospitals.co.mz\/#\/schema\/logo\/image\/","url":"https:\/\/sunshinehospitals.co.mz\/wp-content\/uploads\/2024\/01\/SUNSHINE-HOSPITALS-LOGO-e1708194969685.png","contentUrl":"https:\/\/sunshinehospitals.co.mz\/wp-content\/uploads\/2024\/01\/SUNSHINE-HOSPITALS-LOGO-e1708194969685.png","width":500,"height":58,"caption":"Sunshine Hospitals"},"image":{"@id":"https:\/\/sunshinehospitals.co.mz\/#\/schema\/logo\/image\/"},"sameAs":["https:\/\/www.facebook.com\/893375397373189?ref=embed_page","https:\/\/www.instagram.com\/sunshine_hospitals\/"]}]}},"_links":{"self":[{"href":"https:\/\/sunshinehospitals.co.mz\/pt\/wp-json\/wp\/v2\/pages\/1738","targetHints":{"allow":["GET"]}}],"collection":[{"href":"https:\/\/sunshinehospitals.co.mz\/pt\/wp-json\/wp\/v2\/pages"}],"about":[{"href":"https:\/\/sunshinehospitals.co.mz\/pt\/wp-json\/wp\/v2\/types\/page"}],"author":[{"embeddable":true,"href":"https:\/\/sunshinehospitals.co.mz\/pt\/wp-json\/wp\/v2\/users\/1"}],"replies":[{"embeddable":true,"href":"https:\/\/sunshinehospitals.co.mz\/pt\/wp-json\/wp\/v2\/comments?post=1738"}],"version-history":[{"count":0,"href":"https:\/\/sunshinehospitals.co.mz\/pt\/wp-json\/wp\/v2\/pages\/1738\/revisions"}],"up":[{"embeddable":true,"href":"https:\/\/sunshinehospitals.co.mz\/pt\/wp-json\/wp\/v2\/pages\/68"}],"wp:featuredmedia":[{"embeddable":true,"href":"https:\/\/sunshinehospitals.co.mz\/pt\/wp-json\/wp\/v2\/media\/1689"}],"wp:attachment":[{"href":"https:\/\/sunshinehospitals.co.mz\/pt\/wp-json\/wp\/v2\/media?parent=1738"}],"curies":[{"name":"wp","href":"https:\/\/api.w.org\/{rel}","templated":true}]}}