{"id":1282,"date":"2024-01-30T07:16:57","date_gmt":"2024-01-30T07:16:57","guid":{"rendered":"https:\/\/sunshinehospitals.co.mz\/?page_id=1282"},"modified":"2025-10-29T06:37:58","modified_gmt":"2025-10-29T06:37:58","slug":"service-of-oculus","status":"publish","type":"page","link":"https:\/\/sunshinehospitals.co.mz\/pt\/specialities\/service-of-oculus\/","title":{"rendered":"Servi\u00e7o de Oculus"},"content":{"rendered":"<div data-elementor-type=\"wp-page\" data-elementor-id=\"1282\" data-post-id=\"1282\" data-obj-id=\"1282\" class=\"elementor elementor-1282 dce-elementor-post-1282\">\n\t\t\t\t<div class=\"elementor-element elementor-element-508631d e-flex e-con-boxed e-con e-parent\" data-id=\"508631d\" data-element_type=\"container\" data-settings=\"{&quot;background_background&quot;:&quot;classic&quot;}\">\n\t\t\t\t\t<div class=\"e-con-inner\">\n\t\t\t\t<div class=\"elementor-element elementor-element-f9cb1b5 ee-breadcrumbs-align-left elementor-widget elementor-widget-ee-breadcrumbs\" data-id=\"f9cb1b5\" data-element_type=\"widget\" data-widget_type=\"ee-breadcrumbs.default\">\n\t\t\t\t<div class=\"elementor-widget-container\">\n\t\t\t<ul class=\"ee-breadcrumbs\"><\/ul>\t\t<\/div>\n\t\t\t\t<\/div>\n\t\t\t\t\t<\/div>\n\t\t\t\t<\/div>\n\t\t<div class=\"elementor-element elementor-element-71c398c e-flex e-con-boxed e-con e-parent\" data-id=\"71c398c\" data-element_type=\"container\" data-settings=\"{&quot;background_background&quot;:&quot;classic&quot;}\">\n\t\t\t\t\t<div class=\"e-con-inner\">\n\t\t\t\t<div class=\"elementor-element elementor-element-d9662fe dce-title-divider-yes dce-divider-position-center elementor-widget elementor-widget-dyncontel-title\" data-id=\"d9662fe\" data-element_type=\"widget\" data-widget_type=\"dyncontel-title.default\">\n\t\t\t\t<div class=\"elementor-widget-container\">\n\t\t\t<h2 class=\"dynamic-content-for-elementor-title\"><div class=\"dce-divider\"><span class=\"dce-title dce-title-divider\">Servi\u00e7o de Oculus<\/span><\/div><\/h2>\t\t<\/div>\n\t\t\t\t<\/div>\n\t\t\t\t\t<\/div>\n\t\t\t\t<\/div>\n\t\t<div class=\"elementor-element elementor-element-7c20370 single-details-page-sec e-flex e-con-boxed e-con e-parent\" data-id=\"7c20370\" data-element_type=\"container\">\n\t\t\t\t\t<div class=\"e-con-inner\">\n\t\t<div class=\"elementor-element elementor-element-05e2bce e-flex e-con-boxed e-con e-child\" data-id=\"05e2bce\" data-element_type=\"container\" data-settings=\"{&quot;background_background&quot;:&quot;classic&quot;}\">\n\t\t\t\t\t<div class=\"e-con-inner\">\n\t\t\t\t<div class=\"elementor-element elementor-element-c51add7 eael-dual-header-content-align-center elementor-widget elementor-widget-eael-dual-color-header\" data-id=\"c51add7\" data-element_type=\"widget\" data-widget_type=\"eael-dual-color-header.default\">\n\t\t\t\t<div class=\"elementor-widget-container\">\n\t\t\t\t\t\t<div class=\"eael-dual-header\">\n\t\t\t\t<h3 class=\"title eael-dch-title\"><span class=\"eael-dch-title-text eael-dch-title-lead lead solid-color\">Sobre o <\/span> <span class=\"eael-dch-title-text\">Servi\u00e7o Optom\u00e9trico<\/span><\/h3>\t\t\t<\/div>\n\n\t\t\t\t<\/div>\n\t\t\t\t<\/div>\n\t\t\t\t<div class=\"elementor-element elementor-element-4883f11 elementor-widget elementor-widget-text-editor\" data-id=\"4883f11\" data-element_type=\"widget\" data-widget_type=\"text-editor.default\">\n\t\t\t\t<div class=\"elementor-widget-container\">\n\t\t\t\t\t\t\t<p>Uma boa vis\u00e3o ajuda-o a ter o melhor desempenho, seja lendo, trabalhando, dirigindo ou aproveitando o tempo com a fam\u00edlia e os amigos. No Sunshine Hospitals, entendemos a import\u00e2ncia de uma vis\u00e3o clara para a sua qualidade de vida. \u00c9 por isso que temos o prazer de anunciar que os servi\u00e7os \u00f3pticos agora est\u00e3o dispon\u00edveis aqui mesmo no nosso hospital!<\/p>\t\t\t\t\t\t<\/div>\n\t\t\t\t<\/div>\n\t\t\t\t\t<\/div>\n\t\t\t\t<\/div>\n\t\t<div class=\"elementor-element elementor-element-64a723d e-flex e-con-boxed e-con e-child\" data-id=\"64a723d\" data-element_type=\"container\">\n\t\t\t\t\t<div class=\"e-con-inner\">\n\t\t<div class=\"elementor-element elementor-element-9c136b6 e-flex e-con-boxed e-con e-child\" data-id=\"9c136b6\" data-element_type=\"container\">\n\t\t\t\t\t<div class=\"e-con-inner\">\n\t\t\t\t<div class=\"elementor-element elementor-element-f5c3aed elementor-widget elementor-widget-dyncontel-imagesDistortion\" data-id=\"f5c3aed\" data-element_type=\"widget\" data-widget_type=\"dyncontel-imagesDistortion.default\">\n\t\t\t\t<div class=\"elementor-widget-container\">\n\t\t\t<div class=\"dce_distortion\"><div class=\"dce_distortion-content\">    <div class=\"dce_distortion-slider\" data-fragment-style=\"displacement\" data-progress=\"\" data-speed=\"1.6\" data-easing=\"easeInOut\" data-images='[\"https:\/\/sunshinehospitals.co.mz\/wp-content\/uploads\/2024\/03\/oculus-1024x682.jpg\",\"https:\/\/sunshinehospitals.co.mz\/wp-content\/uploads\/2024\/03\/service-oculus-1024x587.jpg\"]' data-disp=\"https:\/\/sunshinehospitals.co.mz\/wp-content\/plugins\/elementor\/assets\/images\/placeholder.png\" data-intensity=\"0.3\">    <\/div><\/div><\/div>\t\t<\/div>\n\t\t\t\t<\/div>\n\t\t\t\t\t<\/div>\n\t\t\t\t<\/div>\n\t\t<div class=\"elementor-element elementor-element-21fd902 e-flex e-con-boxed e-con e-child\" data-id=\"21fd902\" data-element_type=\"container\">\n\t\t\t\t\t<div class=\"e-con-inner\">\n\t\t\t\t<div class=\"elementor-element elementor-element-4a39f38 elementor-widget elementor-widget-text-editor\" data-id=\"4a39f38\" data-element_type=\"widget\" data-widget_type=\"text-editor.default\">\n\t\t\t\t<div class=\"elementor-widget-container\">\n\t\t\t\t\t\t\t<p><strong><strong>Sobre o Servi\u00e7o<br \/><br \/><\/strong><\/strong>Nosso Servi\u00e7o \u00d3ptico faz parte do compromisso do nosso hospital em oferecer cuidados oftalmol\u00f3gicos completos em um s\u00f3 lugar. Ap\u00f3s o exame oftalmol\u00f3gico, pode mandar fazer e ajustar os seus \u00f3culos graduados na nossa unidade \u00f3ptica interna, para sua conveni\u00eancia. sem precisar ir a outra loja ou cl\u00ednica!<\/p><p><b>O que oferecemos<\/b><\/p><ul><li style=\"font-weight: 400;\" aria-level=\"1\"><b>Teste de vis\u00e3o preciso<\/b><span style=\"font-weight: 400;\"> \u2013 Exames oftalmol\u00f3gicos profissionais para determinar a pot\u00eancia correta das lentes.<\/span><\/li><li style=\"font-weight: 400;\" aria-level=\"1\"><b>\u00d3culos de grau<\/b><span style=\"font-weight: 400;\"> \u2013 \u00d3culos personalizados de acordo com suas necessidades individuais.<\/span><\/li><li style=\"font-weight: 400;\" aria-level=\"1\"><b>Ampla gama de arma\u00e7\u00f5es<\/b><span style=\"font-weight: 400;\"> \u2013 Op\u00e7\u00f5es elegantes, dur\u00e1veis e confort\u00e1veis para todas as idades e prefer\u00eancias.<\/span><\/li><li style=\"font-weight: 400;\" aria-level=\"1\"><b>Pre\u00e7os acess\u00edveis<\/b><span style=\"font-weight: 400;\"> \u2013 Lentes e arma\u00e7\u00f5es de qualidade a pre\u00e7os razo\u00e1veis.<\/span><\/li><li><b>Servi\u00e7o r\u00e1pido e confi\u00e1vel<\/b><span style=\"font-weight: 400;\"> \u2013 Entrega r\u00e1pida para que possa come\u00e7ar a ver claramente mais cedo.<\/span><\/li><\/ul>\t\t\t\t\t\t<\/div>\n\t\t\t\t<\/div>\n\t\t\t\t\t<\/div>\n\t\t\t\t<\/div>\n\t\t\t\t\t<\/div>\n\t\t\t\t<\/div>\n\t\t<div class=\"elementor-element elementor-element-e11bd66 e-flex e-con-boxed e-con e-child\" data-id=\"e11bd66\" data-element_type=\"container\">\n\t\t\t\t\t<div class=\"e-con-inner\">\n\t\t<div class=\"elementor-element elementor-element-7a17230 e-flex e-con-boxed e-con e-child\" data-id=\"7a17230\" data-element_type=\"container\">\n\t\t\t\t\t<div class=\"e-con-inner\">\n\t\t\t\t<div class=\"elementor-element elementor-element-fc20b92 elementor-widget elementor-widget-text-editor\" data-id=\"fc20b92\" data-element_type=\"widget\" data-widget_type=\"text-editor.default\">\n\t\t\t\t<div class=\"elementor-widget-container\">\n\t\t\t\t\t\t\t<p><b>Por que escolher o servi\u00e7o \u00f3ptico do nosso hospital<\/b><\/p><ul><li style=\"font-weight: 400;\" aria-level=\"1\"><b>Conveni\u00eancia<\/b><span style=\"font-weight: 400;\"> \u2013 Fa\u00e7a o exame de vista e os \u00f3culos no mesmo lugar.<\/span><\/li><li style=\"font-weight: 400;\" aria-level=\"1\"><b>Cuidados Especializados<\/b><span style=\"font-weight: 400;\"> \u2013 Nossos optometristas e t\u00e9cnicos qualificados garantem que voc\u00ea obtenha a prescri\u00e7\u00e3o correta e o ajuste perfeito.<\/span><\/li><li style=\"font-weight: 400;\" aria-level=\"1\"><b>Qualidade confi\u00e1vel<\/b><span style=\"font-weight: 400;\"> \u2013 Utilizamos lentes e materiais confi\u00e1veis que atendem a altos padr\u00f5es \u00f3pticos.<\/span><\/li><li><b>Adequado para todos<\/b><span style=\"font-weight: 400;\"> \u2013 De crian\u00e7as a idosos, oferecemos solu\u00e7\u00f5es em \u00f3culos para todas as idades.<\/span><\/li><\/ul>\t\t\t\t\t\t<\/div>\n\t\t\t\t<\/div>\n\t\t\t\t\t<\/div>\n\t\t\t\t<\/div>\n\t\t<div class=\"elementor-element elementor-element-18414ad e-flex e-con-boxed e-con e-child\" data-id=\"18414ad\" data-element_type=\"container\">\n\t\t\t\t\t<div class=\"e-con-inner\">\n\t\t\t\t<div class=\"elementor-element elementor-element-d952b79 elementor-widget elementor-widget-text-editor\" data-id=\"d952b79\" data-element_type=\"widget\" data-widget_type=\"text-editor.default\">\n\t\t\t\t<div class=\"elementor-widget-container\">\n\t\t\t\t\t\t\t<p><b>A import\u00e2ncia de usar \u00f3culos corretos<br \/><\/b><b><br \/><\/b><span style=\"font-weight: 400;\">Usar os \u00f3culos certos n\u00e3o s\u00f3 ajuda a ver melhor, como tamb\u00e9m previne dores de cabe\u00e7a, cansa\u00e7o visual e vis\u00e3o turva. Seja para leitura, vis\u00e3o de longe ou uso cont\u00ednuo, nossa equipe ajudar\u00e1 voc\u00ea a escolher as lentes certas para o seu estilo de vida.<\/span><\/p><p><span style=\"font-weight: 400;\">Se notar sintomas como vis\u00e3o turva, dificuldade em ler, piscar os olhos ou fadiga ocular frequente, talvez seja hora de fazer um exame oftalmol\u00f3gico.<\/span><\/p>\t\t\t\t\t\t<\/div>\n\t\t\t\t<\/div>\n\t\t\t\t\t<\/div>\n\t\t\t\t<\/div>\n\t\t\t\t\t<\/div>\n\t\t\t\t<\/div>\n\t\t<div class=\"elementor-element elementor-element-9601a6c e-con-full e-flex e-con e-child\" data-id=\"9601a6c\" data-element_type=\"container\">\n\t\t<div class=\"elementor-element elementor-element-446cdfb e-flex e-con-boxed e-con e-child\" data-id=\"446cdfb\" data-element_type=\"container\">\n\t\t\t\t\t<div class=\"e-con-inner\">\n\t\t\t\t<div class=\"elementor-element elementor-element-8af780b elementor-widget elementor-widget-text-editor\" data-id=\"8af780b\" data-element_type=\"widget\" data-widget_type=\"text-editor.default\">\n\t\t\t\t<div class=\"elementor-widget-container\">\n\t\t\t\t\t\t\t<p><b>O nosso compromisso<br \/><\/b><b><br \/><\/b><span style=\"font-weight: 400;\">Nos Hospitais Sunshine, a sua vis\u00e3o \u00e9 a nossa prioridade. O nosso objetivo \u00e9 tornar os cuidados oftalmol\u00f3gicos simples, acess\u00edveis e econ\u00f3micos para todos. Com o nosso novo Servi\u00e7o de \u00d3culos, agora pode desfrutar de uma vis\u00e3o n\u00edtida e confort\u00e1vel, sem complica\u00e7\u00f5es.<\/span><\/p>\t\t\t\t\t\t<\/div>\n\t\t\t\t<\/div>\n\t\t\t\t<div class=\"elementor-element elementor-element-0866638 elementor-hidden-desktop elementor-hidden-tablet elementor-hidden-mobile dce_masking-none elementor-widget elementor-widget-image\" data-id=\"0866638\" data-element_type=\"widget\" data-widget_type=\"image.default\">\n\t\t\t\t<div class=\"elementor-widget-container\">\n\t\t\t\t\t\t\t\t\t\t\t\t\t<img fetchpriority=\"high\" decoding=\"async\" width=\"2419\" height=\"1612\" src=\"https:\/\/sunshinehospitals.co.mz\/wp-content\/uploads\/2024\/03\/oculus.jpg\" class=\"attachment-full size-full wp-image-3981\" alt=\"\" srcset=\"https:\/\/sunshinehospitals.co.mz\/wp-content\/uploads\/2024\/03\/oculus.jpg 2419w, https:\/\/sunshinehospitals.co.mz\/wp-content\/uploads\/2024\/03\/oculus-300x200.jpg 300w, https:\/\/sunshinehospitals.co.mz\/wp-content\/uploads\/2024\/03\/oculus-1024x682.jpg 1024w, https:\/\/sunshinehospitals.co.mz\/wp-content\/uploads\/2024\/03\/oculus-768x512.jpg 768w, https:\/\/sunshinehospitals.co.mz\/wp-content\/uploads\/2024\/03\/oculus-1536x1024.jpg 1536w, https:\/\/sunshinehospitals.co.mz\/wp-content\/uploads\/2024\/03\/oculus-2048x1365.jpg 2048w\" sizes=\"(max-width: 2419px) 100vw, 2419px\" \/>\t\t\t\t\t\t\t\t\t\t\t\t\t<\/div>\n\t\t\t\t<\/div>\n\t\t\t\t\t<\/div>\n\t\t\t\t<\/div>\n\t\t\t\t<\/div>\n\t\t\t\t\t<\/div>\n\t\t\t\t<\/div>\n\t\t<div class=\"elementor-element elementor-element-304a9ee9 e-flex e-con-boxed e-con e-parent\" data-id=\"304a9ee9\" data-element_type=\"container\" data-settings=\"{&quot;background_background&quot;:&quot;classic&quot;}\">\n\t\t\t\t\t<div class=\"e-con-inner\">\n\t\t\t\t<div class=\"elementor-element elementor-element-4508618c elementor-widget elementor-widget-heading\" data-id=\"4508618c\" data-element_type=\"widget\" data-widget_type=\"heading.default\">\n\t\t\t\t<div class=\"elementor-widget-container\">\n\t\t\t<h2 class=\"elementor-heading-title elementor-size-large\">Contacte-nos<\/h2>\t\t<\/div>\n\t\t\t\t<\/div>\n\t\t<div class=\"elementor-element elementor-element-164cda2c e-flex e-con-boxed e-con e-child\" data-id=\"164cda2c\" data-element_type=\"container\">\n\t\t\t\t\t<div class=\"e-con-inner\">\n\t\t<div class=\"elementor-element elementor-element-181a089b e-flex e-con-boxed e-con e-child\" data-id=\"181a089b\" data-element_type=\"container\">\n\t\t\t\t\t<div class=\"e-con-inner\">\n\t\t\t\t<div class=\"elementor-element elementor-element-4cf100c9 elementor-align-center elementor-widget elementor-widget-button\" data-id=\"4cf100c9\" data-element_type=\"widget\" data-widget_type=\"button.default\">\n\t\t\t\t<div class=\"elementor-widget-container\">\n\t\t\t\t\t\t\t<div class=\"elementor-button-wrapper\">\n\t\t\t\t\t<a class=\"elementor-button elementor-button-link elementor-size-sm\" href=\"https:\/\/sunshinehospitals.co.mz\/book-an-appointment\/\">\n\t\t\t\t\t\t<span class=\"elementor-button-content-wrapper\">\n\t\t\t\t\t\t\t\t\t<span class=\"elementor-button-text\">Marque uma consulta<\/span>\n\t\t\t\t\t<\/span>\n\t\t\t\t\t<\/a>\n\t\t\t\t<\/div>\n\t\t\t\t\t\t<\/div>\n\t\t\t\t<\/div>\n\t\t\t\t\t<\/div>\n\t\t\t\t<\/div>\n\t\t<div class=\"elementor-element elementor-element-57bb4b91 e-flex e-con-boxed e-con e-child\" data-id=\"57bb4b91\" data-element_type=\"container\">\n\t\t\t\t\t<div class=\"e-con-inner\">\n\t\t\t\t<div class=\"elementor-element elementor-element-67fb6c6f elementor-align-center elementor-widget elementor-widget-button\" data-id=\"67fb6c6f\" data-element_type=\"widget\" data-widget_type=\"button.default\">\n\t\t\t\t<div class=\"elementor-widget-container\">\n\t\t\t\t\t\t\t<div class=\"elementor-button-wrapper\">\n\t\t\t\t\t<a class=\"elementor-button elementor-button-link elementor-size-sm\" href=\"https:\/\/sunshinehospitals.co.mz\/contact-us\/\">\n\t\t\t\t\t\t<span class=\"elementor-button-content-wrapper\">\n\t\t\t\t\t\t\t\t\t<span class=\"elementor-button-text\">Fa\u00e7a um pedido<\/span>\n\t\t\t\t\t<\/span>\n\t\t\t\t\t<\/a>\n\t\t\t\t<\/div>\n\t\t\t\t\t\t<\/div>\n\t\t\t\t<\/div>\n\t\t\t\t\t<\/div>\n\t\t\t\t<\/div>\n\t\t\t\t\t<\/div>\n\t\t\t\t<\/div>\n\t\t\t\t\t<\/div>\n\t\t\t\t<\/div>\n\t\t\t\t<\/div>","protected":false},"excerpt":{"rendered":"<p>Servi\u00e7o de Optometria Sobre o Servi\u00e7o de Optometria Uma boa vis\u00e3o ajuda voc\u00ea a ter o melhor desempenho, seja lendo, trabalhando, dirigindo ou aproveitando momentos com a fam\u00edlia e os amigos. No Sunshine Hospitals, entendemos a import\u00e2ncia de uma vis\u00e3o n\u00edtida para a sua qualidade de vida. Por isso, temos o prazer de anunciar que os servi\u00e7os de optometria agora est\u00e3o dispon\u00edveis aqui mesmo [\u2026]<\/p>","protected":false},"author":1,"featured_media":1293,"parent":68,"menu_order":0,"comment_status":"closed","ping_status":"closed","template":"","meta":{"footnotes":""},"class_list":["post-1282","page","type-page","status-publish","has-post-thumbnail","hentry"],"yoast_head":"<!-- This site is optimized with the Yoast SEO plugin v26.3 - https:\/\/yoast.com\/wordpress\/plugins\/seo\/ -->\n<title>Service of Oculus - Sunshine Hospitals<\/title>\n<meta name=\"robots\" content=\"index, follow, max-snippet:-1, max-image-preview:large, max-video-preview:-1\" \/>\n<link rel=\"canonical\" href=\"https:\/\/sunshinehospitals.co.mz\/pt\/specialities\/service-of-oculus\/\" \/>\n<meta property=\"og:locale\" content=\"pt_PT\" \/>\n<meta property=\"og:type\" content=\"article\" \/>\n<meta property=\"og:title\" content=\"Service of Oculus - Sunshine Hospitals\" \/>\n<meta property=\"og:description\" content=\"Service of Oculus About the Optometric Service Good vision helps you perform your best; whether you\u2019re reading, working, driving, or enjoying time with family and friends. At Sunshine Hospitals, we understand how important clear eyesight is to your quality of life. That\u2019s why we\u2019re pleased to announce that optical services are now available right here [&hellip;]\" \/>\n<meta property=\"og:url\" content=\"https:\/\/sunshinehospitals.co.mz\/pt\/specialities\/service-of-oculus\/\" \/>\n<meta property=\"og:site_name\" content=\"Sunshine Hospitals\" \/>\n<meta property=\"article:publisher\" content=\"https:\/\/www.facebook.com\/893375397373189?ref=embed_page\" \/>\n<meta property=\"article:modified_time\" content=\"2025-10-29T06:37:58+00:00\" \/>\n<meta property=\"og:image\" content=\"https:\/\/sunshinehospitals.co.mz\/wp-content\/uploads\/2024\/01\/Service-of-Oculus.jpg\" \/>\n\t<meta property=\"og:image:width\" content=\"322\" \/>\n\t<meta property=\"og:image:height\" content=\"243\" \/>\n\t<meta property=\"og:image:type\" content=\"image\/jpeg\" \/>\n<meta name=\"twitter:card\" content=\"summary_large_image\" \/>\n<meta name=\"twitter:label1\" content=\"Tempo estimado de leitura\" \/>\n\t<meta name=\"twitter:data1\" content=\"2 minutos\" \/>\n<script type=\"application\/ld+json\" class=\"yoast-schema-graph\">{\"@context\":\"https:\/\/schema.org\",\"@graph\":[{\"@type\":\"WebPage\",\"@id\":\"https:\/\/sunshinehospitals.co.mz\/specialities\/service-of-oculus\/\",\"url\":\"https:\/\/sunshinehospitals.co.mz\/specialities\/service-of-oculus\/\",\"name\":\"Service of Oculus - Sunshine Hospitals\",\"isPartOf\":{\"@id\":\"https:\/\/sunshinehospitals.co.mz\/#website\"},\"primaryImageOfPage\":{\"@id\":\"https:\/\/sunshinehospitals.co.mz\/specialities\/service-of-oculus\/#primaryimage\"},\"image\":{\"@id\":\"https:\/\/sunshinehospitals.co.mz\/specialities\/service-of-oculus\/#primaryimage\"},\"thumbnailUrl\":\"https:\/\/sunshinehospitals.co.mz\/wp-content\/uploads\/2024\/01\/Service-of-Oculus.jpg\",\"datePublished\":\"2024-01-30T07:16:57+00:00\",\"dateModified\":\"2025-10-29T06:37:58+00:00\",\"breadcrumb\":{\"@id\":\"https:\/\/sunshinehospitals.co.mz\/specialities\/service-of-oculus\/#breadcrumb\"},\"inLanguage\":\"pt-PT\",\"potentialAction\":[{\"@type\":\"ReadAction\",\"target\":[\"https:\/\/sunshinehospitals.co.mz\/specialities\/service-of-oculus\/\"]}]},{\"@type\":\"ImageObject\",\"inLanguage\":\"pt-PT\",\"@id\":\"https:\/\/sunshinehospitals.co.mz\/specialities\/service-of-oculus\/#primaryimage\",\"url\":\"https:\/\/sunshinehospitals.co.mz\/wp-content\/uploads\/2024\/01\/Service-of-Oculus.jpg\",\"contentUrl\":\"https:\/\/sunshinehospitals.co.mz\/wp-content\/uploads\/2024\/01\/Service-of-Oculus.jpg\",\"width\":322,\"height\":243},{\"@type\":\"BreadcrumbList\",\"@id\":\"https:\/\/sunshinehospitals.co.mz\/specialities\/service-of-oculus\/#breadcrumb\",\"itemListElement\":[{\"@type\":\"ListItem\",\"position\":1,\"name\":\"Home\",\"item\":\"https:\/\/sunshinehospitals.co.mz\/\"},{\"@type\":\"ListItem\",\"position\":2,\"name\":\"Specialities\",\"item\":\"https:\/\/sunshinehospitals.co.mz\/specialities\/\"},{\"@type\":\"ListItem\",\"position\":3,\"name\":\"Service of Oculus\"}]},{\"@type\":\"WebSite\",\"@id\":\"https:\/\/sunshinehospitals.co.mz\/#website\",\"url\":\"https:\/\/sunshinehospitals.co.mz\/\",\"name\":\"Sunshine Hospitals\",\"description\":\"Best HealthCare Hospital Services in Matola, Mozambique - Sunshine Hospitals | Maputo Central Hospital | Multi-Specialty Hospital in Matola, Mozambique\",\"publisher\":{\"@id\":\"https:\/\/sunshinehospitals.co.mz\/#organization\"},\"potentialAction\":[{\"@type\":\"SearchAction\",\"target\":{\"@type\":\"EntryPoint\",\"urlTemplate\":\"https:\/\/sunshinehospitals.co.mz\/?s={search_term_string}\"},\"query-input\":{\"@type\":\"PropertyValueSpecification\",\"valueRequired\":true,\"valueName\":\"search_term_string\"}}],\"inLanguage\":\"pt-PT\"},{\"@type\":\"Organization\",\"@id\":\"https:\/\/sunshinehospitals.co.mz\/#organization\",\"name\":\"Sunshine Hospitals\",\"url\":\"https:\/\/sunshinehospitals.co.mz\/\",\"logo\":{\"@type\":\"ImageObject\",\"inLanguage\":\"pt-PT\",\"@id\":\"https:\/\/sunshinehospitals.co.mz\/#\/schema\/logo\/image\/\",\"url\":\"https:\/\/sunshinehospitals.co.mz\/wp-content\/uploads\/2024\/01\/SUNSHINE-HOSPITALS-LOGO-e1708194969685.png\",\"contentUrl\":\"https:\/\/sunshinehospitals.co.mz\/wp-content\/uploads\/2024\/01\/SUNSHINE-HOSPITALS-LOGO-e1708194969685.png\",\"width\":500,\"height\":58,\"caption\":\"Sunshine Hospitals\"},\"image\":{\"@id\":\"https:\/\/sunshinehospitals.co.mz\/#\/schema\/logo\/image\/\"},\"sameAs\":[\"https:\/\/www.facebook.com\/893375397373189?ref=embed_page\",\"https:\/\/www.instagram.com\/sunshine_hospitals\/\"]}]}<\/script>\n<!-- \/ Yoast SEO plugin. -->","yoast_head_json":{"title":"Servi\u00e7o de Oculus - Hospitais Sunshine","robots":{"index":"index","follow":"follow","max-snippet":"max-snippet:-1","max-image-preview":"max-image-preview:large","max-video-preview":"max-video-preview:-1"},"canonical":"https:\/\/sunshinehospitals.co.mz\/pt\/specialities\/service-of-oculus\/","og_locale":"pt_PT","og_type":"article","og_title":"Service of Oculus - Sunshine Hospitals","og_description":"Service of Oculus About the Optometric Service Good vision helps you perform your best; whether you\u2019re reading, working, driving, or enjoying time with family and friends. At Sunshine Hospitals, we understand how important clear eyesight is to your quality of life. That\u2019s why we\u2019re pleased to announce that optical services are now available right here [&hellip;]","og_url":"https:\/\/sunshinehospitals.co.mz\/pt\/specialities\/service-of-oculus\/","og_site_name":"Sunshine Hospitals","article_publisher":"https:\/\/www.facebook.com\/893375397373189?ref=embed_page","article_modified_time":"2025-10-29T06:37:58+00:00","og_image":[{"width":322,"height":243,"url":"https:\/\/sunshinehospitals.co.mz\/wp-content\/uploads\/2024\/01\/Service-of-Oculus.jpg","type":"image\/jpeg"}],"twitter_card":"summary_large_image","twitter_misc":{"Tempo estimado de leitura":"2 minutos"},"schema":{"@context":"https:\/\/schema.org","@graph":[{"@type":"WebPage","@id":"https:\/\/sunshinehospitals.co.mz\/specialities\/service-of-oculus\/","url":"https:\/\/sunshinehospitals.co.mz\/specialities\/service-of-oculus\/","name":"Servi\u00e7o de Oculus - Hospitais Sunshine","isPartOf":{"@id":"https:\/\/sunshinehospitals.co.mz\/#website"},"primaryImageOfPage":{"@id":"https:\/\/sunshinehospitals.co.mz\/specialities\/service-of-oculus\/#primaryimage"},"image":{"@id":"https:\/\/sunshinehospitals.co.mz\/specialities\/service-of-oculus\/#primaryimage"},"thumbnailUrl":"https:\/\/sunshinehospitals.co.mz\/wp-content\/uploads\/2024\/01\/Service-of-Oculus.jpg","datePublished":"2024-01-30T07:16:57+00:00","dateModified":"2025-10-29T06:37:58+00:00","breadcrumb":{"@id":"https:\/\/sunshinehospitals.co.mz\/specialities\/service-of-oculus\/#breadcrumb"},"inLanguage":"pt-PT","potentialAction":[{"@type":"ReadAction","target":["https:\/\/sunshinehospitals.co.mz\/specialities\/service-of-oculus\/"]}]},{"@type":"ImageObject","inLanguage":"pt-PT","@id":"https:\/\/sunshinehospitals.co.mz\/specialities\/service-of-oculus\/#primaryimage","url":"https:\/\/sunshinehospitals.co.mz\/wp-content\/uploads\/2024\/01\/Service-of-Oculus.jpg","contentUrl":"https:\/\/sunshinehospitals.co.mz\/wp-content\/uploads\/2024\/01\/Service-of-Oculus.jpg","width":322,"height":243},{"@type":"BreadcrumbList","@id":"https:\/\/sunshinehospitals.co.mz\/specialities\/service-of-oculus\/#breadcrumb","itemListElement":[{"@type":"ListItem","position":1,"name":"Home","item":"https:\/\/sunshinehospitals.co.mz\/"},{"@type":"ListItem","position":2,"name":"Specialities","item":"https:\/\/sunshinehospitals.co.mz\/specialities\/"},{"@type":"ListItem","position":3,"name":"Service of Oculus"}]},{"@type":"WebSite","@id":"https:\/\/sunshinehospitals.co.mz\/#website","url":"https:\/\/sunshinehospitals.co.mz\/","name":"Sunshine Hospitals","description":"Melhores Servi\u00e7os Hospitalares de Sa\u00fade em Matola, Mo\u00e7ambique - Sunshine Hospitals | Hospital Central de Maputo | Hospital Multi-Especialidades em Matola, Mo\u00e7ambique","publisher":{"@id":"https:\/\/sunshinehospitals.co.mz\/#organization"},"potentialAction":[{"@type":"SearchAction","target":{"@type":"EntryPoint","urlTemplate":"https:\/\/sunshinehospitals.co.mz\/?s={search_term_string}"},"query-input":{"@type":"PropertyValueSpecification","valueRequired":true,"valueName":"search_term_string"}}],"inLanguage":"pt-PT"},{"@type":"Organization","@id":"https:\/\/sunshinehospitals.co.mz\/#organization","name":"Sunshine Hospitals","url":"https:\/\/sunshinehospitals.co.mz\/","logo":{"@type":"ImageObject","inLanguage":"pt-PT","@id":"https:\/\/sunshinehospitals.co.mz\/#\/schema\/logo\/image\/","url":"https:\/\/sunshinehospitals.co.mz\/wp-content\/uploads\/2024\/01\/SUNSHINE-HOSPITALS-LOGO-e1708194969685.png","contentUrl":"https:\/\/sunshinehospitals.co.mz\/wp-content\/uploads\/2024\/01\/SUNSHINE-HOSPITALS-LOGO-e1708194969685.png","width":500,"height":58,"caption":"Sunshine Hospitals"},"image":{"@id":"https:\/\/sunshinehospitals.co.mz\/#\/schema\/logo\/image\/"},"sameAs":["https:\/\/www.facebook.com\/893375397373189?ref=embed_page","https:\/\/www.instagram.com\/sunshine_hospitals\/"]}]}},"_links":{"self":[{"href":"https:\/\/sunshinehospitals.co.mz\/pt\/wp-json\/wp\/v2\/pages\/1282","targetHints":{"allow":["GET"]}}],"collection":[{"href":"https:\/\/sunshinehospitals.co.mz\/pt\/wp-json\/wp\/v2\/pages"}],"about":[{"href":"https:\/\/sunshinehospitals.co.mz\/pt\/wp-json\/wp\/v2\/types\/page"}],"author":[{"embeddable":true,"href":"https:\/\/sunshinehospitals.co.mz\/pt\/wp-json\/wp\/v2\/users\/1"}],"replies":[{"embeddable":true,"href":"https:\/\/sunshinehospitals.co.mz\/pt\/wp-json\/wp\/v2\/comments?post=1282"}],"version-history":[{"count":48,"href":"https:\/\/sunshinehospitals.co.mz\/pt\/wp-json\/wp\/v2\/pages\/1282\/revisions"}],"predecessor-version":[{"id":6046,"href":"https:\/\/sunshinehospitals.co.mz\/pt\/wp-json\/wp\/v2\/pages\/1282\/revisions\/6046"}],"up":[{"embeddable":true,"href":"https:\/\/sunshinehospitals.co.mz\/pt\/wp-json\/wp\/v2\/pages\/68"}],"wp:featuredmedia":[{"embeddable":true,"href":"https:\/\/sunshinehospitals.co.mz\/pt\/wp-json\/wp\/v2\/media\/1293"}],"wp:attachment":[{"href":"https:\/\/sunshinehospitals.co.mz\/pt\/wp-json\/wp\/v2\/media?parent=1282"}],"curies":[{"name":"wp","href":"https:\/\/api.w.org\/{rel}","templated":true}]}}